{"id":98,"date":"2016-04-22T14:00:29","date_gmt":"2016-04-22T12:00:29","guid":{"rendered":"https:\/\/tiszalucihorgasz.hu\/?page_id=98"},"modified":"2023-03-16T09:54:22","modified_gmt":"2023-03-16T08:54:22","slug":"telepitesi-informaciok","status":"publish","type":"page","link":"https:\/\/tiszalucihorgasz.hu\/index.php\/telepitesi-informaciok\/","title":{"rendered":"Telep\u00edt\u00e9si inform\u00e1ci\u00f3k"},"content":{"rendered":"<div class=\"x11i5rnm xat24cr x1mh8g0r x1vvkbs xdj266r x126k92a\">\n<div dir=\"auto\">TELEP\u00cdT\u00c9S 2023.03.13.<\/div>\n<\/div>\n<div class=\"x11i5rnm xat24cr x1mh8g0r x1vvkbs xtlvy1s x126k92a\">\n<div dir=\"auto\">A mai napon 4 000 kg h\u00e1romnyaras ponty (\u00e1tlags\u00faly kb. 3 kg\/db) kihelyez\u00e9se t\u00f6rt\u00e9nt meg a Tiszal\u00faci Holt-Tisza \u00dcd\u00fcl\u0151telep szakasz\u00e1n.<\/div>\n<\/div>\n<div dir=\"auto\">\u00a0<\/div>\n<div dir=\"auto\">\u00a0<\/div>\n\n\n<figure class=\"wp-block-gallery has-nested-images columns-default is-cropped wp-block-gallery-1 is-layout-flex wp-block-gallery-is-layout-flex\">\n<figure class=\"wp-block-image size-large\"><img loading=\"lazy\" decoding=\"async\" width=\"355\" height=\"768\" data-id=\"2060\" src=\"https:\/\/tiszalucihorgasz.hu\/wp-content\/uploads\/2023\/03\/335658696_1253320268591974_7010734954159273709_n-1-355x768.jpg\" alt=\"\" class=\"wp-image-2060\" srcset=\"https:\/\/tiszalucihorgasz.hu\/wp-content\/uploads\/2023\/03\/335658696_1253320268591974_7010734954159273709_n-1-355x768.jpg 355w, https:\/\/tiszalucihorgasz.hu\/wp-content\/uploads\/2023\/03\/335658696_1253320268591974_7010734954159273709_n-1-111x240.jpg 111w, https:\/\/tiszalucihorgasz.hu\/wp-content\/uploads\/2023\/03\/335658696_1253320268591974_7010734954159273709_n-1-768x1663.jpg 768w, https:\/\/tiszalucihorgasz.hu\/wp-content\/uploads\/2023\/03\/335658696_1253320268591974_7010734954159273709_n-1-710x1536.jpg 710w, https:\/\/tiszalucihorgasz.hu\/wp-content\/uploads\/2023\/03\/335658696_1253320268591974_7010734954159273709_n-1.jpg 946w\" sizes=\"auto, (max-width: 355px) 100vw, 355px\" \/><\/figure>\n\n\n\n<figure class=\"wp-block-image\"><img decoding=\"async\" src=\"blob:https:\/\/tiszalucihorgasz.hu\/1745fca5-00fd-4fe2-b632-2b98e12b9e4b\" alt=\"\"\/><\/figure>\n\n\n\n<figure class=\"wp-block-image\"><img decoding=\"async\" src=\"blob:https:\/\/tiszalucihorgasz.hu\/0198d7c9-1afc-4188-a6a2-73d0bbcdf90b\" alt=\"\"\/><\/figure>\n\n\n\n<figure class=\"wp-block-image\"><img decoding=\"async\" src=\"blob:https:\/\/tiszalucihorgasz.hu\/66d009ee-09cf-4c3a-87be-8a06030c2b30\" alt=\"\"\/><\/figure>\n<\/figure>\n","protected":false},"excerpt":{"rendered":"<p>TELEP\u00cdT\u00c9S 2023.03.13. A mai napon 4 000 kg h\u00e1romnyaras ponty (\u00e1tlags\u00faly kb. 3 kg\/db) kihelyez\u00e9se t\u00f6rt\u00e9nt meg a Tiszal\u00faci Holt-Tisza \u00dcd\u00fcl\u0151telep szakasz\u00e1n. \u00a0 \u00a0<\/p>\n","protected":false},"author":1,"featured_media":0,"parent":0,"menu_order":0,"comment_status":"closed","ping_status":"closed","template":"","meta":{"footnotes":""},"class_list":["post-98","page","type-page","status-publish","hentry"],"_links":{"self":[{"href":"https:\/\/tiszalucihorgasz.hu\/index.php\/wp-json\/wp\/v2\/pages\/98","targetHints":{"allow":["GET"]}}],"collection":[{"href":"https:\/\/tiszalucihorgasz.hu\/index.php\/wp-json\/wp\/v2\/pages"}],"about":[{"href":"https:\/\/tiszalucihorgasz.hu\/index.php\/wp-json\/wp\/v2\/types\/page"}],"author":[{"embeddable":true,"href":"https:\/\/tiszalucihorgasz.hu\/index.php\/wp-json\/wp\/v2\/users\/1"}],"replies":[{"embeddable":true,"href":"https:\/\/tiszalucihorgasz.hu\/index.php\/wp-json\/wp\/v2\/comments?post=98"}],"version-history":[{"count":5,"href":"https:\/\/tiszalucihorgasz.hu\/index.php\/wp-json\/wp\/v2\/pages\/98\/revisions"}],"predecessor-version":[{"id":2065,"href":"https:\/\/tiszalucihorgasz.hu\/index.php\/wp-json\/wp\/v2\/pages\/98\/revisions\/2065"}],"wp:attachment":[{"href":"https:\/\/tiszalucihorgasz.hu\/index.php\/wp-json\/wp\/v2\/media?parent=98"}],"curies":[{"name":"wp","href":"https:\/\/api.w.org\/{rel}","templated":true}]}}