{"id":7,"date":"2016-03-24T18:42:49","date_gmt":"2016-03-24T18:42:49","guid":{"rendered":"https:\/\/tiszalucihorgasz.hu\/?page_id=7"},"modified":"2022-02-24T16:12:15","modified_gmt":"2022-02-24T15:12:15","slug":"horgaszverseny","status":"publish","type":"page","link":"https:\/\/tiszalucihorgasz.hu\/index.php\/horgaszverseny\/","title":{"rendered":"Horg\u00e1szverseny"},"content":{"rendered":"<p>\u00a0<\/p>\n<p>2022. Horg\u00e1szverseny ki\u00edr\u00e1sok:<\/p>\n<p>\u00a0<\/p>\n\n<a href=\"https:\/\/tiszalucihorgasz.hu\/wp-content\/uploads\/2022\/02\/2022-X.-Nyari-Pontyfogo-Kupa-Versenykiiras.pdf\" class=\"pdfemb-viewer\" style=\"\" data-width=\"max\" data-height=\"max\" data-toolbar=\"top\" data-toolbar-fixed=\"on\">2022-X.-Nyari-Pontyfogo-Kupa-Versenykiiras<\/a>\n<p class=\"wp-block-pdfemb-pdf-embedder-viewer\"><\/p>\n\n\n<a href=\"https:\/\/tiszalucihorgasz.hu\/wp-content\/uploads\/2022\/02\/2022-XI.-Tavaszi-Pontyfogo-Kupa-Versenykiiras.pdf\" class=\"pdfemb-viewer\" style=\"\" data-width=\"max\" data-height=\"max\" data-toolbar=\"top\" data-toolbar-fixed=\"on\">2022-XI.-Tavaszi-Pontyfogo-Kupa-Versenykiiras<\/a>\n<p class=\"wp-block-pdfemb-pdf-embedder-viewer\"><\/p>\n\n\n<a href=\"https:\/\/tiszalucihorgasz.hu\/wp-content\/uploads\/2022\/02\/2022-XII.-Tiszaluci-Pontyfogo-Kupa-Versenykiiras.pdf\" class=\"pdfemb-viewer\" style=\"\" data-width=\"max\" data-height=\"max\" data-toolbar=\"top\" data-toolbar-fixed=\"on\">2022-XII.-Tiszaluci-Pontyfogo-Kupa-Versenykiiras<\/a>\n<p class=\"wp-block-pdfemb-pdf-embedder-viewer\"><\/p>\n\n\n<a href=\"https:\/\/tiszalucihorgasz.hu\/wp-content\/uploads\/2022\/02\/II.-Tiszaluci-Feeder-Kupa-Versenykiiras-2022.pdf\" class=\"pdfemb-viewer\" style=\"\" data-width=\"max\" data-height=\"max\" data-toolbar=\"top\" data-toolbar-fixed=\"on\">II.-Tiszaluci-Feeder-Kupa-Versenykiiras-2022<\/a>\n<p class=\"wp-block-pdfemb-pdf-embedder-viewer\"><\/p>\n\n\n<a href=\"https:\/\/tiszalucihorgasz.hu\/wp-content\/uploads\/2022\/02\/2022-XII.-Tiszaluci-Pergeto-Kupa-Versenykiiras.pdf\" class=\"pdfemb-viewer\" style=\"\" data-width=\"max\" data-height=\"max\" data-toolbar=\"top\" data-toolbar-fixed=\"on\">2022-XII.-Tiszaluci-Pergeto-Kupa-Versenykiiras<\/a>\n<p class=\"wp-block-pdfemb-pdf-embedder-viewer\"><\/p>\n\n\n<a href=\"https:\/\/tiszalucihorgasz.hu\/wp-content\/uploads\/2022\/02\/II.-TISZALUCI-METHOD-FEEDER-KUPA-2022.pdf\" class=\"pdfemb-viewer\" style=\"\" data-width=\"max\" data-height=\"max\" data-toolbar=\"top\" data-toolbar-fixed=\"on\">II.-TISZALUCI-METHOD-FEEDER-KUPA-2022<\/a>\n<p class=\"wp-block-pdfemb-pdf-embedder-viewer\"><\/p>\n\n\n<a href=\"https:\/\/tiszalucihorgasz.hu\/wp-content\/uploads\/2022\/02\/XVI.-Baranyszegi-Hagyomanyorzo-Horgaszverseny-2022.pdf\" class=\"pdfemb-viewer\" style=\"\" data-width=\"max\" data-height=\"max\" data-toolbar=\"top\" data-toolbar-fixed=\"on\">XVI.-Baranyszegi-Hagyomanyorzo-Horgaszverseny-2022<\/a>\n<p class=\"wp-block-pdfemb-pdf-embedder-viewer\"><\/p>\n\n\n<a href=\"https:\/\/tiszalucihorgasz.hu\/wp-content\/uploads\/2022\/02\/Torpeharcsa-fogo-versenykiiras-2022.pdf\" class=\"pdfemb-viewer\" style=\"\" data-width=\"max\" data-height=\"max\" data-toolbar=\"top\" data-toolbar-fixed=\"on\">Torpeharcsa-fogo-versenykiiras-2022<\/a>\n<p class=\"wp-block-pdfemb-pdf-embedder-viewer\"><\/p>\n\n\n<a href=\"https:\/\/tiszalucihorgasz.hu\/wp-content\/uploads\/2022\/02\/2022-Egyesuleti-horgaszverseny-Versenykiiras.pdf\" class=\"pdfemb-viewer\" style=\"\" data-width=\"max\" data-height=\"max\" data-toolbar=\"top\" data-toolbar-fixed=\"on\">2022-Egyesuleti-horgaszverseny-Versenykiiras<\/a>\n<p class=\"wp-block-pdfemb-pdf-embedder-viewer\"><\/p>\n","protected":false},"excerpt":{"rendered":"<p>\u00a0 2022. Horg\u00e1szverseny ki\u00edr\u00e1sok: \u00a0<\/p>\n","protected":false},"author":1,"featured_media":0,"parent":0,"menu_order":0,"comment_status":"closed","ping_status":"closed","template":"","meta":{"footnotes":""},"class_list":["post-7","page","type-page","status-publish","hentry"],"_links":{"self":[{"href":"https:\/\/tiszalucihorgasz.hu\/index.php\/wp-json\/wp\/v2\/pages\/7","targetHints":{"allow":["GET"]}}],"collection":[{"href":"https:\/\/tiszalucihorgasz.hu\/index.php\/wp-json\/wp\/v2\/pages"}],"about":[{"href":"https:\/\/tiszalucihorgasz.hu\/index.php\/wp-json\/wp\/v2\/types\/page"}],"author":[{"embeddable":true,"href":"https:\/\/tiszalucihorgasz.hu\/index.php\/wp-json\/wp\/v2\/users\/1"}],"replies":[{"embeddable":true,"href":"https:\/\/tiszalucihorgasz.hu\/index.php\/wp-json\/wp\/v2\/comments?post=7"}],"version-history":[{"count":9,"href":"https:\/\/tiszalucihorgasz.hu\/index.php\/wp-json\/wp\/v2\/pages\/7\/revisions"}],"predecessor-version":[{"id":1598,"href":"https:\/\/tiszalucihorgasz.hu\/index.php\/wp-json\/wp\/v2\/pages\/7\/revisions\/1598"}],"wp:attachment":[{"href":"https:\/\/tiszalucihorgasz.hu\/index.php\/wp-json\/wp\/v2\/media?parent=7"}],"curies":[{"name":"wp","href":"https:\/\/api.w.org\/{rel}","templated":true}]}}