{"id":62,"date":"2016-04-07T20:20:45","date_gmt":"2016-04-07T18:20:45","guid":{"rendered":"https:\/\/tiszalucihorgasz.hu\/?page_id=62"},"modified":"2026-04-02T08:48:22","modified_gmt":"2026-04-02T06:48:22","slug":"jegyarak","status":"publish","type":"page","link":"https:\/\/tiszalucihorgasz.hu\/index.php\/jegyarak\/","title":{"rendered":"Jegy\u00e1rak"},"content":{"rendered":"<p class=\"p1\"><span class=\"s1\">Azon tagok, akik a k\u00f6rnyezetv\u00e9delmi nap(ok)on r\u00e9szt vesznek 5%\/alkalom kedvezm\u00e9nyt kapnak a 2026. \u00e9vi ter\u00fcleti enged\u00e9lyb\u0151l.<\/span><\/p>\n<\/p>\n\n\n\n\n<div data-wp-interactive=\"core\/file\" class=\"wp-block-file\"><object data-wp-bind--hidden=\"!state.hasPdfPreview\" hidden class=\"wp-block-file__embed\" data=\"https:\/\/tiszalucihorgasz.hu\/wp-content\/uploads\/2026\/04\/jegyarak-2026.pdf\" type=\"application\/pdf\" style=\"width:100%;height:1365px\" aria-label=\"jegy\u00e1rak 2026 be\u00e1gyaz\u00e1sa\"><\/object><a id=\"wp-block-file--media-5c8b4748-064b-42db-884e-688e00783996\" href=\"https:\/\/tiszalucihorgasz.hu\/wp-content\/uploads\/2026\/04\/jegyarak-2026.pdf\">jegy\u00e1rak 2026<\/a><a href=\"https:\/\/tiszalucihorgasz.hu\/wp-content\/uploads\/2026\/04\/jegyarak-2026.pdf\" class=\"wp-block-file__button wp-element-button\" download aria-describedby=\"wp-block-file--media-5c8b4748-064b-42db-884e-688e00783996\">Let\u00f6lt\u00e9s<\/a><\/div>\n","protected":false},"excerpt":{"rendered":"<p>Azon tagok, akik a k\u00f6rnyezetv\u00e9delmi nap(ok)on r\u00e9szt vesznek 5%\/alkalom kedvezm\u00e9nyt kapnak a 2026. \u00e9vi ter\u00fcleti enged\u00e9lyb\u0151l.<\/p>\n","protected":false},"author":1,"featured_media":0,"parent":0,"menu_order":0,"comment_status":"closed","ping_status":"closed","template":"","meta":{"footnotes":""},"class_list":["post-62","page","type-page","status-publish","hentry"],"_links":{"self":[{"href":"https:\/\/tiszalucihorgasz.hu\/index.php\/wp-json\/wp\/v2\/pages\/62","targetHints":{"allow":["GET"]}}],"collection":[{"href":"https:\/\/tiszalucihorgasz.hu\/index.php\/wp-json\/wp\/v2\/pages"}],"about":[{"href":"https:\/\/tiszalucihorgasz.hu\/index.php\/wp-json\/wp\/v2\/types\/page"}],"author":[{"embeddable":true,"href":"https:\/\/tiszalucihorgasz.hu\/index.php\/wp-json\/wp\/v2\/users\/1"}],"replies":[{"embeddable":true,"href":"https:\/\/tiszalucihorgasz.hu\/index.php\/wp-json\/wp\/v2\/comments?post=62"}],"version-history":[{"count":33,"href":"https:\/\/tiszalucihorgasz.hu\/index.php\/wp-json\/wp\/v2\/pages\/62\/revisions"}],"predecessor-version":[{"id":3520,"href":"https:\/\/tiszalucihorgasz.hu\/index.php\/wp-json\/wp\/v2\/pages\/62\/revisions\/3520"}],"wp:attachment":[{"href":"https:\/\/tiszalucihorgasz.hu\/index.php\/wp-json\/wp\/v2\/media?parent=62"}],"curies":[{"name":"wp","href":"https:\/\/api.w.org\/{rel}","templated":true}]}}