{"id":532,"date":"2017-03-29T20:11:37","date_gmt":"2017-03-29T18:11:37","guid":{"rendered":"https:\/\/tiszalucihorgasz.hu\/?page_id=532"},"modified":"2023-11-15T11:04:15","modified_gmt":"2023-11-15T10:04:15","slug":"telepites-2017","status":"publish","type":"page","link":"https:\/\/tiszalucihorgasz.hu\/index.php\/telepitesi-informaciok\/telepites-2017\/","title":{"rendered":"Telep\u00edt\u00e9s 2017"},"content":{"rendered":"<p>TELEP\u00cdT\u00c9SI BESZ\u00c1MOL\u00d3<\/p>\n<p>2017.05.22.-\u00e9n 2 000 kg lll. nyaras ponty \u00e9s 15 000 db. el\u0151nevelt fogass\u00fcll\u0151 ivad\u00e9k ker\u00fclt kihelyez\u00e9sre az Aranyponyt Hal\u00e1szati Zrt. \u00e1llom\u00e1ny\u00e1b\u00f3l a Tiszal\u00faci Holt-Tisza v\u00edzter\u00fcleten az al\u00e1bbi eloszt\u00e1s szerint:<\/p>\n<p>lll. nyaras ponty: &#8222;Nagy\u00f6rv\u00e9ny&#8221; 2 000 kg.<\/p>\n<div class=\"text_exposed_show\">\n<p>El\u0151nevelt fogass\u00fcll\u0151 ivad\u00e9k:<\/p>\n<p>\u00dcd\u00fcl\u0151telep: 3 000 db.<br \/>\n&#8222;Ak\u00e1cos&#8221;: 1 500 db.<br \/>\n&#8222;P\u00e9terke&#8221;: 1 500 db.<br \/>\n&#8222;Nagy\u00f6rv\u00e9ny&#8221;: 3 000 db.<br \/>\n&#8222;Sz\u0171kv\u00edz&#8221;: 1 500 db.<br \/>\n&#8222;Tusk\u00f3s&#8221;: 1 500 db<br \/>\nB\u00e1r\u00e1nyszeg: 3 000 db.<\/p>\n<p><img loading=\"lazy\" decoding=\"async\" class=\"aligncenter size-medium wp-image-633\" src=\"https:\/\/tiszalucihorgasz.hu\/wp-content\/uploads\/2017\/03\/18557262_1422341887808911_7665490340271746973_n-300x225.jpg\" alt=\"\" width=\"300\" height=\"225\" srcset=\"https:\/\/tiszalucihorgasz.hu\/wp-content\/uploads\/2017\/03\/18557262_1422341887808911_7665490340271746973_n-300x225.jpg 300w, https:\/\/tiszalucihorgasz.hu\/wp-content\/uploads\/2017\/03\/18557262_1422341887808911_7665490340271746973_n-768x576.jpg 768w, https:\/\/tiszalucihorgasz.hu\/wp-content\/uploads\/2017\/03\/18557262_1422341887808911_7665490340271746973_n.jpg 960w\" sizes=\"auto, (max-width: 300px) 100vw, 300px\" \/> <img loading=\"lazy\" decoding=\"async\" class=\"aligncenter size-medium wp-image-634\" src=\"https:\/\/tiszalucihorgasz.hu\/wp-content\/uploads\/2017\/03\/18557273_1422341804475586_8650695542002471196_n-225x300.jpg\" alt=\"\" width=\"225\" height=\"300\" srcset=\"https:\/\/tiszalucihorgasz.hu\/wp-content\/uploads\/2017\/03\/18557273_1422341804475586_8650695542002471196_n-225x300.jpg 225w, https:\/\/tiszalucihorgasz.hu\/wp-content\/uploads\/2017\/03\/18557273_1422341804475586_8650695542002471196_n.jpg 720w\" sizes=\"auto, (max-width: 225px) 100vw, 225px\" \/> <img loading=\"lazy\" decoding=\"async\" class=\"aligncenter size-medium wp-image-635\" src=\"https:\/\/tiszalucihorgasz.hu\/wp-content\/uploads\/2017\/03\/18557494_1422341731142260_5827591391987698453_n-300x225.jpg\" alt=\"\" width=\"300\" height=\"225\" srcset=\"https:\/\/tiszalucihorgasz.hu\/wp-content\/uploads\/2017\/03\/18557494_1422341731142260_5827591391987698453_n-300x225.jpg 300w, https:\/\/tiszalucihorgasz.hu\/wp-content\/uploads\/2017\/03\/18557494_1422341731142260_5827591391987698453_n-768x576.jpg 768w, https:\/\/tiszalucihorgasz.hu\/wp-content\/uploads\/2017\/03\/18557494_1422341731142260_5827591391987698453_n.jpg 960w\" sizes=\"auto, (max-width: 300px) 100vw, 300px\" \/> <img loading=\"lazy\" decoding=\"async\" class=\"aligncenter size-medium wp-image-636\" src=\"https:\/\/tiszalucihorgasz.hu\/wp-content\/uploads\/2017\/03\/18581614_1422341944475572_9113925572536793135_n-225x300.jpg\" alt=\"\" width=\"225\" height=\"300\" srcset=\"https:\/\/tiszalucihorgasz.hu\/wp-content\/uploads\/2017\/03\/18581614_1422341944475572_9113925572536793135_n-225x300.jpg 225w, https:\/\/tiszalucihorgasz.hu\/wp-content\/uploads\/2017\/03\/18581614_1422341944475572_9113925572536793135_n.jpg 720w\" sizes=\"auto, (max-width: 225px) 100vw, 225px\" \/> <img loading=\"lazy\" decoding=\"async\" class=\"aligncenter size-medium wp-image-637\" src=\"https:\/\/tiszalucihorgasz.hu\/wp-content\/uploads\/2017\/03\/18581950_1422342101142223_8499561292121651839_n-300x225.jpg\" alt=\"\" width=\"300\" height=\"225\" srcset=\"https:\/\/tiszalucihorgasz.hu\/wp-content\/uploads\/2017\/03\/18581950_1422342101142223_8499561292121651839_n-300x225.jpg 300w, https:\/\/tiszalucihorgasz.hu\/wp-content\/uploads\/2017\/03\/18581950_1422342101142223_8499561292121651839_n-768x576.jpg 768w, https:\/\/tiszalucihorgasz.hu\/wp-content\/uploads\/2017\/03\/18581950_1422342101142223_8499561292121651839_n.jpg 960w\" sizes=\"auto, (max-width: 300px) 100vw, 300px\" \/> <img loading=\"lazy\" decoding=\"async\" class=\"aligncenter size-medium wp-image-638\" src=\"https:\/\/tiszalucihorgasz.hu\/wp-content\/uploads\/2017\/03\/18582216_1422341974475569_8114894107060558054_n-225x300.jpg\" alt=\"\" width=\"225\" height=\"300\" srcset=\"https:\/\/tiszalucihorgasz.hu\/wp-content\/uploads\/2017\/03\/18582216_1422341974475569_8114894107060558054_n-225x300.jpg 225w, https:\/\/tiszalucihorgasz.hu\/wp-content\/uploads\/2017\/03\/18582216_1422341974475569_8114894107060558054_n.jpg 720w\" sizes=\"auto, (max-width: 225px) 100vw, 225px\" \/> <img loading=\"lazy\" decoding=\"async\" class=\"aligncenter size-medium wp-image-639\" src=\"https:\/\/tiszalucihorgasz.hu\/wp-content\/uploads\/2017\/03\/18582511_1422341677808932_8061216872800699893_n-225x300.jpg\" alt=\"\" width=\"225\" height=\"300\" srcset=\"https:\/\/tiszalucihorgasz.hu\/wp-content\/uploads\/2017\/03\/18582511_1422341677808932_8061216872800699893_n-225x300.jpg 225w, https:\/\/tiszalucihorgasz.hu\/wp-content\/uploads\/2017\/03\/18582511_1422341677808932_8061216872800699893_n.jpg 720w\" sizes=\"auto, (max-width: 225px) 100vw, 225px\" \/> <img loading=\"lazy\" decoding=\"async\" class=\"aligncenter size-medium wp-image-640\" src=\"https:\/\/tiszalucihorgasz.hu\/wp-content\/uploads\/2017\/03\/18582595_1422341567808943_2684587922216293927_n-300x225.jpg\" alt=\"\" width=\"300\" height=\"225\" srcset=\"https:\/\/tiszalucihorgasz.hu\/wp-content\/uploads\/2017\/03\/18582595_1422341567808943_2684587922216293927_n-300x225.jpg 300w, https:\/\/tiszalucihorgasz.hu\/wp-content\/uploads\/2017\/03\/18582595_1422341567808943_2684587922216293927_n-768x576.jpg 768w, https:\/\/tiszalucihorgasz.hu\/wp-content\/uploads\/2017\/03\/18582595_1422341567808943_2684587922216293927_n.jpg 960w\" sizes=\"auto, (max-width: 300px) 100vw, 300px\" \/><\/p>\n<\/div>\n<hr \/>\n<p>2017.04.11.-\u00e9n 12 000 db. el\u0151nevelt csuka ivad\u00e9k ker\u00fclt kihelyez\u00e9sre az Aranyponyt Hal\u00e1szati Zrt. \u00e1llom\u00e1ny\u00e1b\u00f3l a Tiszal\u00faci Holt-Tisza v\u00edzter\u00fcleten az al\u00e1bbi eloszt\u00e1s szerint:<br \/>\n\u00dcd\u00fcl\u0151telep: 1 500 db.<br \/>\n&#8222;Ak\u00e1cos&#8221;: 1 500 db.<span class=\"text_exposed_show\"><br \/>\n&#8222;P\u00e9terke&#8221;: 1 500 db.<br \/>\n&#8222;Nagy\u00f6rv\u00e9ny&#8221;: 1 500 db.<br \/>\n&#8222;Sz\u0171kv\u00edz&#8221;: 1 500 db.<br \/>\n&#8222;Tusk\u00f3s&#8221;: 1 500 db<br \/>\nB\u00e1r\u00e1nyszeg: 3 000 db.<\/span><\/p>\n<p><img loading=\"lazy\" decoding=\"async\" class=\" wp-image-581 alignleft\" src=\"https:\/\/tiszalucihorgasz.hu\/wp-content\/uploads\/2017\/04\/17757287_1377620182281082_4394934411742767146_n-225x300.jpg\" alt=\"\" width=\"193\" height=\"257\" srcset=\"https:\/\/tiszalucihorgasz.hu\/wp-content\/uploads\/2017\/04\/17757287_1377620182281082_4394934411742767146_n-225x300.jpg 225w, https:\/\/tiszalucihorgasz.hu\/wp-content\/uploads\/2017\/04\/17757287_1377620182281082_4394934411742767146_n.jpg 720w\" sizes=\"auto, (max-width: 193px) 100vw, 193px\" \/><img loading=\"lazy\" decoding=\"async\" class=\"wp-image-583 alignleft\" src=\"https:\/\/tiszalucihorgasz.hu\/wp-content\/uploads\/2017\/04\/17883975_1377619985614435_7366678515808284720_n-225x300.jpg\" alt=\"\" width=\"192\" height=\"256\" srcset=\"https:\/\/tiszalucihorgasz.hu\/wp-content\/uploads\/2017\/04\/17883975_1377619985614435_7366678515808284720_n-225x300.jpg 225w, https:\/\/tiszalucihorgasz.hu\/wp-content\/uploads\/2017\/04\/17883975_1377619985614435_7366678515808284720_n.jpg 720w\" sizes=\"auto, (max-width: 192px) 100vw, 192px\" \/><\/p>\n<p><img loading=\"lazy\" decoding=\"async\" class=\"wp-image-582 alignnone\" src=\"https:\/\/tiszalucihorgasz.hu\/wp-content\/uploads\/2017\/04\/17883954_1377620042281096_8613563062428960823_n-225x300.jpg\" alt=\"\" width=\"190\" height=\"253\" srcset=\"https:\/\/tiszalucihorgasz.hu\/wp-content\/uploads\/2017\/04\/17883954_1377620042281096_8613563062428960823_n-225x300.jpg 225w, https:\/\/tiszalucihorgasz.hu\/wp-content\/uploads\/2017\/04\/17883954_1377620042281096_8613563062428960823_n.jpg 720w\" sizes=\"auto, (max-width: 190px) 100vw, 190px\" \/><\/p>\n<p><img loading=\"lazy\" decoding=\"async\" class=\"wp-image-584 alignleft\" src=\"https:\/\/tiszalucihorgasz.hu\/wp-content\/uploads\/2017\/04\/17903946_1377620072281093_6582481558497630399_n-225x300.jpg\" alt=\"\" width=\"205\" height=\"273\" srcset=\"https:\/\/tiszalucihorgasz.hu\/wp-content\/uploads\/2017\/04\/17903946_1377620072281093_6582481558497630399_n-225x300.jpg 225w, https:\/\/tiszalucihorgasz.hu\/wp-content\/uploads\/2017\/04\/17903946_1377620072281093_6582481558497630399_n.jpg 720w\" sizes=\"auto, (max-width: 205px) 100vw, 205px\" \/><\/p>\n<hr \/>\n<p>TELEP\u00cdT\u00c9SI BESZ\u00c1MOL\u00d3<\/p>\n<p>2017.03.17.-\u00e9n 1 000 kg II. nyaras \u00e9s 2 000 kg lll. nyaras ponty ker\u00fclt kihelyez\u00e9sre az Aranyponyt Hal\u00e1szati Zrt. \u00e1llom\u00e1ny\u00e1b\u00f3l a Tiszal\u00faci Holt-Tisza v\u00edzter\u00fcleten az al\u00e1bbi eloszt\u00e1sban:<\/p>\n<p>\u00dcd\u00fcl\u0151telep &#8222;Krappai zsilip&#8221;: 700 kg. II. nyaras \u00e9s 750 kg. III. nyaras ponty.<br \/>\n\u00dcd\u00fcl\u0151telep &#8222;T\u00c1VH\u0150&#8221;: 800 kg.<br \/>\nB\u00e1r\u00e1nyszeg: 300 kg. II. nyaras \u00e9s 450 kg. III. nyaras ponty.<\/p>\n<p><img loading=\"lazy\" decoding=\"async\" class=\"aligncenter size-medium wp-image-550\" src=\"https:\/\/tiszalucihorgasz.hu\/wp-content\/uploads\/2017\/03\/IMG_2964-300x165.jpg\" alt=\"\" width=\"300\" height=\"165\" srcset=\"https:\/\/tiszalucihorgasz.hu\/wp-content\/uploads\/2017\/03\/IMG_2964-300x165.jpg 300w, https:\/\/tiszalucihorgasz.hu\/wp-content\/uploads\/2017\/03\/IMG_2964.jpg 720w\" sizes=\"auto, (max-width: 300px) 100vw, 300px\" \/><\/p>\n<p><img loading=\"lazy\" decoding=\"async\" class=\"aligncenter size-medium wp-image-549\" src=\"https:\/\/tiszalucihorgasz.hu\/wp-content\/uploads\/2017\/03\/IMG_2963-300x169.jpg\" alt=\"\" width=\"300\" height=\"169\" srcset=\"https:\/\/tiszalucihorgasz.hu\/wp-content\/uploads\/2017\/03\/IMG_2963-300x169.jpg 300w, https:\/\/tiszalucihorgasz.hu\/wp-content\/uploads\/2017\/03\/IMG_2963.jpg 720w\" sizes=\"auto, (max-width: 300px) 100vw, 300px\" \/><\/p>\n<p><img loading=\"lazy\" decoding=\"async\" class=\"aligncenter size-medium wp-image-548\" src=\"https:\/\/tiszalucihorgasz.hu\/wp-content\/uploads\/2017\/03\/IMG_2962-300x169.jpg\" alt=\"\" width=\"300\" height=\"169\" srcset=\"https:\/\/tiszalucihorgasz.hu\/wp-content\/uploads\/2017\/03\/IMG_2962-300x169.jpg 300w, https:\/\/tiszalucihorgasz.hu\/wp-content\/uploads\/2017\/03\/IMG_2962.jpg 720w\" sizes=\"auto, (max-width: 300px) 100vw, 300px\" \/><\/p>\n<p><img loading=\"lazy\" decoding=\"async\" class=\"aligncenter size-medium wp-image-547\" src=\"https:\/\/tiszalucihorgasz.hu\/wp-content\/uploads\/2017\/03\/IMG_2961-300x165.jpg\" alt=\"\" width=\"300\" height=\"165\" srcset=\"https:\/\/tiszalucihorgasz.hu\/wp-content\/uploads\/2017\/03\/IMG_2961-300x165.jpg 300w, https:\/\/tiszalucihorgasz.hu\/wp-content\/uploads\/2017\/03\/IMG_2961.jpg 720w\" sizes=\"auto, (max-width: 300px) 100vw, 300px\" \/><\/p>\n<p><img loading=\"lazy\" decoding=\"async\" class=\"aligncenter size-medium wp-image-546\" src=\"https:\/\/tiszalucihorgasz.hu\/wp-content\/uploads\/2017\/03\/IMG_2960-300x165.jpg\" alt=\"\" width=\"300\" height=\"165\" srcset=\"https:\/\/tiszalucihorgasz.hu\/wp-content\/uploads\/2017\/03\/IMG_2960-300x165.jpg 300w, https:\/\/tiszalucihorgasz.hu\/wp-content\/uploads\/2017\/03\/IMG_2960.jpg 720w\" sizes=\"auto, (max-width: 300px) 100vw, 300px\" \/><\/p>\n<p><img loading=\"lazy\" decoding=\"async\" class=\"aligncenter size-medium wp-image-545\" src=\"https:\/\/tiszalucihorgasz.hu\/wp-content\/uploads\/2017\/03\/IMG_2959-300x165.jpg\" alt=\"\" width=\"300\" height=\"165\" srcset=\"https:\/\/tiszalucihorgasz.hu\/wp-content\/uploads\/2017\/03\/IMG_2959-300x165.jpg 300w, https:\/\/tiszalucihorgasz.hu\/wp-content\/uploads\/2017\/03\/IMG_2959.jpg 720w\" sizes=\"auto, (max-width: 300px) 100vw, 300px\" \/><\/p>\n<p><img loading=\"lazy\" decoding=\"async\" class=\"aligncenter size-medium wp-image-544\" src=\"https:\/\/tiszalucihorgasz.hu\/wp-content\/uploads\/2017\/03\/IMG_2958-300x165.jpg\" alt=\"\" width=\"300\" height=\"165\" srcset=\"https:\/\/tiszalucihorgasz.hu\/wp-content\/uploads\/2017\/03\/IMG_2958-300x165.jpg 300w, https:\/\/tiszalucihorgasz.hu\/wp-content\/uploads\/2017\/03\/IMG_2958.jpg 720w\" sizes=\"auto, (max-width: 300px) 100vw, 300px\" \/><\/p>\n<p><img loading=\"lazy\" decoding=\"async\" class=\"aligncenter size-medium wp-image-543\" src=\"https:\/\/tiszalucihorgasz.hu\/wp-content\/uploads\/2017\/03\/IMG_2957-300x165.jpg\" alt=\"\" width=\"300\" height=\"165\" srcset=\"https:\/\/tiszalucihorgasz.hu\/wp-content\/uploads\/2017\/03\/IMG_2957-300x165.jpg 300w, https:\/\/tiszalucihorgasz.hu\/wp-content\/uploads\/2017\/03\/IMG_2957.jpg 720w\" sizes=\"auto, (max-width: 300px) 100vw, 300px\" \/><\/p>\n<p><img loading=\"lazy\" decoding=\"async\" class=\"aligncenter size-medium wp-image-542\" src=\"https:\/\/tiszalucihorgasz.hu\/wp-content\/uploads\/2017\/03\/IMG_2956-300x165.jpg\" alt=\"\" width=\"300\" height=\"165\" srcset=\"https:\/\/tiszalucihorgasz.hu\/wp-content\/uploads\/2017\/03\/IMG_2956-300x165.jpg 300w, https:\/\/tiszalucihorgasz.hu\/wp-content\/uploads\/2017\/03\/IMG_2956.jpg 720w\" sizes=\"auto, (max-width: 300px) 100vw, 300px\" \/><\/p>\n<p><img loading=\"lazy\" decoding=\"async\" class=\"aligncenter size-medium wp-image-541\" src=\"https:\/\/tiszalucihorgasz.hu\/wp-content\/uploads\/2017\/03\/IMG_2955-300x165.jpg\" alt=\"\" width=\"300\" height=\"165\" srcset=\"https:\/\/tiszalucihorgasz.hu\/wp-content\/uploads\/2017\/03\/IMG_2955-300x165.jpg 300w, https:\/\/tiszalucihorgasz.hu\/wp-content\/uploads\/2017\/03\/IMG_2955.jpg 720w\" sizes=\"auto, (max-width: 300px) 100vw, 300px\" \/><\/p>\n<p><img loading=\"lazy\" decoding=\"async\" class=\"aligncenter size-medium wp-image-540\" src=\"https:\/\/tiszalucihorgasz.hu\/wp-content\/uploads\/2017\/03\/IMG_2954-300x165.jpg\" alt=\"\" width=\"300\" height=\"165\" srcset=\"https:\/\/tiszalucihorgasz.hu\/wp-content\/uploads\/2017\/03\/IMG_2954-300x165.jpg 300w, https:\/\/tiszalucihorgasz.hu\/wp-content\/uploads\/2017\/03\/IMG_2954.jpg 720w\" sizes=\"auto, (max-width: 300px) 100vw, 300px\" \/><\/p>\n<p><img loading=\"lazy\" decoding=\"async\" class=\"aligncenter size-medium wp-image-539\" src=\"https:\/\/tiszalucihorgasz.hu\/wp-content\/uploads\/2017\/03\/IMG_2953-300x169.jpg\" alt=\"\" width=\"300\" height=\"169\" srcset=\"https:\/\/tiszalucihorgasz.hu\/wp-content\/uploads\/2017\/03\/IMG_2953-300x169.jpg 300w, https:\/\/tiszalucihorgasz.hu\/wp-content\/uploads\/2017\/03\/IMG_2953.jpg 720w\" sizes=\"auto, (max-width: 300px) 100vw, 300px\" \/><\/p>\n<p><img loading=\"lazy\" decoding=\"async\" class=\"aligncenter size-medium wp-image-537\" src=\"https:\/\/tiszalucihorgasz.hu\/wp-content\/uploads\/2017\/03\/IMG_2951-300x165.jpg\" alt=\"\" width=\"300\" height=\"165\" srcset=\"https:\/\/tiszalucihorgasz.hu\/wp-content\/uploads\/2017\/03\/IMG_2951-300x165.jpg 300w, https:\/\/tiszalucihorgasz.hu\/wp-content\/uploads\/2017\/03\/IMG_2951.jpg 720w\" sizes=\"auto, (max-width: 300px) 100vw, 300px\" \/><\/p>\n<p><img loading=\"lazy\" decoding=\"async\" class=\"aligncenter size-medium wp-image-536\" src=\"https:\/\/tiszalucihorgasz.hu\/wp-content\/uploads\/2017\/03\/IMG_2950-300x165.jpg\" alt=\"\" width=\"300\" height=\"165\" srcset=\"https:\/\/tiszalucihorgasz.hu\/wp-content\/uploads\/2017\/03\/IMG_2950-300x165.jpg 300w, https:\/\/tiszalucihorgasz.hu\/wp-content\/uploads\/2017\/03\/IMG_2950.jpg 720w\" sizes=\"auto, (max-width: 300px) 100vw, 300px\" \/><\/p>\n<p><img loading=\"lazy\" decoding=\"async\" class=\"aligncenter size-medium wp-image-535\" src=\"https:\/\/tiszalucihorgasz.hu\/wp-content\/uploads\/2017\/03\/IMG_2949-300x165.jpg\" alt=\"\" width=\"300\" height=\"165\" srcset=\"https:\/\/tiszalucihorgasz.hu\/wp-content\/uploads\/2017\/03\/IMG_2949-300x165.jpg 300w, https:\/\/tiszalucihorgasz.hu\/wp-content\/uploads\/2017\/03\/IMG_2949.jpg 720w\" sizes=\"auto, (max-width: 300px) 100vw, 300px\" \/><\/p>\n<p><img loading=\"lazy\" decoding=\"async\" class=\"aligncenter size-medium wp-image-534\" src=\"https:\/\/tiszalucihorgasz.hu\/wp-content\/uploads\/2017\/03\/IMG_2948-300x165.jpg\" alt=\"\" width=\"300\" height=\"165\" srcset=\"https:\/\/tiszalucihorgasz.hu\/wp-content\/uploads\/2017\/03\/IMG_2948-300x165.jpg 300w, https:\/\/tiszalucihorgasz.hu\/wp-content\/uploads\/2017\/03\/IMG_2948.jpg 720w\" sizes=\"auto, (max-width: 300px) 100vw, 300px\" \/><\/p>\n<p><img loading=\"lazy\" decoding=\"async\" class=\"aligncenter size-medium wp-image-533\" src=\"https:\/\/tiszalucihorgasz.hu\/wp-content\/uploads\/2017\/03\/IMG_2947-300x165.jpg\" alt=\"\" width=\"300\" height=\"165\" srcset=\"https:\/\/tiszalucihorgasz.hu\/wp-content\/uploads\/2017\/03\/IMG_2947-300x165.jpg 300w, https:\/\/tiszalucihorgasz.hu\/wp-content\/uploads\/2017\/03\/IMG_2947.jpg 720w\" sizes=\"auto, (max-width: 300px) 100vw, 300px\" \/><\/p>\n","protected":false},"excerpt":{"rendered":"<p>TELEP\u00cdT\u00c9SI BESZ\u00c1MOL\u00d3 2017.05.22.-\u00e9n 2 000 kg lll. nyaras ponty \u00e9s 15 000 db. el\u0151nevelt fogass\u00fcll\u0151 ivad\u00e9k ker\u00fclt kihelyez\u00e9sre az Aranyponyt Hal\u00e1szati Zrt. \u00e1llom\u00e1ny\u00e1b\u00f3l a Tiszal\u00faci Holt-Tisza v\u00edzter\u00fcleten az al\u00e1bbi eloszt\u00e1s szerint: lll. nyaras ponty: &#8222;Nagy\u00f6rv\u00e9ny&#8221; 2 000 kg. El\u0151nevelt fogass\u00fcll\u0151 &hellip; <a href=\"https:\/\/tiszalucihorgasz.hu\/index.php\/telepitesi-informaciok\/telepites-2017\/\">Egy kattint\u00e1s ide a folytat\u00e1shoz&#8230;. <span class=\"meta-nav\">&rarr;<\/span><\/a><\/p>\n","protected":false},"author":1,"featured_media":0,"parent":98,"menu_order":14,"comment_status":"closed","ping_status":"closed","template":"","meta":{"footnotes":""},"class_list":["post-532","page","type-page","status-publish","hentry"],"_links":{"self":[{"href":"https:\/\/tiszalucihorgasz.hu\/index.php\/wp-json\/wp\/v2\/pages\/532","targetHints":{"allow":["GET"]}}],"collection":[{"href":"https:\/\/tiszalucihorgasz.hu\/index.php\/wp-json\/wp\/v2\/pages"}],"about":[{"href":"https:\/\/tiszalucihorgasz.hu\/index.php\/wp-json\/wp\/v2\/types\/page"}],"author":[{"embeddable":true,"href":"https:\/\/tiszalucihorgasz.hu\/index.php\/wp-json\/wp\/v2\/users\/1"}],"replies":[{"embeddable":true,"href":"https:\/\/tiszalucihorgasz.hu\/index.php\/wp-json\/wp\/v2\/comments?post=532"}],"version-history":[{"count":4,"href":"https:\/\/tiszalucihorgasz.hu\/index.php\/wp-json\/wp\/v2\/pages\/532\/revisions"}],"predecessor-version":[{"id":2599,"href":"https:\/\/tiszalucihorgasz.hu\/index.php\/wp-json\/wp\/v2\/pages\/532\/revisions\/2599"}],"up":[{"embeddable":true,"href":"https:\/\/tiszalucihorgasz.hu\/index.php\/wp-json\/wp\/v2\/pages\/98"}],"wp:attachment":[{"href":"https:\/\/tiszalucihorgasz.hu\/index.php\/wp-json\/wp\/v2\/media?parent=532"}],"curies":[{"name":"wp","href":"https:\/\/api.w.org\/{rel}","templated":true}]}}