{"id":3498,"date":"2026-03-30T12:29:47","date_gmt":"2026-03-30T10:29:47","guid":{"rendered":"https:\/\/tiszalucihorgasz.hu\/?page_id=3498"},"modified":"2026-03-30T12:29:48","modified_gmt":"2026-03-30T10:29:48","slug":"kesznyeteni-eromu-csatorna","status":"publish","type":"page","link":"https:\/\/tiszalucihorgasz.hu\/index.php\/vizteruleteink\/kesznyeteni-eromu-csatorna\/","title":{"rendered":"Keszny\u00e9teni Er\u0151m\u0171 csatorna"},"content":{"rendered":"\n<div data-wp-interactive=\"core\/file\" class=\"wp-block-file\"><object data-wp-bind--hidden=\"!state.hasPdfPreview\" hidden class=\"wp-block-file__embed\" data=\"https:\/\/tiszalucihorgasz.hu\/wp-content\/uploads\/2026\/03\/Helyi_horgaszrend_Kesznyeteni_Eromu_csatorna_2026_HORINFO.pdf\" type=\"application\/pdf\" style=\"width:100%;height:600px\" aria-label=\"Helyi_horg\u00e1szrend_Keszny\u00e9teni_Er\u0151m\u0171_csatorna_2026_HORINFO be\u00e1gyaz\u00e1sa\"><\/object><a id=\"wp-block-file--media-3744c565-26d9-4978-9dfc-3e45788c9f4e\" href=\"https:\/\/tiszalucihorgasz.hu\/wp-content\/uploads\/2026\/03\/Helyi_horgaszrend_Kesznyeteni_Eromu_csatorna_2026_HORINFO.pdf\">Helyi_horg\u00e1szrend_Keszny\u00e9teni_Er\u0151m\u0171_csatorna_2026_HORINFO<\/a><a href=\"https:\/\/tiszalucihorgasz.hu\/wp-content\/uploads\/2026\/03\/Helyi_horgaszrend_Kesznyeteni_Eromu_csatorna_2026_HORINFO.pdf\" class=\"wp-block-file__button wp-element-button\" download aria-describedby=\"wp-block-file--media-3744c565-26d9-4978-9dfc-3e45788c9f4e\">Let\u00f6lt\u00e9s<\/a><\/div>\n","protected":false},"excerpt":{"rendered":"","protected":false},"author":1,"featured_media":0,"parent":3492,"menu_order":0,"comment_status":"closed","ping_status":"closed","template":"","meta":{"footnotes":""},"class_list":["post-3498","page","type-page","status-publish","hentry"],"_links":{"self":[{"href":"https:\/\/tiszalucihorgasz.hu\/index.php\/wp-json\/wp\/v2\/pages\/3498","targetHints":{"allow":["GET"]}}],"collection":[{"href":"https:\/\/tiszalucihorgasz.hu\/index.php\/wp-json\/wp\/v2\/pages"}],"about":[{"href":"https:\/\/tiszalucihorgasz.hu\/index.php\/wp-json\/wp\/v2\/types\/page"}],"author":[{"embeddable":true,"href":"https:\/\/tiszalucihorgasz.hu\/index.php\/wp-json\/wp\/v2\/users\/1"}],"replies":[{"embeddable":true,"href":"https:\/\/tiszalucihorgasz.hu\/index.php\/wp-json\/wp\/v2\/comments?post=3498"}],"version-history":[{"count":1,"href":"https:\/\/tiszalucihorgasz.hu\/index.php\/wp-json\/wp\/v2\/pages\/3498\/revisions"}],"predecessor-version":[{"id":3500,"href":"https:\/\/tiszalucihorgasz.hu\/index.php\/wp-json\/wp\/v2\/pages\/3498\/revisions\/3500"}],"up":[{"embeddable":true,"href":"https:\/\/tiszalucihorgasz.hu\/index.php\/wp-json\/wp\/v2\/pages\/3492"}],"wp:attachment":[{"href":"https:\/\/tiszalucihorgasz.hu\/index.php\/wp-json\/wp\/v2\/media?parent=3498"}],"curies":[{"name":"wp","href":"https:\/\/api.w.org\/{rel}","templated":true}]}}