{"id":3494,"date":"2026-03-30T12:21:13","date_gmt":"2026-03-30T10:21:13","guid":{"rendered":"https:\/\/tiszalucihorgasz.hu\/?page_id=3494"},"modified":"2026-03-30T12:21:13","modified_gmt":"2026-03-30T10:21:13","slug":"tiszaluci-holt-tisza","status":"publish","type":"page","link":"https:\/\/tiszalucihorgasz.hu\/index.php\/vizteruleteink\/tiszaluci-holt-tisza\/","title":{"rendered":"Tiszal\u00faci Holt-Tisza"},"content":{"rendered":"\n<figure class=\"wp-block-image size-large\"><img loading=\"lazy\" decoding=\"async\" width=\"1024\" height=\"727\" src=\"https:\/\/tiszalucihorgasz.hu\/wp-content\/uploads\/2025\/12\/att.7Yimtc3Juk0gYCBfA1FmmJCz5mMQatS-lNTWrN_QSyk-1024x727.jpeg\" alt=\"\" class=\"wp-image-3309\" srcset=\"https:\/\/tiszalucihorgasz.hu\/wp-content\/uploads\/2025\/12\/att.7Yimtc3Juk0gYCBfA1FmmJCz5mMQatS-lNTWrN_QSyk-1024x727.jpeg 1024w, https:\/\/tiszalucihorgasz.hu\/wp-content\/uploads\/2025\/12\/att.7Yimtc3Juk0gYCBfA1FmmJCz5mMQatS-lNTWrN_QSyk-300x213.jpeg 300w, https:\/\/tiszalucihorgasz.hu\/wp-content\/uploads\/2025\/12\/att.7Yimtc3Juk0gYCBfA1FmmJCz5mMQatS-lNTWrN_QSyk-768x545.jpeg 768w, https:\/\/tiszalucihorgasz.hu\/wp-content\/uploads\/2025\/12\/att.7Yimtc3Juk0gYCBfA1FmmJCz5mMQatS-lNTWrN_QSyk-1536x1090.jpeg 1536w, https:\/\/tiszalucihorgasz.hu\/wp-content\/uploads\/2025\/12\/att.7Yimtc3Juk0gYCBfA1FmmJCz5mMQatS-lNTWrN_QSyk.jpeg 1749w\" sizes=\"auto, (max-width: 1024px) 100vw, 1024px\" \/><\/figure>\n\n\n\n<div data-wp-interactive=\"core\/file\" class=\"wp-block-file\"><object data-wp-bind--hidden=\"!state.hasPdfPreview\" hidden class=\"wp-block-file__embed\" data=\"https:\/\/tiszalucihorgasz.hu\/wp-content\/uploads\/2025\/12\/Helyi-horgaszrend-2026-HORINFO.pdf\" type=\"application\/pdf\" style=\"width:100%;height:940px\" aria-label=\"Helyi horg\u00e1szrend 2026 HORINFO be\u00e1gyaz\u00e1sa\"><\/object><a id=\"wp-block-file--media-8e011c73-67cc-43b5-80bd-fb67ad33165d\" href=\"https:\/\/tiszalucihorgasz.hu\/wp-content\/uploads\/2025\/12\/Helyi-horgaszrend-2026-HORINFO.pdf\">Helyi horg\u00e1szrend 2026 HORINFO<\/a><a href=\"https:\/\/tiszalucihorgasz.hu\/wp-content\/uploads\/2025\/12\/Helyi-horgaszrend-2026-HORINFO.pdf\" class=\"wp-block-file__button wp-element-button\" download aria-describedby=\"wp-block-file--media-8e011c73-67cc-43b5-80bd-fb67ad33165d\">Let\u00f6lt\u00e9s<\/a><\/div>\n\n\n","protected":false},"excerpt":{"rendered":"","protected":false},"author":1,"featured_media":0,"parent":3492,"menu_order":0,"comment_status":"closed","ping_status":"closed","template":"","meta":{"footnotes":""},"class_list":["post-3494","page","type-page","status-publish","hentry"],"_links":{"self":[{"href":"https:\/\/tiszalucihorgasz.hu\/index.php\/wp-json\/wp\/v2\/pages\/3494","targetHints":{"allow":["GET"]}}],"collection":[{"href":"https:\/\/tiszalucihorgasz.hu\/index.php\/wp-json\/wp\/v2\/pages"}],"about":[{"href":"https:\/\/tiszalucihorgasz.hu\/index.php\/wp-json\/wp\/v2\/types\/page"}],"author":[{"embeddable":true,"href":"https:\/\/tiszalucihorgasz.hu\/index.php\/wp-json\/wp\/v2\/users\/1"}],"replies":[{"embeddable":true,"href":"https:\/\/tiszalucihorgasz.hu\/index.php\/wp-json\/wp\/v2\/comments?post=3494"}],"version-history":[{"count":1,"href":"https:\/\/tiszalucihorgasz.hu\/index.php\/wp-json\/wp\/v2\/pages\/3494\/revisions"}],"predecessor-version":[{"id":3495,"href":"https:\/\/tiszalucihorgasz.hu\/index.php\/wp-json\/wp\/v2\/pages\/3494\/revisions\/3495"}],"up":[{"embeddable":true,"href":"https:\/\/tiszalucihorgasz.hu\/index.php\/wp-json\/wp\/v2\/pages\/3492"}],"wp:attachment":[{"href":"https:\/\/tiszalucihorgasz.hu\/index.php\/wp-json\/wp\/v2\/media?parent=3494"}],"curies":[{"name":"wp","href":"https:\/\/api.w.org\/{rel}","templated":true}]}}