{"id":3437,"date":"2026-03-01T12:45:07","date_gmt":"2026-03-01T11:45:07","guid":{"rendered":"https:\/\/tiszalucihorgasz.hu\/?page_id=3437"},"modified":"2026-03-04T10:09:19","modified_gmt":"2026-03-04T09:09:19","slug":"horgaszversenyek-2026","status":"publish","type":"page","link":"https:\/\/tiszalucihorgasz.hu\/index.php\/horgaszverseny\/horgaszversenyek-2026\/","title":{"rendered":"Horg\u00e1szversenyek 2026."},"content":{"rendered":"\n<div class=\"wp-block-buttons is-layout-flex wp-block-buttons-is-layout-flex\">\n<div class=\"wp-block-button is-style-outline is-style-outline--1\"><a class=\"wp-block-button__link has-blue-color has-text-color has-link-color wp-element-button\" href=\"https:\/\/tiszalucihorgasz.hu\/wp-content\/uploads\/2026\/03\/2026-XV.-Tavaszi-Pontyfo-go-Kupa-Versenykiiras.pdf\">XV. Tavaszi Pontyfog\u00f3 Kupa 2026<\/a><\/div>\n<\/div>\n\n\n\n<hr class=\"wp-block-separator has-alpha-channel-opacity\"\/>\n\n\n\n<div class=\"wp-block-buttons is-layout-flex wp-block-buttons-is-layout-flex\">\n<div class=\"wp-block-button is-style-outline is-style-outline--2\"><a class=\"wp-block-button__link has-blue-color has-text-color has-link-color wp-element-button\" href=\"https:\/\/tiszalucihorgasz.hu\/wp-content\/uploads\/2026\/03\/2026-I.-Tiszaluci-Harcsafogo-Kupa-Versenykiiras.pdf\">I. Tiszal\u00faci Harcsafog\u00f3 Kupa 2026<\/a><\/div>\n<\/div>\n\n\n\n<hr class=\"wp-block-separator has-alpha-channel-opacity\"\/>\n\n\n\n<div class=\"wp-block-buttons is-layout-flex wp-block-buttons-is-layout-flex\">\n<div class=\"wp-block-button is-style-outline is-style-outline--3\"><a class=\"wp-block-button__link has-blue-color has-text-color has-link-color wp-element-button\">B\u00e1r\u00e1nyszegi Hagyom\u00e1ny\u0151rz\u0151 Horg\u00e1szverseny 2026<\/a><\/div>\n<\/div>\n\n\n\n<hr class=\"wp-block-separator has-alpha-channel-opacity\"\/>\n\n\n\n<div class=\"wp-block-buttons is-layout-flex wp-block-buttons-is-layout-flex\">\n<div class=\"wp-block-button is-style-outline is-style-outline--4\"><a class=\"wp-block-button__link has-blue-color has-white-background-color has-text-color has-background has-link-color wp-element-button\" href=\"https:\/\/tiszalucihorgasz.hu\/wp-content\/uploads\/2026\/03\/2026-Egyesuleti-horgaszv-erseny-Versenykiiras.pdf\">Egyes\u00fcleti horg\u00e1szverseny 2026<\/a><\/div>\n<\/div>\n\n\n\n<hr class=\"wp-block-separator has-alpha-channel-opacity\"\/>\n\n\n\n<div class=\"wp-block-buttons is-layout-flex wp-block-buttons-is-layout-flex\">\n<div class=\"wp-block-button is-style-outline is-style-outline--5\"><a class=\"wp-block-button__link has-blue-color has-text-color has-link-color wp-element-button\" href=\"https:\/\/tiszalucihorgasz.hu\/wp-content\/uploads\/2026\/03\/XIV.-Nyari-Pontyfogo-Kup-a-Versenykiiras-2026.pdf\">XIV. Ny\u00e1ri Pontyfog\u00f3 Kupa<\/a><\/div>\n<\/div>\n\n\n\n<hr class=\"wp-block-separator has-alpha-channel-opacity\"\/>\n\n\n\n<div class=\"wp-block-buttons is-layout-flex wp-block-buttons-is-layout-flex\">\n<div class=\"wp-block-button is-style-outline is-style-outline--6\"><a class=\"wp-block-button__link has-blue-color has-text-color has-link-color wp-element-button\" href=\"https:\/\/tiszalucihorgasz.hu\/wp-content\/uploads\/2026\/03\/XVI.-Tiszaluci-Pontyfogo-K-upa-Versenykiiras-2026.pdf\">XVI. Tiszal\u00faci Pontyfog\u00f3 Kupa 2026<\/a><\/div>\n<\/div>\n\n\n\n<hr class=\"wp-block-separator has-alpha-channel-opacity\"\/>\n\n\n\n<div class=\"wp-block-buttons is-layout-flex wp-block-buttons-is-layout-flex\">\n<div class=\"wp-block-button is-style-outline is-style-outline--7\"><a class=\"wp-block-button__link has-blue-color has-text-color has-link-color wp-element-button\" href=\"https:\/\/tiszalucihorgasz.hu\/wp-content\/uploads\/2026\/03\/2026-XVI.-Tiszaluci-Perge-to-Kupa-Versenykiiras.pdf\">XVI. Tiszal\u00faci Perget\u0151 Kupa 2026<\/a><\/div>\n<\/div>\n\n\n\n<p><\/p>\n","protected":false},"excerpt":{"rendered":"","protected":false},"author":1,"featured_media":0,"parent":7,"menu_order":0,"comment_status":"closed","ping_status":"closed","template":"","meta":{"footnotes":""},"class_list":["post-3437","page","type-page","status-publish","hentry"],"_links":{"self":[{"href":"https:\/\/tiszalucihorgasz.hu\/index.php\/wp-json\/wp\/v2\/pages\/3437","targetHints":{"allow":["GET"]}}],"collection":[{"href":"https:\/\/tiszalucihorgasz.hu\/index.php\/wp-json\/wp\/v2\/pages"}],"about":[{"href":"https:\/\/tiszalucihorgasz.hu\/index.php\/wp-json\/wp\/v2\/types\/page"}],"author":[{"embeddable":true,"href":"https:\/\/tiszalucihorgasz.hu\/index.php\/wp-json\/wp\/v2\/users\/1"}],"replies":[{"embeddable":true,"href":"https:\/\/tiszalucihorgasz.hu\/index.php\/wp-json\/wp\/v2\/comments?post=3437"}],"version-history":[{"count":8,"href":"https:\/\/tiszalucihorgasz.hu\/index.php\/wp-json\/wp\/v2\/pages\/3437\/revisions"}],"predecessor-version":[{"id":3469,"href":"https:\/\/tiszalucihorgasz.hu\/index.php\/wp-json\/wp\/v2\/pages\/3437\/revisions\/3469"}],"up":[{"embeddable":true,"href":"https:\/\/tiszalucihorgasz.hu\/index.php\/wp-json\/wp\/v2\/pages\/7"}],"wp:attachment":[{"href":"https:\/\/tiszalucihorgasz.hu\/index.php\/wp-json\/wp\/v2\/media?parent=3437"}],"curies":[{"name":"wp","href":"https:\/\/api.w.org\/{rel}","templated":true}]}}