{"id":3068,"date":"2025-04-01T09:31:42","date_gmt":"2025-04-01T07:31:42","guid":{"rendered":"https:\/\/tiszalucihorgasz.hu\/?page_id=3068"},"modified":"2026-03-01T12:50:10","modified_gmt":"2026-03-01T11:50:10","slug":"horgaszversenyek-2025-2","status":"publish","type":"page","link":"https:\/\/tiszalucihorgasz.hu\/index.php\/horgaszverseny\/horgaszversenyek-2025-2\/","title":{"rendered":"Horg\u00e1szversenyek 2025"},"content":{"rendered":"\n<div class=\"wp-block-file\"><a id=\"wp-block-file--media-43b90889-24dc-4a90-a72b-cdddb7851dfe\" href=\"https:\/\/tiszalucihorgasz.hu\/wp-content\/uploads\/2025\/04\/2025-Egyesuleti-horgaszv-erseny-Versenykiiras-1.pdf\">2025-Egyesuleti-horgaszv erseny-Versenyki\u00edr\u00e1s<\/a><a href=\"https:\/\/tiszalucihorgasz.hu\/wp-content\/uploads\/2025\/04\/2025-Egyesuleti-horgaszv-erseny-Versenykiiras-1.pdf\" class=\"wp-block-file__button wp-element-button\" download aria-describedby=\"wp-block-file--media-43b90889-24dc-4a90-a72b-cdddb7851dfe\">Let\u00f6lt\u00e9s<\/a><\/div>\n\n\n\n<div class=\"wp-block-file\"><a id=\"wp-block-file--media-18996e66-5c34-4b11-b5a6-4ef268e0e66f\" href=\"https:\/\/tiszalucihorgasz.hu\/wp-content\/uploads\/2025\/04\/XIII.-Nyari-Pontyfogo-Ku-pa-Versenykiiras-2025-1.pdf\">XIII. Nyari Pontyfogo Ku pa Versenyki\u00edr\u00e1s 2025<\/a><a href=\"https:\/\/tiszalucihorgasz.hu\/wp-content\/uploads\/2025\/04\/XIII.-Nyari-Pontyfogo-Ku-pa-Versenykiiras-2025-1.pdf\" class=\"wp-block-file__button wp-element-button\" download aria-describedby=\"wp-block-file--media-18996e66-5c34-4b11-b5a6-4ef268e0e66f\">Let\u00f6lt\u00e9s<\/a><\/div>\n\n\n\n<div class=\"wp-block-file\"><a id=\"wp-block-file--media-38315f07-b6a4-4e9c-8500-f3b908bd74d2\" href=\"https:\/\/tiszalucihorgasz.hu\/wp-content\/uploads\/2025\/04\/XV.-Tiszaluci-Pontyfogo-K-upa-Versenykiiras-2025-1.pdf\">XV. Tiszaluci Pontyfogo K upa Versenyki\u00edr\u00e1s 2025<\/a><a href=\"https:\/\/tiszalucihorgasz.hu\/wp-content\/uploads\/2025\/04\/XV.-Tiszaluci-Pontyfogo-K-upa-Versenykiiras-2025-1.pdf\" class=\"wp-block-file__button wp-element-button\" download aria-describedby=\"wp-block-file--media-38315f07-b6a4-4e9c-8500-f3b908bd74d2\">Let\u00f6lt\u00e9s<\/a><\/div>\n\n\n\n<div class=\"wp-block-file\"><a id=\"wp-block-file--media-494927f6-0ccc-4328-8635-f25b9f5bedf1\" href=\"https:\/\/tiszalucihorgasz.hu\/wp-content\/uploads\/2025\/04\/2025-Tiszaluci-Pergeto-Kupa-Versenykiiras-1.pdf\">2025 Tiszaluci-Pergeto -Kupa-Versenyki\u00edr\u00e1s<\/a><a href=\"https:\/\/tiszalucihorgasz.hu\/wp-content\/uploads\/2025\/04\/2025-Tiszaluci-Pergeto-Kupa-Versenykiiras-1.pdf\" class=\"wp-block-file__button wp-element-button\" download aria-describedby=\"wp-block-file--media-494927f6-0ccc-4328-8635-f25b9f5bedf1\">Let\u00f6lt\u00e9s<\/a><\/div>\n\n\n\n<hr class=\"wp-block-separator has-alpha-channel-opacity\"\/>\n\n\n\n<hr class=\"wp-block-separator has-alpha-channel-opacity\"\/>\n\n\n\n<hr class=\"wp-block-separator has-alpha-channel-opacity\"\/>\n\n\n\n<p>XIV. Tavaszi Pontyfog\u00f3 Kupa 2025.<\/p>\n\n\n\n<p>V\u00e9geredm\u00e9ny \u00e9s fog\u00e1si \u00f6sszes\u00edt\u0151.<\/p>\n\n\n\n<p>A versenyen 92 db. pontyot siker\u00fclt ideiglenesen sz\u00e1kba terelni.<\/p>\n\n\n\n<p>A verseny \u00f6ssz fog\u00e1sa: 357,42 kg.<\/p>\n\n\n\n<p>A versenyen kifogott legnagyobb ponty: 14,35 kg.<\/p>\n\n\n\n<p>A versenyen kifogott 10+-os halak sz\u00e1ma: 4 db.<\/p>\n\n\n\n<p>Gratul\u00e1lunk a helyezetteknek!<\/p>\n\n\n\n<p>A gy\u0151ztes T\u00e1lasn\u00e9 Kiss Eszter \u00e9s \u00c1d\u00e1m Kiss p\u00e1ros automatikus r\u00e9sztvev\u0151je a 2026. \u00e9vi versenynek. <\/p>\n\n\n\n<p>K\u00f6sz\u00f6net a verseny szervez\u00e9s\u00e9ben, rendez\u00e9s\u00e9ben \u00e9s lebonyol\u00edt\u00e1s\u00e1ban r\u00e9sztvev\u0151knek!<\/p>\n\n\n\n<p>SHE Tiszal\u00fac Eln\u00f6ks\u00e9ge<\/p>\n\n\n\n<figure class=\"wp-block-gallery has-nested-images columns-default is-cropped wp-block-gallery-1 is-layout-flex wp-block-gallery-is-layout-flex\">\n<figure class=\"wp-block-image size-large\"><img loading=\"lazy\" decoding=\"async\" width=\"671\" height=\"456\" data-id=\"3099\" src=\"https:\/\/tiszalucihorgasz.hu\/wp-content\/uploads\/2025\/04\/IMG_2597.jpeg\" alt=\"\" class=\"wp-image-3099\" srcset=\"https:\/\/tiszalucihorgasz.hu\/wp-content\/uploads\/2025\/04\/IMG_2597.jpeg 671w, https:\/\/tiszalucihorgasz.hu\/wp-content\/uploads\/2025\/04\/IMG_2597-300x204.jpeg 300w\" sizes=\"auto, (max-width: 671px) 100vw, 671px\" \/><\/figure>\n\n\n\n<figure class=\"wp-block-image size-large\"><img loading=\"lazy\" decoding=\"async\" width=\"1024\" height=\"768\" data-id=\"3100\" src=\"https:\/\/tiszalucihorgasz.hu\/wp-content\/uploads\/2025\/04\/IMG_2598-1024x768.jpeg\" alt=\"\" class=\"wp-image-3100\" srcset=\"https:\/\/tiszalucihorgasz.hu\/wp-content\/uploads\/2025\/04\/IMG_2598-1024x768.jpeg 1024w, https:\/\/tiszalucihorgasz.hu\/wp-content\/uploads\/2025\/04\/IMG_2598-300x225.jpeg 300w, https:\/\/tiszalucihorgasz.hu\/wp-content\/uploads\/2025\/04\/IMG_2598-768x576.jpeg 768w, https:\/\/tiszalucihorgasz.hu\/wp-content\/uploads\/2025\/04\/IMG_2598.jpeg 1080w\" sizes=\"auto, (max-width: 1024px) 100vw, 1024px\" \/><\/figure>\n\n\n\n<figure class=\"wp-block-image size-large\"><img loading=\"lazy\" decoding=\"async\" width=\"1024\" height=\"768\" data-id=\"3104\" src=\"https:\/\/tiszalucihorgasz.hu\/wp-content\/uploads\/2025\/04\/IMG_2599-1024x768.jpeg\" alt=\"\" class=\"wp-image-3104\" srcset=\"https:\/\/tiszalucihorgasz.hu\/wp-content\/uploads\/2025\/04\/IMG_2599-1024x768.jpeg 1024w, https:\/\/tiszalucihorgasz.hu\/wp-content\/uploads\/2025\/04\/IMG_2599-300x225.jpeg 300w, https:\/\/tiszalucihorgasz.hu\/wp-content\/uploads\/2025\/04\/IMG_2599-768x576.jpeg 768w, https:\/\/tiszalucihorgasz.hu\/wp-content\/uploads\/2025\/04\/IMG_2599-1536x1152.jpeg 1536w, https:\/\/tiszalucihorgasz.hu\/wp-content\/uploads\/2025\/04\/IMG_2599.jpeg 1800w\" sizes=\"auto, (max-width: 1024px) 100vw, 1024px\" \/><\/figure>\n\n\n\n<figure class=\"wp-block-image size-large\"><img loading=\"lazy\" decoding=\"async\" width=\"1024\" height=\"768\" data-id=\"3101\" src=\"https:\/\/tiszalucihorgasz.hu\/wp-content\/uploads\/2025\/04\/IMG_2600-1024x768.jpeg\" alt=\"\" class=\"wp-image-3101\" srcset=\"https:\/\/tiszalucihorgasz.hu\/wp-content\/uploads\/2025\/04\/IMG_2600-1024x768.jpeg 1024w, https:\/\/tiszalucihorgasz.hu\/wp-content\/uploads\/2025\/04\/IMG_2600-300x225.jpeg 300w, https:\/\/tiszalucihorgasz.hu\/wp-content\/uploads\/2025\/04\/IMG_2600-768x576.jpeg 768w, https:\/\/tiszalucihorgasz.hu\/wp-content\/uploads\/2025\/04\/IMG_2600-1536x1152.jpeg 1536w, https:\/\/tiszalucihorgasz.hu\/wp-content\/uploads\/2025\/04\/IMG_2600.jpeg 1800w\" sizes=\"auto, (max-width: 1024px) 100vw, 1024px\" \/><\/figure>\n\n\n\n<figure class=\"wp-block-image size-large\"><img loading=\"lazy\" decoding=\"async\" width=\"1024\" height=\"768\" data-id=\"3102\" src=\"https:\/\/tiszalucihorgasz.hu\/wp-content\/uploads\/2025\/04\/IMG_2601-1024x768.jpeg\" alt=\"\" class=\"wp-image-3102\" srcset=\"https:\/\/tiszalucihorgasz.hu\/wp-content\/uploads\/2025\/04\/IMG_2601-1024x768.jpeg 1024w, https:\/\/tiszalucihorgasz.hu\/wp-content\/uploads\/2025\/04\/IMG_2601-300x225.jpeg 300w, https:\/\/tiszalucihorgasz.hu\/wp-content\/uploads\/2025\/04\/IMG_2601-768x576.jpeg 768w, https:\/\/tiszalucihorgasz.hu\/wp-content\/uploads\/2025\/04\/IMG_2601-1536x1152.jpeg 1536w, https:\/\/tiszalucihorgasz.hu\/wp-content\/uploads\/2025\/04\/IMG_2601.jpeg 1800w\" sizes=\"auto, (max-width: 1024px) 100vw, 1024px\" \/><\/figure>\n\n\n\n<figure class=\"wp-block-image size-large\"><img loading=\"lazy\" decoding=\"async\" width=\"1024\" height=\"768\" data-id=\"3103\" src=\"https:\/\/tiszalucihorgasz.hu\/wp-content\/uploads\/2025\/04\/IMG_2602-1024x768.jpeg\" alt=\"\" class=\"wp-image-3103\" srcset=\"https:\/\/tiszalucihorgasz.hu\/wp-content\/uploads\/2025\/04\/IMG_2602-1024x768.jpeg 1024w, https:\/\/tiszalucihorgasz.hu\/wp-content\/uploads\/2025\/04\/IMG_2602-300x225.jpeg 300w, https:\/\/tiszalucihorgasz.hu\/wp-content\/uploads\/2025\/04\/IMG_2602-768x576.jpeg 768w, https:\/\/tiszalucihorgasz.hu\/wp-content\/uploads\/2025\/04\/IMG_2602-1536x1152.jpeg 1536w, https:\/\/tiszalucihorgasz.hu\/wp-content\/uploads\/2025\/04\/IMG_2602.jpeg 1800w\" sizes=\"auto, (max-width: 1024px) 100vw, 1024px\" \/><\/figure>\n<\/figure>\n\n\n\n<figure class=\"wp-block-gallery has-nested-images columns-default is-cropped wp-block-gallery-2 is-layout-flex wp-block-gallery-is-layout-flex\"><\/figure>\n\n\n\n<figure class=\"wp-block-gallery has-nested-images columns-default is-cropped wp-block-gallery-3 is-layout-flex wp-block-gallery-is-layout-flex\"><\/figure>\n\n\n\n<figure class=\"wp-block-gallery has-nested-images columns-default is-cropped wp-block-gallery-4 is-layout-flex wp-block-gallery-is-layout-flex\"><\/figure>\n","protected":false},"excerpt":{"rendered":"<p>XIV. Tavaszi Pontyfog\u00f3 Kupa 2025. V\u00e9geredm\u00e9ny \u00e9s fog\u00e1si \u00f6sszes\u00edt\u0151. A versenyen 92 db. pontyot siker\u00fclt ideiglenesen sz\u00e1kba terelni. A verseny \u00f6ssz fog\u00e1sa: 357,42 kg. A versenyen kifogott legnagyobb ponty: 14,35 kg. A versenyen kifogott 10+-os halak sz\u00e1ma: 4 db. Gratul\u00e1lunk &hellip; <a href=\"https:\/\/tiszalucihorgasz.hu\/index.php\/horgaszverseny\/horgaszversenyek-2025-2\/\">Egy kattint\u00e1s ide a folytat\u00e1shoz&#8230;. <span class=\"meta-nav\">&rarr;<\/span><\/a><\/p>\n","protected":false},"author":1,"featured_media":0,"parent":7,"menu_order":1,"comment_status":"closed","ping_status":"closed","template":"","meta":{"footnotes":""},"class_list":["post-3068","page","type-page","status-publish","hentry"],"_links":{"self":[{"href":"https:\/\/tiszalucihorgasz.hu\/index.php\/wp-json\/wp\/v2\/pages\/3068","targetHints":{"allow":["GET"]}}],"collection":[{"href":"https:\/\/tiszalucihorgasz.hu\/index.php\/wp-json\/wp\/v2\/pages"}],"about":[{"href":"https:\/\/tiszalucihorgasz.hu\/index.php\/wp-json\/wp\/v2\/types\/page"}],"author":[{"embeddable":true,"href":"https:\/\/tiszalucihorgasz.hu\/index.php\/wp-json\/wp\/v2\/users\/1"}],"replies":[{"embeddable":true,"href":"https:\/\/tiszalucihorgasz.hu\/index.php\/wp-json\/wp\/v2\/comments?post=3068"}],"version-history":[{"count":4,"href":"https:\/\/tiszalucihorgasz.hu\/index.php\/wp-json\/wp\/v2\/pages\/3068\/revisions"}],"predecessor-version":[{"id":3105,"href":"https:\/\/tiszalucihorgasz.hu\/index.php\/wp-json\/wp\/v2\/pages\/3068\/revisions\/3105"}],"up":[{"embeddable":true,"href":"https:\/\/tiszalucihorgasz.hu\/index.php\/wp-json\/wp\/v2\/pages\/7"}],"wp:attachment":[{"href":"https:\/\/tiszalucihorgasz.hu\/index.php\/wp-json\/wp\/v2\/media?parent=3068"}],"curies":[{"name":"wp","href":"https:\/\/api.w.org\/{rel}","templated":true}]}}