{"id":2662,"date":"2024-01-15T10:09:33","date_gmt":"2024-01-15T09:09:33","guid":{"rendered":"https:\/\/tiszalucihorgasz.hu\/?page_id=2662"},"modified":"2025-04-01T09:34:09","modified_gmt":"2025-04-01T07:34:09","slug":"horgaszversenyek-2024","status":"publish","type":"page","link":"https:\/\/tiszalucihorgasz.hu\/index.php\/horgaszverseny\/horgaszversenyek-2024\/","title":{"rendered":"Horg\u00e1szversenyek 2024"},"content":{"rendered":"\n<div class=\"wp-block-file\"><a id=\"wp-block-file--media-737a0787-3184-476d-b52e-7dc63350a61e\" href=\"https:\/\/tiszalucihorgasz.hu\/wp-content\/uploads\/2024\/01\/2024-Egyesuleti-horgaszv-erseny-Versenykiiras.pdf\">2024-Egyesuleti-horgaszv-erseny-Versenykiiras<\/a><a href=\"https:\/\/tiszalucihorgasz.hu\/wp-content\/uploads\/2024\/01\/2024-Egyesuleti-horgaszv-erseny-Versenykiiras.pdf\" class=\"wp-block-file__button wp-element-button\" download aria-describedby=\"wp-block-file--media-737a0787-3184-476d-b52e-7dc63350a61e\">Let\u00f6lt\u00e9s<\/a><\/div>\n\n\n\n<div class=\"wp-block-file\"><a id=\"wp-block-file--media-53b5777a-cbde-42ce-a207-ad9e0aaa665a\" href=\"https:\/\/tiszalucihorgasz.hu\/wp-content\/uploads\/2024\/05\/XII.-Nyari-Pontyfogo-Kupa-Versenykiiras-2024.pdf\">XII. Ny\u00e1ri Pontyfog\u00f3 Kupa Versenyki\u00edr\u00e1s 2024<\/a><a href=\"https:\/\/tiszalucihorgasz.hu\/wp-content\/uploads\/2024\/05\/XII.-Nyari-Pontyfogo-Kupa-Versenykiiras-2024.pdf\" class=\"wp-block-file__button wp-element-button\" download aria-describedby=\"wp-block-file--media-53b5777a-cbde-42ce-a207-ad9e0aaa665a\">Let\u00f6lt\u00e9s<\/a><\/div>\n\n\n\n<div class=\"wp-block-file\"><a id=\"wp-block-file--media-e89c6e91-ade6-43c7-86eb-f264c20a8c92\" href=\"https:\/\/tiszalucihorgasz.hu\/wp-content\/uploads\/2024\/01\/2024-XIII.-Tavaszi-Pontyf-ogo-Kupa-Versenykiiras.pdf\">2024-XIII.-Tavaszi-Pontyf-ogo-Kupa-Versenykiiras<\/a><a href=\"https:\/\/tiszalucihorgasz.hu\/wp-content\/uploads\/2024\/01\/2024-XIII.-Tavaszi-Pontyf-ogo-Kupa-Versenykiiras.pdf\" class=\"wp-block-file__button wp-element-button\" download aria-describedby=\"wp-block-file--media-e89c6e91-ade6-43c7-86eb-f264c20a8c92\">Let\u00f6lt\u00e9s<\/a><\/div>\n\n\n\n<div class=\"wp-block-file\"><a id=\"wp-block-file--media-3b33f230-8189-4c56-a82a-1719b7bfd5e8\" href=\"https:\/\/tiszalucihorgasz.hu\/wp-content\/uploads\/2024\/01\/2024-XIV.-Tiszaluci-Perge-to-Kupa-Versenykiiras.pdf\">2024-XIV.-Tiszaluci-Perge-to-Kupa-Versenykiiras<\/a><a href=\"https:\/\/tiszalucihorgasz.hu\/wp-content\/uploads\/2024\/01\/2024-XIV.-Tiszaluci-Perge-to-Kupa-Versenykiiras.pdf\" class=\"wp-block-file__button wp-element-button\" download aria-describedby=\"wp-block-file--media-3b33f230-8189-4c56-a82a-1719b7bfd5e8\">Let\u00f6lt\u00e9s<\/a><\/div>\n\n\n\n<div class=\"wp-block-file\"><a id=\"wp-block-file--media-691df920-c435-406e-81a9-940c4a438618\" href=\"https:\/\/tiszalucihorgasz.hu\/wp-content\/uploads\/2024\/01\/Baranyszegi-Hagyomanyorz-o-Horgaszverseny-2024.pdf\">Baranyszegi-Hagyomanyorz-o-Horgaszverseny-2024<\/a><a href=\"https:\/\/tiszalucihorgasz.hu\/wp-content\/uploads\/2024\/01\/Baranyszegi-Hagyomanyorz-o-Horgaszverseny-2024.pdf\" class=\"wp-block-file__button wp-element-button\" download aria-describedby=\"wp-block-file--media-691df920-c435-406e-81a9-940c4a438618\">Let\u00f6lt\u00e9s<\/a><\/div>\n\n\n\n<div class=\"wp-block-file\"><a id=\"wp-block-file--media-a31be91a-2bca-4523-af54-c7ac66db3dad\" href=\"https:\/\/tiszalucihorgasz.hu\/wp-content\/uploads\/2024\/01\/Torpeharcsa-fogo-versenykiiras-2024.pdf\">Torpeharcsa-fogo-versenykiiras-2024<\/a><a href=\"https:\/\/tiszalucihorgasz.hu\/wp-content\/uploads\/2024\/01\/Torpeharcsa-fogo-versenykiiras-2024.pdf\" class=\"wp-block-file__button wp-element-button\" download aria-describedby=\"wp-block-file--media-a31be91a-2bca-4523-af54-c7ac66db3dad\">Let\u00f6lt\u00e9s<\/a><\/div>\n\n\n\n<div class=\"wp-block-file\"><a id=\"wp-block-file--media-401ce55e-629c-40da-87fb-d758a4dd9c91\" href=\"https:\/\/tiszalucihorgasz.hu\/wp-content\/uploads\/2024\/01\/XIV.-Tiszaluci-Pontyfogo-K-upa-Versenykiiras-2024.pdf\">XIV.-Tiszaluci-Pontyfogo-K-upa-Versenykiiras-2024<\/a><a href=\"https:\/\/tiszalucihorgasz.hu\/wp-content\/uploads\/2024\/01\/XIV.-Tiszaluci-Pontyfogo-K-upa-Versenykiiras-2024.pdf\" class=\"wp-block-file__button wp-element-button\" download aria-describedby=\"wp-block-file--media-401ce55e-629c-40da-87fb-d758a4dd9c91\">Let\u00f6lt\u00e9s<\/a><\/div>\n","protected":false},"excerpt":{"rendered":"","protected":false},"author":1,"featured_media":0,"parent":7,"menu_order":1,"comment_status":"closed","ping_status":"closed","template":"","meta":{"footnotes":""},"class_list":["post-2662","page","type-page","status-publish","hentry"],"_links":{"self":[{"href":"https:\/\/tiszalucihorgasz.hu\/index.php\/wp-json\/wp\/v2\/pages\/2662","targetHints":{"allow":["GET"]}}],"collection":[{"href":"https:\/\/tiszalucihorgasz.hu\/index.php\/wp-json\/wp\/v2\/pages"}],"about":[{"href":"https:\/\/tiszalucihorgasz.hu\/index.php\/wp-json\/wp\/v2\/types\/page"}],"author":[{"embeddable":true,"href":"https:\/\/tiszalucihorgasz.hu\/index.php\/wp-json\/wp\/v2\/users\/1"}],"replies":[{"embeddable":true,"href":"https:\/\/tiszalucihorgasz.hu\/index.php\/wp-json\/wp\/v2\/comments?post=2662"}],"version-history":[{"count":2,"href":"https:\/\/tiszalucihorgasz.hu\/index.php\/wp-json\/wp\/v2\/pages\/2662\/revisions"}],"predecessor-version":[{"id":2844,"href":"https:\/\/tiszalucihorgasz.hu\/index.php\/wp-json\/wp\/v2\/pages\/2662\/revisions\/2844"}],"up":[{"embeddable":true,"href":"https:\/\/tiszalucihorgasz.hu\/index.php\/wp-json\/wp\/v2\/pages\/7"}],"wp:attachment":[{"href":"https:\/\/tiszalucihorgasz.hu\/index.php\/wp-json\/wp\/v2\/media?parent=2662"}],"curies":[{"name":"wp","href":"https:\/\/api.w.org\/{rel}","templated":true}]}}