{"id":2601,"date":"2023-11-15T10:45:39","date_gmt":"2023-11-15T09:45:39","guid":{"rendered":"https:\/\/tiszalucihorgasz.hu\/?page_id=2601"},"modified":"2023-11-15T11:19:46","modified_gmt":"2023-11-15T10:19:46","slug":"telepites-2021","status":"publish","type":"page","link":"https:\/\/tiszalucihorgasz.hu\/index.php\/telepitesi-informaciok\/telepites-2021\/","title":{"rendered":"Telep\u00edt\u00e9s 2021"},"content":{"rendered":"\n<p><br \/><\/p>\n<div class=\"wp-block-group is-vertical is-layout-flex wp-container-core-group-is-layout-8cf370e7 wp-block-group-is-layout-flex\">\n<ol class=\"wp-block-list\" start=\"2021\">\n<li>m\u00e1rcius 24.-\u00e9n 3 000 kg. k\u00e9tnyaras ponty ker\u00fclt kihelyez\u00e9sre az al\u00e1bbi eloszt\u00e1s szerint:<\/li>\n<\/ol>\n<\/div>\n<p> <\/p>\n<p>\u00dcd\u00fcl\u0151telep:<br \/>2 200 kg.<\/p>\n<p> <\/p>\n<p>B\u00e1r\u00e1nyszeg:<br \/>800 kg.<\/p>\n<p> <\/p>\n<p>A kihelyezett pontyok \u00e1tlags\u00falya kb. 60 dkg, \u00edgy kb. 5 000 db. pontyn\u00f6vend\u00e9k ker\u00fclt holt\u00e1gunkba.<\/p>\n<p> <\/p>\n<p>Vigy\u00e1zzunk r\u00e1juk!!! Okozzanak sok \u00f6r\u00f6m\u00f6t nek\u00fcnk horg\u00e1szoknak\u2026<\/p>\n<p> <\/p>\n<p>\u00a0<\/p>\n<p> <\/p>\n<figure class=\"wp-block-image size-large is-style-default\"><img loading=\"lazy\" decoding=\"async\" width=\"640\" height=\"480\" class=\"wp-image-1359\" src=\"https:\/\/tiszalucihorgasz.hu\/wp-content\/uploads\/2021\/03\/4C300EB7-E8E2-457B-A3A7-9AAF8CBCDF80.jpeg\" alt=\"\" srcset=\"https:\/\/tiszalucihorgasz.hu\/wp-content\/uploads\/2021\/03\/4C300EB7-E8E2-457B-A3A7-9AAF8CBCDF80.jpeg 640w, https:\/\/tiszalucihorgasz.hu\/wp-content\/uploads\/2021\/03\/4C300EB7-E8E2-457B-A3A7-9AAF8CBCDF80-300x225.jpeg 300w\" sizes=\"auto, (max-width: 640px) 100vw, 640px\" \/><\/figure>\n<p><\/p>\n\n\n\n<hr class=\"wp-block-separator has-alpha-channel-opacity\"\/>\n\n\n\n<p>2021.05.12-\u00e9n 1 000 kg. h\u00e1romnyaras ponty ker\u00fclt kihelyez\u00e9sre a Tiszal\u00faci Holt-Tisza \u201eP\u00e9terke\u201d szakasz\u00e1n.<\/p>\n<figure class=\"wp-block-image size-large\"><img loading=\"lazy\" decoding=\"async\" class=\"wp-image-1409\" src=\"https:\/\/tiszalucihorgasz.hu\/wp-content\/uploads\/2021\/05\/87BBB656-AF8E-4894-B2D0-75498303D51A.jpeg\" sizes=\"auto, (max-width: 640px) 100vw, 640px\" srcset=\"https:\/\/tiszalucihorgasz.hu\/wp-content\/uploads\/2021\/05\/87BBB656-AF8E-4894-B2D0-75498303D51A.jpeg 640w, https:\/\/tiszalucihorgasz.hu\/wp-content\/uploads\/2021\/05\/87BBB656-AF8E-4894-B2D0-75498303D51A-300x165.jpeg 300w\" alt=\"\" width=\"640\" height=\"352\" \/><\/figure>\n<figure class=\"wp-block-image size-large\"><img loading=\"lazy\" decoding=\"async\" class=\"wp-image-1410\" src=\"https:\/\/tiszalucihorgasz.hu\/wp-content\/uploads\/2021\/05\/D2E9E3EE-8CB8-4882-9745-672A62CB672C.jpeg\" sizes=\"auto, (max-width: 352px) 100vw, 352px\" srcset=\"https:\/\/tiszalucihorgasz.hu\/wp-content\/uploads\/2021\/05\/D2E9E3EE-8CB8-4882-9745-672A62CB672C.jpeg 352w, https:\/\/tiszalucihorgasz.hu\/wp-content\/uploads\/2021\/05\/D2E9E3EE-8CB8-4882-9745-672A62CB672C-165x300.jpeg 165w\" alt=\"\" width=\"352\" height=\"640\" \/><\/figure>\n<figure class=\"wp-block-image size-large\"><img loading=\"lazy\" decoding=\"async\" class=\"wp-image-1412\" src=\"https:\/\/tiszalucihorgasz.hu\/wp-content\/uploads\/2021\/05\/CA785E16-7B22-4E29-BFBA-9699038DFC4C.jpeg\" sizes=\"auto, (max-width: 352px) 100vw, 352px\" srcset=\"https:\/\/tiszalucihorgasz.hu\/wp-content\/uploads\/2021\/05\/CA785E16-7B22-4E29-BFBA-9699038DFC4C.jpeg 352w, https:\/\/tiszalucihorgasz.hu\/wp-content\/uploads\/2021\/05\/CA785E16-7B22-4E29-BFBA-9699038DFC4C-165x300.jpeg 165w\" alt=\"\" width=\"352\" height=\"640\" \/><\/figure>\n<figure class=\"wp-block-image size-large\"><img loading=\"lazy\" decoding=\"async\" class=\"wp-image-1413\" src=\"https:\/\/tiszalucihorgasz.hu\/wp-content\/uploads\/2021\/05\/82AB7C8B-3705-42C1-BE8E-D1B54CEE02C8.jpeg\" sizes=\"auto, (max-width: 352px) 100vw, 352px\" srcset=\"https:\/\/tiszalucihorgasz.hu\/wp-content\/uploads\/2021\/05\/82AB7C8B-3705-42C1-BE8E-D1B54CEE02C8.jpeg 352w, https:\/\/tiszalucihorgasz.hu\/wp-content\/uploads\/2021\/05\/82AB7C8B-3705-42C1-BE8E-D1B54CEE02C8-165x300.jpeg 165w\" alt=\"\" width=\"352\" height=\"640\" \/><\/figure>\n<figure class=\"wp-block-image size-large\"><img loading=\"lazy\" decoding=\"async\" class=\"wp-image-1414\" src=\"https:\/\/tiszalucihorgasz.hu\/wp-content\/uploads\/2021\/05\/42C409FC-E0FB-4CCE-B6C2-9D36F1A2D32B.jpeg\" sizes=\"auto, (max-width: 640px) 100vw, 640px\" srcset=\"https:\/\/tiszalucihorgasz.hu\/wp-content\/uploads\/2021\/05\/42C409FC-E0FB-4CCE-B6C2-9D36F1A2D32B.jpeg 640w, https:\/\/tiszalucihorgasz.hu\/wp-content\/uploads\/2021\/05\/42C409FC-E0FB-4CCE-B6C2-9D36F1A2D32B-300x165.jpeg 300w\" alt=\"\" width=\"640\" height=\"352\" \/><\/figure>\n<figure class=\"wp-block-image size-large\"><img loading=\"lazy\" decoding=\"async\" class=\"wp-image-1415\" src=\"https:\/\/tiszalucihorgasz.hu\/wp-content\/uploads\/2021\/05\/26D4F017-B80B-4F4E-809D-E026A4071DCC.jpeg\" sizes=\"auto, (max-width: 356px) 100vw, 356px\" srcset=\"https:\/\/tiszalucihorgasz.hu\/wp-content\/uploads\/2021\/05\/26D4F017-B80B-4F4E-809D-E026A4071DCC.jpeg 356w, https:\/\/tiszalucihorgasz.hu\/wp-content\/uploads\/2021\/05\/26D4F017-B80B-4F4E-809D-E026A4071DCC-167x300.jpeg 167w\" alt=\"\" width=\"356\" height=\"640\" \/><\/figure>\n\n\n\n<hr class=\"wp-block-separator has-alpha-channel-opacity\"\/>\n\n\n\n<p><\/p>\n<p>2021.05.13-\u00e1n 300 kg. 5 kil\u00f3 feletti (kb. 50 db.) ponty kihelyez\u00e9se t\u00f6rt\u00e9nt meg a Tiszal\u00faci Holt-Tisza &#8222;\u00dcd\u00fcl\u0151telep&#8221; szakasz\u00e1n.<br \/>Rem\u00e9lj\u00fck a ponty \u00e9s sporthorg\u00e1szok nagy \u00f6r\u00f6m\u00e9re.<br \/>K\u00e9rj\u00fck vigy\u00e1zzanak r\u00e1juk!!!<\/p>\n<p>  <!--more-->  <\/p>\n<figure class=\"wp-block-image size-large\"><img loading=\"lazy\" decoding=\"async\" width=\"640\" height=\"352\" class=\"wp-image-1419\" src=\"https:\/\/tiszalucihorgasz.hu\/wp-content\/uploads\/2021\/05\/F78E65E9-997C-4F12-9446-F084FB2E3A83.jpeg\" alt=\"\" srcset=\"https:\/\/tiszalucihorgasz.hu\/wp-content\/uploads\/2021\/05\/F78E65E9-997C-4F12-9446-F084FB2E3A83.jpeg 640w, https:\/\/tiszalucihorgasz.hu\/wp-content\/uploads\/2021\/05\/F78E65E9-997C-4F12-9446-F084FB2E3A83-300x165.jpeg 300w\" sizes=\"auto, (max-width: 640px) 100vw, 640px\" \/><\/figure>\n<p> <\/p>\n<figure class=\"wp-block-image size-large\"><img loading=\"lazy\" decoding=\"async\" width=\"640\" height=\"352\" class=\"wp-image-1420\" src=\"https:\/\/tiszalucihorgasz.hu\/wp-content\/uploads\/2021\/05\/CE494B38-F0DB-45FB-ADEB-683CEC2BF2E4.jpeg\" alt=\"\" srcset=\"https:\/\/tiszalucihorgasz.hu\/wp-content\/uploads\/2021\/05\/CE494B38-F0DB-45FB-ADEB-683CEC2BF2E4.jpeg 640w, https:\/\/tiszalucihorgasz.hu\/wp-content\/uploads\/2021\/05\/CE494B38-F0DB-45FB-ADEB-683CEC2BF2E4-300x165.jpeg 300w\" sizes=\"auto, (max-width: 640px) 100vw, 640px\" \/><\/figure>\n<p> <\/p>\n<figure class=\"wp-block-image size-large\"><img loading=\"lazy\" decoding=\"async\" width=\"640\" height=\"352\" class=\"wp-image-1421\" src=\"https:\/\/tiszalucihorgasz.hu\/wp-content\/uploads\/2021\/05\/1C895E5D-2084-40A2-ADC0-5C980F00C532.jpeg\" alt=\"\" srcset=\"https:\/\/tiszalucihorgasz.hu\/wp-content\/uploads\/2021\/05\/1C895E5D-2084-40A2-ADC0-5C980F00C532.jpeg 640w, https:\/\/tiszalucihorgasz.hu\/wp-content\/uploads\/2021\/05\/1C895E5D-2084-40A2-ADC0-5C980F00C532-300x165.jpeg 300w\" sizes=\"auto, (max-width: 640px) 100vw, 640px\" \/><\/figure>\n<p> <\/p>\n<figure class=\"wp-block-image size-large\"><img loading=\"lazy\" decoding=\"async\" width=\"640\" height=\"360\" class=\"wp-image-1422\" src=\"https:\/\/tiszalucihorgasz.hu\/wp-content\/uploads\/2021\/05\/BD2E650D-00B9-4A12-B38E-146BCB359BC1.jpeg\" alt=\"\" srcset=\"https:\/\/tiszalucihorgasz.hu\/wp-content\/uploads\/2021\/05\/BD2E650D-00B9-4A12-B38E-146BCB359BC1.jpeg 640w, https:\/\/tiszalucihorgasz.hu\/wp-content\/uploads\/2021\/05\/BD2E650D-00B9-4A12-B38E-146BCB359BC1-300x169.jpeg 300w\" sizes=\"auto, (max-width: 640px) 100vw, 640px\" \/><\/figure>\n<p> <\/p>\n<figure class=\"wp-block-image size-large\"><img loading=\"lazy\" decoding=\"async\" width=\"640\" height=\"352\" class=\"wp-image-1423\" src=\"https:\/\/tiszalucihorgasz.hu\/wp-content\/uploads\/2021\/05\/5C03D1F5-9F9D-484C-8C9E-59B07DE9C8EA.jpeg\" alt=\"\" srcset=\"https:\/\/tiszalucihorgasz.hu\/wp-content\/uploads\/2021\/05\/5C03D1F5-9F9D-484C-8C9E-59B07DE9C8EA.jpeg 640w, https:\/\/tiszalucihorgasz.hu\/wp-content\/uploads\/2021\/05\/5C03D1F5-9F9D-484C-8C9E-59B07DE9C8EA-300x165.jpeg 300w\" sizes=\"auto, (max-width: 640px) 100vw, 640px\" \/><\/figure>\n<p> <\/p>\n<figure class=\"wp-block-image size-large\"><img loading=\"lazy\" decoding=\"async\" width=\"640\" height=\"352\" class=\"wp-image-1424\" src=\"https:\/\/tiszalucihorgasz.hu\/wp-content\/uploads\/2021\/05\/A9765231-769C-4E02-BE32-29784186D67C.jpeg\" alt=\"\" srcset=\"https:\/\/tiszalucihorgasz.hu\/wp-content\/uploads\/2021\/05\/A9765231-769C-4E02-BE32-29784186D67C.jpeg 640w, https:\/\/tiszalucihorgasz.hu\/wp-content\/uploads\/2021\/05\/A9765231-769C-4E02-BE32-29784186D67C-300x165.jpeg 300w\" sizes=\"auto, (max-width: 640px) 100vw, 640px\" \/><\/figure>\n<p> <\/p>\n<figure class=\"wp-block-image size-large\"><img loading=\"lazy\" decoding=\"async\" width=\"640\" height=\"352\" class=\"wp-image-1425\" src=\"https:\/\/tiszalucihorgasz.hu\/wp-content\/uploads\/2021\/05\/F09BA14E-BEEA-4D4E-BC6D-77D4FBBE7C91.jpeg\" alt=\"\" srcset=\"https:\/\/tiszalucihorgasz.hu\/wp-content\/uploads\/2021\/05\/F09BA14E-BEEA-4D4E-BC6D-77D4FBBE7C91.jpeg 640w, https:\/\/tiszalucihorgasz.hu\/wp-content\/uploads\/2021\/05\/F09BA14E-BEEA-4D4E-BC6D-77D4FBBE7C91-300x165.jpeg 300w\" sizes=\"auto, (max-width: 640px) 100vw, 640px\" \/><\/figure>\n<p> <\/p>\n<figure class=\"wp-block-image size-large\"><img loading=\"lazy\" decoding=\"async\" width=\"640\" height=\"352\" class=\"wp-image-1426\" src=\"https:\/\/tiszalucihorgasz.hu\/wp-content\/uploads\/2021\/05\/4CCF47DE-6DDC-4530-AEEA-31A7A55DD93E.jpeg\" alt=\"\" srcset=\"https:\/\/tiszalucihorgasz.hu\/wp-content\/uploads\/2021\/05\/4CCF47DE-6DDC-4530-AEEA-31A7A55DD93E.jpeg 640w, https:\/\/tiszalucihorgasz.hu\/wp-content\/uploads\/2021\/05\/4CCF47DE-6DDC-4530-AEEA-31A7A55DD93E-300x165.jpeg 300w\" sizes=\"auto, (max-width: 640px) 100vw, 640px\" \/><\/figure>\n<p> <\/p>\n<figure class=\"wp-block-image size-large\"><img loading=\"lazy\" decoding=\"async\" width=\"640\" height=\"352\" class=\"wp-image-1427\" src=\"https:\/\/tiszalucihorgasz.hu\/wp-content\/uploads\/2021\/05\/EEE4920D-468B-468E-A288-1D4C52F1659F.jpeg\" alt=\"\" srcset=\"https:\/\/tiszalucihorgasz.hu\/wp-content\/uploads\/2021\/05\/EEE4920D-468B-468E-A288-1D4C52F1659F.jpeg 640w, https:\/\/tiszalucihorgasz.hu\/wp-content\/uploads\/2021\/05\/EEE4920D-468B-468E-A288-1D4C52F1659F-300x165.jpeg 300w\" sizes=\"auto, (max-width: 640px) 100vw, 640px\" \/><\/figure>\n<p> <\/p>\n<figure class=\"wp-block-image size-large\"><img loading=\"lazy\" decoding=\"async\" width=\"640\" height=\"352\" class=\"wp-image-1428\" src=\"https:\/\/tiszalucihorgasz.hu\/wp-content\/uploads\/2021\/05\/4DB14C1C-3CB4-4ECE-A6EF-825E5B9E6A5D.jpeg\" alt=\"\" srcset=\"https:\/\/tiszalucihorgasz.hu\/wp-content\/uploads\/2021\/05\/4DB14C1C-3CB4-4ECE-A6EF-825E5B9E6A5D.jpeg 640w, https:\/\/tiszalucihorgasz.hu\/wp-content\/uploads\/2021\/05\/4DB14C1C-3CB4-4ECE-A6EF-825E5B9E6A5D-300x165.jpeg 300w\" sizes=\"auto, (max-width: 640px) 100vw, 640px\" \/><\/figure>\n<p><\/p>\n\n\n\n<hr class=\"wp-block-separator has-alpha-channel-opacity\"\/>\n\n\n\n<p>2021.11.22. -\u00e9n 2 000 kg k\u00e9tnyaras ponty ker\u00fclt kihelyez\u00e9sre a Tiszal\u00faci holt\u00e1g al\u00e1bbi helysz\u00edneire:<\/p>\n<p>\u00dcd\u00fcl\u0151\u00f6vezet<br \/>B\u00e1r\u00e1nyszeg<\/p>\n<p>A pontyok kb. 60 dkg \u00e1tlag t\u00f6meg\u0171ek, a kihelyezett egyedsz\u00e1ma kb. 3000 db.<\/p>\n<figure class=\"wp-block-image size-large\"><img loading=\"lazy\" decoding=\"async\" class=\"wp-image-1521\" src=\"https:\/\/tiszalucihorgasz.hu\/wp-content\/uploads\/2021\/11\/0CC9A823-4D0B-4AE8-B275-7D273C567CDA.jpeg\" sizes=\"auto, (max-width: 640px) 100vw, 640px\" srcset=\"https:\/\/tiszalucihorgasz.hu\/wp-content\/uploads\/2021\/11\/0CC9A823-4D0B-4AE8-B275-7D273C567CDA.jpeg 640w, https:\/\/tiszalucihorgasz.hu\/wp-content\/uploads\/2021\/11\/0CC9A823-4D0B-4AE8-B275-7D273C567CDA-300x135.jpeg 300w\" alt=\"\" width=\"640\" height=\"288\" \/><\/figure>\n<figure class=\"wp-block-image size-large\"><img loading=\"lazy\" decoding=\"async\" class=\"wp-image-1522\" src=\"https:\/\/tiszalucihorgasz.hu\/wp-content\/uploads\/2021\/11\/58C2D4F3-AE9C-4D22-B892-2BDAE6FB718C.jpeg\" sizes=\"auto, (max-width: 640px) 100vw, 640px\" srcset=\"https:\/\/tiszalucihorgasz.hu\/wp-content\/uploads\/2021\/11\/58C2D4F3-AE9C-4D22-B892-2BDAE6FB718C.jpeg 640w, https:\/\/tiszalucihorgasz.hu\/wp-content\/uploads\/2021\/11\/58C2D4F3-AE9C-4D22-B892-2BDAE6FB718C-300x135.jpeg 300w\" alt=\"\" width=\"640\" height=\"288\" \/><\/figure>\n<figure class=\"wp-block-image size-large\"><img loading=\"lazy\" decoding=\"async\" class=\"wp-image-1523\" src=\"https:\/\/tiszalucihorgasz.hu\/wp-content\/uploads\/2021\/11\/0217217A-AD78-4362-8AEF-802F8A913611.jpeg\" sizes=\"auto, (max-width: 640px) 100vw, 640px\" srcset=\"https:\/\/tiszalucihorgasz.hu\/wp-content\/uploads\/2021\/11\/0217217A-AD78-4362-8AEF-802F8A913611.jpeg 640w, https:\/\/tiszalucihorgasz.hu\/wp-content\/uploads\/2021\/11\/0217217A-AD78-4362-8AEF-802F8A913611-300x135.jpeg 300w\" alt=\"\" width=\"640\" height=\"288\" \/><\/figure>\n<figure class=\"wp-block-image size-large\"><img loading=\"lazy\" decoding=\"async\" class=\"wp-image-1524\" src=\"https:\/\/tiszalucihorgasz.hu\/wp-content\/uploads\/2021\/11\/DAE0D5FE-7E85-4EAB-A88D-CBC8DEB66B70.jpeg\" sizes=\"auto, (max-width: 640px) 100vw, 640px\" srcset=\"https:\/\/tiszalucihorgasz.hu\/wp-content\/uploads\/2021\/11\/DAE0D5FE-7E85-4EAB-A88D-CBC8DEB66B70.jpeg 640w, https:\/\/tiszalucihorgasz.hu\/wp-content\/uploads\/2021\/11\/DAE0D5FE-7E85-4EAB-A88D-CBC8DEB66B70-300x135.jpeg 300w\" alt=\"\" width=\"640\" height=\"288\" \/><\/figure>\n<figure class=\"wp-block-image size-large\"><img loading=\"lazy\" decoding=\"async\" class=\"wp-image-1525\" src=\"https:\/\/tiszalucihorgasz.hu\/wp-content\/uploads\/2021\/11\/5EA8F6F7-E33D-41AF-BEDF-FF904E381B87.jpeg\" sizes=\"auto, (max-width: 640px) 100vw, 640px\" srcset=\"https:\/\/tiszalucihorgasz.hu\/wp-content\/uploads\/2021\/11\/5EA8F6F7-E33D-41AF-BEDF-FF904E381B87.jpeg 640w, https:\/\/tiszalucihorgasz.hu\/wp-content\/uploads\/2021\/11\/5EA8F6F7-E33D-41AF-BEDF-FF904E381B87-300x135.jpeg 300w\" alt=\"\" width=\"640\" height=\"288\" \/><\/figure>\n\n\n\n<hr class=\"wp-block-separator has-alpha-channel-opacity\"\/>\n","protected":false},"excerpt":{"rendered":"","protected":false},"author":1,"featured_media":0,"parent":98,"menu_order":10,"comment_status":"closed","ping_status":"closed","template":"","meta":{"footnotes":""},"class_list":["post-2601","page","type-page","status-publish","hentry"],"_links":{"self":[{"href":"https:\/\/tiszalucihorgasz.hu\/index.php\/wp-json\/wp\/v2\/pages\/2601","targetHints":{"allow":["GET"]}}],"collection":[{"href":"https:\/\/tiszalucihorgasz.hu\/index.php\/wp-json\/wp\/v2\/pages"}],"about":[{"href":"https:\/\/tiszalucihorgasz.hu\/index.php\/wp-json\/wp\/v2\/types\/page"}],"author":[{"embeddable":true,"href":"https:\/\/tiszalucihorgasz.hu\/index.php\/wp-json\/wp\/v2\/users\/1"}],"replies":[{"embeddable":true,"href":"https:\/\/tiszalucihorgasz.hu\/index.php\/wp-json\/wp\/v2\/comments?post=2601"}],"version-history":[{"count":2,"href":"https:\/\/tiszalucihorgasz.hu\/index.php\/wp-json\/wp\/v2\/pages\/2601\/revisions"}],"predecessor-version":[{"id":2609,"href":"https:\/\/tiszalucihorgasz.hu\/index.php\/wp-json\/wp\/v2\/pages\/2601\/revisions\/2609"}],"up":[{"embeddable":true,"href":"https:\/\/tiszalucihorgasz.hu\/index.php\/wp-json\/wp\/v2\/pages\/98"}],"wp:attachment":[{"href":"https:\/\/tiszalucihorgasz.hu\/index.php\/wp-json\/wp\/v2\/media?parent=2601"}],"curies":[{"name":"wp","href":"https:\/\/api.w.org\/{rel}","templated":true}]}}