{"id":26,"date":"2016-03-31T12:10:42","date_gmt":"2016-03-31T12:10:42","guid":{"rendered":"https:\/\/tiszalucihorgasz.hu\/?page_id=26"},"modified":"2026-01-11T16:44:08","modified_gmt":"2026-01-11T15:44:08","slug":"szabalyzatok","status":"publish","type":"page","link":"https:\/\/tiszalucihorgasz.hu\/index.php\/szabalyzatok\/","title":{"rendered":"Szab\u00e1lyzatok"},"content":{"rendered":"\n<figure class=\"wp-block-image size-large\"><img loading=\"lazy\" decoding=\"async\" width=\"1024\" height=\"727\" src=\"https:\/\/tiszalucihorgasz.hu\/wp-content\/uploads\/2025\/12\/Unknown-1024x727.jpg\" alt=\"\" class=\"wp-image-3290\" srcset=\"https:\/\/tiszalucihorgasz.hu\/wp-content\/uploads\/2025\/12\/Unknown-1024x727.jpg 1024w, https:\/\/tiszalucihorgasz.hu\/wp-content\/uploads\/2025\/12\/Unknown-300x213.jpg 300w, https:\/\/tiszalucihorgasz.hu\/wp-content\/uploads\/2025\/12\/Unknown-768x545.jpg 768w, https:\/\/tiszalucihorgasz.hu\/wp-content\/uploads\/2025\/12\/Unknown-1536x1090.jpg 1536w, https:\/\/tiszalucihorgasz.hu\/wp-content\/uploads\/2025\/12\/Unknown.jpg 1749w\" sizes=\"auto, (max-width: 1024px) 100vw, 1024px\" \/><\/figure>\n\n\n\n<div data-wp-interactive=\"core\/file\" class=\"wp-block-file\"><object data-wp-bind--hidden=\"!state.hasPdfPreview\" hidden class=\"wp-block-file__embed\" data=\"https:\/\/tiszalucihorgasz.hu\/wp-content\/uploads\/2025\/01\/orszagos_horgaszrend_2025.pdf\" type=\"application\/pdf\" style=\"width:100%;height:600px\" aria-label=\"orszagos_horgaszrend_2025 be\u00e1gyaz\u00e1sa\"><\/object><a id=\"wp-block-file--media-34318c4f-7902-456e-88d3-83b01809d235\" href=\"https:\/\/tiszalucihorgasz.hu\/wp-content\/uploads\/2025\/01\/orszagos_horgaszrend_2025.pdf\">orszagos_horgaszrend_2025<\/a><a href=\"https:\/\/tiszalucihorgasz.hu\/wp-content\/uploads\/2025\/01\/orszagos_horgaszrend_2025.pdf\" class=\"wp-block-file__button wp-element-button\" download aria-describedby=\"wp-block-file--media-34318c4f-7902-456e-88d3-83b01809d235\">Let\u00f6lt\u00e9s<\/a><\/div>\n\n\n\n<div data-wp-interactive=\"core\/file\" class=\"wp-block-file\"><object data-wp-bind--hidden=\"!state.hasPdfPreview\" hidden class=\"wp-block-file__embed\" data=\"https:\/\/tiszalucihorgasz.hu\/wp-content\/uploads\/2025\/12\/Helyi-horgaszrend-2026-HORINFO.pdf\" type=\"application\/pdf\" style=\"width:100%;height:600px\" aria-label=\"Helyi horg\u00e1szrend 2026 HORINFO be\u00e1gyaz\u00e1sa\"><\/object><a id=\"wp-block-file--media-ca33e43e-93df-4fe1-9832-1ff7386d0dda\" href=\"https:\/\/tiszalucihorgasz.hu\/wp-content\/uploads\/2025\/12\/Helyi-horgaszrend-2026-HORINFO.pdf\">Helyi horg\u00e1szrend 2026 HORINFO<\/a><a href=\"https:\/\/tiszalucihorgasz.hu\/wp-content\/uploads\/2025\/12\/Helyi-horgaszrend-2026-HORINFO.pdf\" class=\"wp-block-file__button wp-element-button\" download aria-describedby=\"wp-block-file--media-ca33e43e-93df-4fe1-9832-1ff7386d0dda\">Let\u00f6lt\u00e9s<\/a><\/div>\n\n\n\n<div class=\"wp-block-buttons is-layout-flex wp-block-buttons-is-layout-flex\">\n<div class=\"wp-block-button is-style-outline is-style-outline--1\"><a class=\"wp-block-button__link has-white-color has-luminous-vivid-amber-to-luminous-vivid-orange-gradient-background has-text-color has-background has-link-color wp-element-button\" href=\"https:\/\/tiszalucihorgasz.hu\/wp-content\/uploads\/2025\/06\/Alapszabaly-Tiszaluc.pdf\">Alapszab\u00e1ly Tiszal\u00fac<\/a><\/div>\n<\/div>\n\n\n\n<div class=\"wp-block-buttons is-layout-flex wp-block-buttons-is-layout-flex\">\n<div class=\"wp-block-button is-style-outline is-style-outline--2\"><a class=\"wp-block-button__link has-black-color has-light-green-cyan-to-vivid-green-cyan-gradient-background has-text-color has-background has-link-color wp-element-button\" href=\"https:\/\/tiszalucihorgasz.hu\/wp-content\/uploads\/2025\/12\/Helyi-horgaszrend-2026-HORINFO.pdf\">Helyi Horg\u00e1szrend 2026<\/a><\/div>\n\n\n\n<div class=\"wp-block-button is-style-outline is-style-outline--3\"><a class=\"wp-block-button__link has-black-color has-light-green-cyan-to-vivid-green-cyan-gradient-background has-text-color has-background has-link-color wp-element-button\" href=\"https:\/\/nyito.mohosz.hu\/index.php\/horgaszvizeink\/69-jegyrendszer\/820-orszagos-horgaszrend-2025\">Orsz\u00e1gos Horg\u00e1szrend 2026<\/a><\/div>\n<\/div>\n\n\n\n<div class=\"wp-block-buttons is-layout-flex wp-block-buttons-is-layout-flex\">\n<div class=\"wp-block-button is-style-outline is-style-outline--4\"><a class=\"wp-block-button__link has-white-color has-vivid-cyan-blue-to-vivid-purple-gradient-background has-text-color has-background has-link-color wp-element-button\" href=\"https:\/\/net.jogtar.hu\/jogszabaly?docid=a1300133.vm\">133\/2013. (XII. 29.) VM rendelet a halgazd\u00e1lkod\u00e1s \u00e9s a halv\u00e9delem egyes szab\u00e1lyainak meg\u00e1llap\u00edt\u00e1s\u00e1r\u00f3l<\/a><\/div>\n<\/div>\n\n\n\n<div class=\"wp-block-buttons is-layout-flex wp-block-buttons-is-layout-flex\">\n<div class=\"wp-block-button is-style-outline is-style-outline--5\"><a class=\"wp-block-button__link has-white-color has-vivid-cyan-blue-to-vivid-purple-gradient-background has-text-color has-background has-link-color wp-element-button\" href=\"https:\/\/net.jogtar.hu\/jogszabaly?docid=a1300102.tv\">2013. \u00e9vi CII. t\u00f6rv\u00e9ny a halgazd\u00e1lkod\u00e1sr\u00f3l \u00e9s a hal v\u00e9delm\u00e9r\u0151l<\/a><\/div>\n<\/div>\n\n\n\n<div class=\"wp-block-buttons is-layout-flex wp-block-buttons-is-layout-flex\">\n<div class=\"wp-block-button is-style-outline is-style-outline--6\"><a class=\"wp-block-button__link has-white-color has-luminous-vivid-amber-to-luminous-vivid-orange-gradient-background has-text-color has-background has-link-color wp-element-button\" href=\"https:\/\/tiszalucihorgasz.hu\/wp-content\/uploads\/2024\/03\/Tagfelveteli-kerelem-SHE-Tiszaluc.pdf\">Tagfelveteli k\u00e9relem SHE Tiszal\u00fac<\/a><\/div>\n<\/div>\n\n\n\n<div class=\"wp-block-buttons is-layout-flex wp-block-buttons-is-layout-flex\">\n<div class=\"wp-block-button is-style-outline is-style-outline--7\"><a class=\"wp-block-button__link has-white-color has-luminous-vivid-amber-to-luminous-vivid-orange-gradient-background has-text-color has-background has-link-color wp-element-button\" href=\"https:\/\/tiszalucihorgasz.hu\/wp-content\/uploads\/2023\/02\/Csonak-kotelezo-felszerelese.jpg\">Cs\u00f3nak k\u00f6telez\u0151 felszerel\u00e9se<\/a><\/div>\n<\/div>\n\n\n\n<div class=\"wp-block-buttons is-layout-flex wp-block-buttons-is-layout-flex\">\n<div class=\"wp-block-button is-style-outline is-style-outline--8\"><a class=\"wp-block-button__link has-white-color has-luminous-vivid-amber-to-luminous-vivid-orange-gradient-background has-text-color has-background has-link-color wp-element-button\" href=\"https:\/\/tiszalucihorgasz.hu\/wp-content\/uploads\/2023\/03\/Viziallasok-kialakitasanak-szabalyozasa-2022-BNPI.pdf\" target=\"_blank\" rel=\"noreferrer noopener\">V\u00edz\u00e1ll\u00e1sok Kialak\u00edt\u00e1s\u00e1nak Szab\u00e1lyoz\u00e1sa 2022<\/a><\/div>\n<\/div>\n\n\n\n<div class=\"wp-block-buttons is-layout-flex wp-block-buttons-is-layout-flex\">\n<div class=\"wp-block-button is-style-outline is-style-outline--9\"><a class=\"wp-block-button__link has-white-color has-luminous-vivid-amber-to-luminous-vivid-orange-gradient-background has-text-color has-background has-link-color wp-element-button\" href=\"https:\/\/tiszalucihorgasz.hu\/wp-content\/uploads\/2022\/11\/stegkerelem.pdf\">St\u00e9g k\u00e9relem<\/a><\/div>\n<\/div>\n\n\n\n<div class=\"wp-block-buttons is-layout-flex wp-block-buttons-is-layout-flex\">\n<div class=\"wp-block-button is-style-outline is-style-outline--10\"><a class=\"wp-block-button__link has-white-color has-luminous-vivid-amber-to-luminous-vivid-orange-gradient-background has-text-color has-background has-link-color wp-element-button\" href=\"https:\/\/tiszalucihorgasz.hu\/wp-content\/uploads\/2023\/02\/A-jegen-tartozkodas-szabalyai.pdf\">A j\u00e9gen tart\u00f3zkod\u00e1s szab\u00e1lyai<\/a><\/div>\n<\/div>\n\n\n\n<div class=\"wp-block-buttons is-layout-flex wp-block-buttons-is-layout-flex\">\n<div class=\"wp-block-button is-style-outline is-style-outline--11\"><a class=\"wp-block-button__link has-white-color has-luminous-vivid-amber-to-luminous-vivid-orange-gradient-background has-text-color has-background has-link-color wp-element-button\" href=\"https:\/\/tiszalucihorgasz.hu\/wp-content\/uploads\/2023\/02\/Szabadvizben-a-furdes-szabalyai.pdf\">Szabadvizben a f\u00fcrd\u00e9s szab\u00e1lyai<\/a><\/div>\n<\/div>\n\n\n\n<div class=\"wp-block-buttons is-layout-flex wp-block-buttons-is-layout-flex\">\n<div class=\"wp-block-button is-style-outline is-style-outline--12\"><a class=\"wp-block-button__link has-white-color has-luminous-vivid-amber-to-luminous-vivid-orange-gradient-background has-text-color has-background has-link-color wp-element-button\" href=\"https:\/\/tiszalucihorgasz.hu\/wp-content\/uploads\/2026\/01\/nadkaszalas-1.pdf\">N\u00e1dkasz\u00e1l\u00e1s szab\u00e1lyai<\/a><\/div>\n<\/div>\n","protected":false},"excerpt":{"rendered":"","protected":false},"author":1,"featured_media":0,"parent":0,"menu_order":0,"comment_status":"closed","ping_status":"closed","template":"","meta":{"footnotes":""},"class_list":["post-26","page","type-page","status-publish","hentry"],"_links":{"self":[{"href":"https:\/\/tiszalucihorgasz.hu\/index.php\/wp-json\/wp\/v2\/pages\/26","targetHints":{"allow":["GET"]}}],"collection":[{"href":"https:\/\/tiszalucihorgasz.hu\/index.php\/wp-json\/wp\/v2\/pages"}],"about":[{"href":"https:\/\/tiszalucihorgasz.hu\/index.php\/wp-json\/wp\/v2\/types\/page"}],"author":[{"embeddable":true,"href":"https:\/\/tiszalucihorgasz.hu\/index.php\/wp-json\/wp\/v2\/users\/1"}],"replies":[{"embeddable":true,"href":"https:\/\/tiszalucihorgasz.hu\/index.php\/wp-json\/wp\/v2\/comments?post=26"}],"version-history":[{"count":35,"href":"https:\/\/tiszalucihorgasz.hu\/index.php\/wp-json\/wp\/v2\/pages\/26\/revisions"}],"predecessor-version":[{"id":3346,"href":"https:\/\/tiszalucihorgasz.hu\/index.php\/wp-json\/wp\/v2\/pages\/26\/revisions\/3346"}],"wp:attachment":[{"href":"https:\/\/tiszalucihorgasz.hu\/index.php\/wp-json\/wp\/v2\/media?parent=26"}],"curies":[{"name":"wp","href":"https:\/\/api.w.org\/{rel}","templated":true}]}}