{"id":2505,"date":"2023-09-11T09:31:27","date_gmt":"2023-09-11T07:31:27","guid":{"rendered":"https:\/\/tiszalucihorgasz.hu\/?page_id=2505"},"modified":"2023-09-11T09:31:27","modified_gmt":"2023-09-11T07:31:27","slug":"akacos-es-peterke","status":"publish","type":"page","link":"https:\/\/tiszalucihorgasz.hu\/index.php\/horgaszhelyek\/akacos-es-peterke\/","title":{"rendered":"&#8222;Ak\u00e1cos&#8221; \u00e9s &#8222;P\u00e9terke&#8221;"},"content":{"rendered":"\n<div class=\"x11i5rnm xat24cr x1mh8g0r x1vvkbs xtlvy1s x126k92a\">\n<div dir=\"auto\">Az \u00fcd\u00fcl\u0151\u00f6vezetet elhagyva egy jelleg\u00e9ben eg\u00e9szen m\u00e1s szakaszra \u00e9rkezt\u00fcnk. Itt egy hangulatos ak\u00e1cerd\u0151b\u0151l horg\u00e1szhatunk (innen az Ak\u00e1cos elnevez\u00e9s) a szemk\u00f6zti n\u00e1dasos, gy\u00e9k\u00e9nyes parti s\u00e1v el\u00e9. A horg\u00e1szhelyek els\u0151sorban st\u00e9gek, s\u0151t n\u00e9melyik st\u00e9gen val\u00f3s\u00e1gos kis horg\u00e1szkunyh\u00f3 van fel\u00e9p\u00edtve. A v\u00edzm\u00e9lys\u00e9g \u00e1tlagosan 2-3 m\u00e9ter m\u00e9ly, amelynek k\u00f6sz\u00f6nhet\u0151en az \u201eAk\u00e1cos\u201d eg\u00e9sz \u00e9vben j\u00f3 fog\u00e1si es\u00e9lyekkel kecsegtet\u0151 szakasz. A part menti akad\u00f3kat kifejezetten \u00e9rdemes horg\u00e1szni, az erd\u0151b\u0151l kid\u0151lt, \u00f6reg, v\u00edzbed\u0151lt f\u00e1k nagy \u00e9s vad pontyok illetve sz\u00e9p s\u00fcll\u0151k lakhelyei. A horg\u00e1szegyes\u00fclet rendszeresen rendez ezen a szakaszon feeder \u00e9s pontyfog\u00f3 versenyeket, nem v\u00e9letlen\u00fcl. Az Ak\u00e1cosi helyek megk\u00f6zel\u00edt\u00e9se a holt\u00e1g d\u00e9li g\u00e1tj\u00e1r\u00f3l lehajtva lehets\u00e9ges.<\/div>\n<\/div>\n<div class=\"x11i5rnm xat24cr x1mh8g0r x1vvkbs xtlvy1s x126k92a\">\n<div dir=\"auto\">Az \u201eAk\u00e1cos\u201d nev\u0171 r\u00e9szt k\u00f6vet\u0151en a befoly\u00f3 csatorn\u00e1t\u00f3l a \u201eP\u00e9terke\u201d elnevez\u00e9s\u0171 szakasz k\u00f6vetkezik a Tiszavir\u00e1g Kempingig. Ez a szakasz jelleg\u00e9ben nagyon hasonl\u00f3 az \u201eAk\u00e1cos\u201d nev\u0171 r\u00e9szhez, erd\u0151s parti helyeken, illetve \u00e9p\u00edtett st\u00e9geken lehets\u00e9ges a horg\u00e1szat. A t\u00falparton itt is n\u00e1dasos, v\u00edzin\u00f6v\u00e9nyekkel ben\u0151tt haltart\u00f3 helyek tal\u00e1lhat\u00f3ak. A v\u00edzm\u00e9lys\u00e9g a kempinghez k\u00f6zeledve sz\u00e9p lassan, de fokozatosan m\u00e9ly\u00fcl. Megk\u00f6zel\u00edt\u00e9se legegyszer\u0171bben a Tiszal\u00fac \u00e9s Tiszadob k\u00f6z\u00f6tti \u00fatr\u00f3l balra lekanyarodva a Tiszavir\u00e1g kemping fel\u00e9, majd a g\u00e1tra balra felhajtva lehets\u00e9ges. Sok termetes hal ker\u00fclt m\u00e1r horogv\u00e9gre ezeken a helyeken is.<\/div>\n<\/div>\n<div class=\"x11i5rnm xat24cr x1mh8g0r x1vvkbs xtlvy1s x126k92a\">\n<div dir=\"auto\">Tov\u00e1bbi inform\u00e1ci\u00f3k a k\u00e9peken:<\/div>\n<div dir=\"auto\">\u00a0<\/div>\n<\/div>\n\n\n\n<figure class=\"wp-block-gallery has-nested-images columns-default is-cropped wp-block-gallery-1 is-layout-flex wp-block-gallery-is-layout-flex\">\n<figure class=\"wp-block-image size-large\"><img loading=\"lazy\" decoding=\"async\" width=\"1024\" height=\"461\" data-id=\"2511\" src=\"https:\/\/tiszalucihorgasz.hu\/wp-content\/uploads\/2023\/09\/326892171_1151675255513915_5704670088245808807_n-1024x461.jpg\" alt=\"\" class=\"wp-image-2511\" srcset=\"https:\/\/tiszalucihorgasz.hu\/wp-content\/uploads\/2023\/09\/326892171_1151675255513915_5704670088245808807_n-1024x461.jpg 1024w, https:\/\/tiszalucihorgasz.hu\/wp-content\/uploads\/2023\/09\/326892171_1151675255513915_5704670088245808807_n-300x135.jpg 300w, https:\/\/tiszalucihorgasz.hu\/wp-content\/uploads\/2023\/09\/326892171_1151675255513915_5704670088245808807_n-768x346.jpg 768w, https:\/\/tiszalucihorgasz.hu\/wp-content\/uploads\/2023\/09\/326892171_1151675255513915_5704670088245808807_n-1536x691.jpg 1536w, https:\/\/tiszalucihorgasz.hu\/wp-content\/uploads\/2023\/09\/326892171_1151675255513915_5704670088245808807_n-2048x922.jpg 2048w\" sizes=\"auto, (max-width: 1024px) 100vw, 1024px\" \/><\/figure>\n\n\n\n<figure class=\"wp-block-image size-large\"><img loading=\"lazy\" decoding=\"async\" width=\"1024\" height=\"461\" data-id=\"2510\" src=\"https:\/\/tiszalucihorgasz.hu\/wp-content\/uploads\/2023\/09\/327042421_1888363254849043_4742264634236963726_n-1024x461.jpg\" alt=\"\" class=\"wp-image-2510\" srcset=\"https:\/\/tiszalucihorgasz.hu\/wp-content\/uploads\/2023\/09\/327042421_1888363254849043_4742264634236963726_n-1024x461.jpg 1024w, https:\/\/tiszalucihorgasz.hu\/wp-content\/uploads\/2023\/09\/327042421_1888363254849043_4742264634236963726_n-300x135.jpg 300w, https:\/\/tiszalucihorgasz.hu\/wp-content\/uploads\/2023\/09\/327042421_1888363254849043_4742264634236963726_n-768x346.jpg 768w, https:\/\/tiszalucihorgasz.hu\/wp-content\/uploads\/2023\/09\/327042421_1888363254849043_4742264634236963726_n-1536x691.jpg 1536w, https:\/\/tiszalucihorgasz.hu\/wp-content\/uploads\/2023\/09\/327042421_1888363254849043_4742264634236963726_n-2048x922.jpg 2048w\" sizes=\"auto, (max-width: 1024px) 100vw, 1024px\" \/><\/figure>\n\n\n\n<figure class=\"wp-block-image size-large\"><img loading=\"lazy\" decoding=\"async\" width=\"960\" height=\"720\" data-id=\"2516\" src=\"https:\/\/tiszalucihorgasz.hu\/wp-content\/uploads\/2023\/09\/327073942_3498019217099925_594713587665680323_n.jpg\" alt=\"\" class=\"wp-image-2516\" srcset=\"https:\/\/tiszalucihorgasz.hu\/wp-content\/uploads\/2023\/09\/327073942_3498019217099925_594713587665680323_n.jpg 960w, https:\/\/tiszalucihorgasz.hu\/wp-content\/uploads\/2023\/09\/327073942_3498019217099925_594713587665680323_n-300x225.jpg 300w, https:\/\/tiszalucihorgasz.hu\/wp-content\/uploads\/2023\/09\/327073942_3498019217099925_594713587665680323_n-768x576.jpg 768w\" sizes=\"auto, (max-width: 960px) 100vw, 960px\" \/><\/figure>\n\n\n\n<figure class=\"wp-block-image size-large\"><img loading=\"lazy\" decoding=\"async\" width=\"960\" height=\"720\" data-id=\"2507\" src=\"https:\/\/tiszalucihorgasz.hu\/wp-content\/uploads\/2023\/09\/327080645_916198772890346_2361805795834187120_n.jpg\" alt=\"\" class=\"wp-image-2507\" srcset=\"https:\/\/tiszalucihorgasz.hu\/wp-content\/uploads\/2023\/09\/327080645_916198772890346_2361805795834187120_n.jpg 960w, https:\/\/tiszalucihorgasz.hu\/wp-content\/uploads\/2023\/09\/327080645_916198772890346_2361805795834187120_n-300x225.jpg 300w, https:\/\/tiszalucihorgasz.hu\/wp-content\/uploads\/2023\/09\/327080645_916198772890346_2361805795834187120_n-768x576.jpg 768w\" sizes=\"auto, (max-width: 960px) 100vw, 960px\" \/><\/figure>\n\n\n\n<figure class=\"wp-block-image size-large\"><img loading=\"lazy\" decoding=\"async\" width=\"960\" height=\"720\" data-id=\"2506\" src=\"https:\/\/tiszalucihorgasz.hu\/wp-content\/uploads\/2023\/09\/327567063_717705083349393_5692238844174328317_n.jpg\" alt=\"\" class=\"wp-image-2506\" srcset=\"https:\/\/tiszalucihorgasz.hu\/wp-content\/uploads\/2023\/09\/327567063_717705083349393_5692238844174328317_n.jpg 960w, https:\/\/tiszalucihorgasz.hu\/wp-content\/uploads\/2023\/09\/327567063_717705083349393_5692238844174328317_n-300x225.jpg 300w, https:\/\/tiszalucihorgasz.hu\/wp-content\/uploads\/2023\/09\/327567063_717705083349393_5692238844174328317_n-768x576.jpg 768w\" sizes=\"auto, (max-width: 960px) 100vw, 960px\" \/><\/figure>\n\n\n\n<figure class=\"wp-block-image size-large\"><img loading=\"lazy\" decoding=\"async\" width=\"1024\" height=\"461\" data-id=\"2509\" src=\"https:\/\/tiszalucihorgasz.hu\/wp-content\/uploads\/2023\/09\/327691154_728531335506846_5688400118478928123_n-1024x461.jpg\" alt=\"\" class=\"wp-image-2509\" srcset=\"https:\/\/tiszalucihorgasz.hu\/wp-content\/uploads\/2023\/09\/327691154_728531335506846_5688400118478928123_n-1024x461.jpg 1024w, https:\/\/tiszalucihorgasz.hu\/wp-content\/uploads\/2023\/09\/327691154_728531335506846_5688400118478928123_n-300x135.jpg 300w, https:\/\/tiszalucihorgasz.hu\/wp-content\/uploads\/2023\/09\/327691154_728531335506846_5688400118478928123_n-768x346.jpg 768w, https:\/\/tiszalucihorgasz.hu\/wp-content\/uploads\/2023\/09\/327691154_728531335506846_5688400118478928123_n-1536x691.jpg 1536w, https:\/\/tiszalucihorgasz.hu\/wp-content\/uploads\/2023\/09\/327691154_728531335506846_5688400118478928123_n-2048x922.jpg 2048w\" sizes=\"auto, (max-width: 1024px) 100vw, 1024px\" \/><\/figure>\n\n\n\n<figure class=\"wp-block-image size-large\"><img loading=\"lazy\" decoding=\"async\" width=\"960\" height=\"720\" data-id=\"2512\" src=\"https:\/\/tiszalucihorgasz.hu\/wp-content\/uploads\/2023\/09\/327734404_543515784399385_6648580577359786842_n.jpg\" alt=\"\" class=\"wp-image-2512\" srcset=\"https:\/\/tiszalucihorgasz.hu\/wp-content\/uploads\/2023\/09\/327734404_543515784399385_6648580577359786842_n.jpg 960w, https:\/\/tiszalucihorgasz.hu\/wp-content\/uploads\/2023\/09\/327734404_543515784399385_6648580577359786842_n-300x225.jpg 300w, https:\/\/tiszalucihorgasz.hu\/wp-content\/uploads\/2023\/09\/327734404_543515784399385_6648580577359786842_n-768x576.jpg 768w\" sizes=\"auto, (max-width: 960px) 100vw, 960px\" \/><\/figure>\n\n\n\n<figure class=\"wp-block-image size-large\"><img loading=\"lazy\" decoding=\"async\" width=\"1024\" height=\"461\" data-id=\"2515\" src=\"https:\/\/tiszalucihorgasz.hu\/wp-content\/uploads\/2023\/09\/327734665_2800443960089175_3088228744107554375_n-1024x461.jpg\" alt=\"\" class=\"wp-image-2515\" srcset=\"https:\/\/tiszalucihorgasz.hu\/wp-content\/uploads\/2023\/09\/327734665_2800443960089175_3088228744107554375_n-1024x461.jpg 1024w, https:\/\/tiszalucihorgasz.hu\/wp-content\/uploads\/2023\/09\/327734665_2800443960089175_3088228744107554375_n-300x135.jpg 300w, https:\/\/tiszalucihorgasz.hu\/wp-content\/uploads\/2023\/09\/327734665_2800443960089175_3088228744107554375_n-768x346.jpg 768w, https:\/\/tiszalucihorgasz.hu\/wp-content\/uploads\/2023\/09\/327734665_2800443960089175_3088228744107554375_n-1536x692.jpg 1536w, https:\/\/tiszalucihorgasz.hu\/wp-content\/uploads\/2023\/09\/327734665_2800443960089175_3088228744107554375_n.jpg 2048w\" sizes=\"auto, (max-width: 1024px) 100vw, 1024px\" \/><\/figure>\n\n\n\n<figure class=\"wp-block-image size-large\"><img loading=\"lazy\" decoding=\"async\" width=\"960\" height=\"720\" data-id=\"2514\" src=\"https:\/\/tiszalucihorgasz.hu\/wp-content\/uploads\/2023\/09\/327734848_1252769988637836_4051908522373288132_n.jpg\" alt=\"\" class=\"wp-image-2514\" srcset=\"https:\/\/tiszalucihorgasz.hu\/wp-content\/uploads\/2023\/09\/327734848_1252769988637836_4051908522373288132_n.jpg 960w, https:\/\/tiszalucihorgasz.hu\/wp-content\/uploads\/2023\/09\/327734848_1252769988637836_4051908522373288132_n-300x225.jpg 300w, https:\/\/tiszalucihorgasz.hu\/wp-content\/uploads\/2023\/09\/327734848_1252769988637836_4051908522373288132_n-768x576.jpg 768w\" sizes=\"auto, (max-width: 960px) 100vw, 960px\" \/><\/figure>\n\n\n\n<figure class=\"wp-block-image size-large\"><img loading=\"lazy\" decoding=\"async\" width=\"1024\" height=\"598\" data-id=\"2508\" src=\"https:\/\/tiszalucihorgasz.hu\/wp-content\/uploads\/2023\/09\/327742287_523670623080274_6542298303835817301_n-1024x598.jpg\" alt=\"\" class=\"wp-image-2508\" srcset=\"https:\/\/tiszalucihorgasz.hu\/wp-content\/uploads\/2023\/09\/327742287_523670623080274_6542298303835817301_n-1024x598.jpg 1024w, https:\/\/tiszalucihorgasz.hu\/wp-content\/uploads\/2023\/09\/327742287_523670623080274_6542298303835817301_n-300x175.jpg 300w, https:\/\/tiszalucihorgasz.hu\/wp-content\/uploads\/2023\/09\/327742287_523670623080274_6542298303835817301_n-768x448.jpg 768w, https:\/\/tiszalucihorgasz.hu\/wp-content\/uploads\/2023\/09\/327742287_523670623080274_6542298303835817301_n-1536x897.jpg 1536w, https:\/\/tiszalucihorgasz.hu\/wp-content\/uploads\/2023\/09\/327742287_523670623080274_6542298303835817301_n.jpg 1608w\" sizes=\"auto, (max-width: 1024px) 100vw, 1024px\" \/><\/figure>\n\n\n\n<figure class=\"wp-block-image size-large\"><img loading=\"lazy\" decoding=\"async\" width=\"1024\" height=\"768\" data-id=\"2513\" src=\"https:\/\/tiszalucihorgasz.hu\/wp-content\/uploads\/2023\/09\/327769141_6675026912513124_5239921968188567272_n-1024x768.jpg\" alt=\"\" class=\"wp-image-2513\" srcset=\"https:\/\/tiszalucihorgasz.hu\/wp-content\/uploads\/2023\/09\/327769141_6675026912513124_5239921968188567272_n-1024x768.jpg 1024w, https:\/\/tiszalucihorgasz.hu\/wp-content\/uploads\/2023\/09\/327769141_6675026912513124_5239921968188567272_n-300x225.jpg 300w, https:\/\/tiszalucihorgasz.hu\/wp-content\/uploads\/2023\/09\/327769141_6675026912513124_5239921968188567272_n-768x576.jpg 768w, https:\/\/tiszalucihorgasz.hu\/wp-content\/uploads\/2023\/09\/327769141_6675026912513124_5239921968188567272_n-1536x1152.jpg 1536w, https:\/\/tiszalucihorgasz.hu\/wp-content\/uploads\/2023\/09\/327769141_6675026912513124_5239921968188567272_n.jpg 1824w\" sizes=\"auto, (max-width: 1024px) 100vw, 1024px\" \/><\/figure>\n\n\n\n<figure class=\"wp-block-image size-large\"><img loading=\"lazy\" decoding=\"async\" width=\"1024\" height=\"461\" data-id=\"2518\" src=\"https:\/\/tiszalucihorgasz.hu\/wp-content\/uploads\/2023\/09\/327810141_856834082094725_8069358527094443273_n-1024x461.jpg\" alt=\"\" class=\"wp-image-2518\" srcset=\"https:\/\/tiszalucihorgasz.hu\/wp-content\/uploads\/2023\/09\/327810141_856834082094725_8069358527094443273_n-1024x461.jpg 1024w, https:\/\/tiszalucihorgasz.hu\/wp-content\/uploads\/2023\/09\/327810141_856834082094725_8069358527094443273_n-300x135.jpg 300w, https:\/\/tiszalucihorgasz.hu\/wp-content\/uploads\/2023\/09\/327810141_856834082094725_8069358527094443273_n-768x346.jpg 768w, https:\/\/tiszalucihorgasz.hu\/wp-content\/uploads\/2023\/09\/327810141_856834082094725_8069358527094443273_n-1536x691.jpg 1536w, https:\/\/tiszalucihorgasz.hu\/wp-content\/uploads\/2023\/09\/327810141_856834082094725_8069358527094443273_n-2048x922.jpg 2048w\" sizes=\"auto, (max-width: 1024px) 100vw, 1024px\" \/><\/figure>\n\n\n\n<figure class=\"wp-block-image size-large\"><img loading=\"lazy\" decoding=\"async\" width=\"960\" height=\"720\" data-id=\"2517\" src=\"https:\/\/tiszalucihorgasz.hu\/wp-content\/uploads\/2023\/09\/327993096_905167017603011_5561834656856498637_n.jpg\" alt=\"\" class=\"wp-image-2517\" srcset=\"https:\/\/tiszalucihorgasz.hu\/wp-content\/uploads\/2023\/09\/327993096_905167017603011_5561834656856498637_n.jpg 960w, https:\/\/tiszalucihorgasz.hu\/wp-content\/uploads\/2023\/09\/327993096_905167017603011_5561834656856498637_n-300x225.jpg 300w, https:\/\/tiszalucihorgasz.hu\/wp-content\/uploads\/2023\/09\/327993096_905167017603011_5561834656856498637_n-768x576.jpg 768w\" sizes=\"auto, (max-width: 960px) 100vw, 960px\" \/><\/figure>\n<\/figure>\n","protected":false},"excerpt":{"rendered":"","protected":false},"author":1,"featured_media":0,"parent":2482,"menu_order":1,"comment_status":"closed","ping_status":"closed","template":"","meta":{"footnotes":""},"class_list":["post-2505","page","type-page","status-publish","hentry"],"_links":{"self":[{"href":"https:\/\/tiszalucihorgasz.hu\/index.php\/wp-json\/wp\/v2\/pages\/2505","targetHints":{"allow":["GET"]}}],"collection":[{"href":"https:\/\/tiszalucihorgasz.hu\/index.php\/wp-json\/wp\/v2\/pages"}],"about":[{"href":"https:\/\/tiszalucihorgasz.hu\/index.php\/wp-json\/wp\/v2\/types\/page"}],"author":[{"embeddable":true,"href":"https:\/\/tiszalucihorgasz.hu\/index.php\/wp-json\/wp\/v2\/users\/1"}],"replies":[{"embeddable":true,"href":"https:\/\/tiszalucihorgasz.hu\/index.php\/wp-json\/wp\/v2\/comments?post=2505"}],"version-history":[{"count":1,"href":"https:\/\/tiszalucihorgasz.hu\/index.php\/wp-json\/wp\/v2\/pages\/2505\/revisions"}],"predecessor-version":[{"id":2519,"href":"https:\/\/tiszalucihorgasz.hu\/index.php\/wp-json\/wp\/v2\/pages\/2505\/revisions\/2519"}],"up":[{"embeddable":true,"href":"https:\/\/tiszalucihorgasz.hu\/index.php\/wp-json\/wp\/v2\/pages\/2482"}],"wp:attachment":[{"href":"https:\/\/tiszalucihorgasz.hu\/index.php\/wp-json\/wp\/v2\/media?parent=2505"}],"curies":[{"name":"wp","href":"https:\/\/api.w.org\/{rel}","templated":true}]}}