{"id":2484,"date":"2023-09-11T09:24:52","date_gmt":"2023-09-11T07:24:52","guid":{"rendered":"https:\/\/tiszalucihorgasz.hu\/?page_id=2484"},"modified":"2023-09-11T09:24:52","modified_gmt":"2023-09-11T07:24:52","slug":"uduloovezet","status":"publish","type":"page","link":"https:\/\/tiszalucihorgasz.hu\/index.php\/horgaszhelyek\/uduloovezet\/","title":{"rendered":"\u00dcd\u00fcl\u0151\u00f6vezet"},"content":{"rendered":"\n<div dir=\"auto\">A holt\u00e1g nyugati v\u00e9g\u00e9n l\u00e9v\u0151, Tiszal\u00fac Nagyk\u00f6zs\u00e9ghez legk\u00f6zelebb es\u0151 kb. 1,5 km-es szakasz. Nyugati oldalr\u00f3l a 3612-es sz\u00e1m\u00fa \u00fat hat\u00e1rolja, az itt l\u00e9v\u0151 zsilipen kereszt\u00fcl t\u00f6rt\u00e9nik a holt\u00e1g id\u0151szakos v\u00edzp\u00f3tl\u00e1sa a Takta foly\u00f3b\u00f3l. Az \u00fcd\u00fcl\u0151\u00f6vezeti r\u00e9szt a Krappai-zsilipn\u00e9l l\u00e9v\u0151 befoly\u00f3 csatorna z\u00e1rja.<\/div>\n<div dir=\"auto\">A horg\u00e1szat a v\u00edzparti \u00fcd\u00fcl\u0151k el\u0151tti st\u00e9gekr\u0151l lehets\u00e9ges. A st\u00e9gekkel szemben l\u00e9v\u0151 partszakasz n\u00e1dassal, gy\u00e9k\u00e9nnyel bor\u00edtott, de a st\u00e9gek k\u00f6z\u00f6tt tal\u00e1lhat\u00f3 n\u00f6v\u00e9nyzet is j\u00f3 haltart\u00f3 helyet biztos\u00edt.<\/div>\n<div dir=\"auto\">A v\u00edzm\u00e9lys\u00e9g a holt\u00e1g sek\u00e9ly nyugati v\u00e9g\u00e9t\u0151l (0,5 m) haladva folyamatosan m\u00e9ly\u00fcl, a kanyarhoz \u00e9rve m\u00e1r 5 m-es v\u00edzm\u00e9lys\u00e9g is tal\u00e1lhat\u00f3. Az \u00fcd\u00fcl\u0151\u00f6vezet f\u0151leg a tavaszi id\u0151szakban kedvelt szakasz a horg\u00e1szok k\u00f6r\u00e9ben, de eg\u00e9sz \u00e9vben j\u00f3 fog\u00e1si es\u00e9lyekkel kecsegtet. A tavaszi k\u00e1r\u00e1szoz\u00e1s egyik legjobb helysz\u00edne, de sokan pontyoznak itt eg\u00e9sz \u00e9vben. Kifejezetten szeretnek itt horg\u00e1szni a harcsahorg\u00e1szok, siker\u00fclt m\u00e1r innen 50 kg feletti nagybajsz\u00fat is horogra ker\u00edteni.<\/div>\n<div dir=\"auto\">Az egyes\u00fclet a hagyom\u00e1nyos horg\u00e1szverseny\u00e9t is a holt\u00e1g ezen r\u00e9sz\u00e9n rendezi meg minden \u00e9vben.<\/div>\n<div dir=\"auto\">Megk\u00f6zel\u00edt\u00e9se az \u00fcd\u00fcl\u0151\u00f6vezet felett tal\u00e1lhat\u00f3 aszfaltozott g\u00e1t fel\u0151l, arr\u00f3l lefordulva lehets\u00e9ges. A part ment\u00e9n v\u00e9gig z\u00fazal\u00e9kos \u00fat vezet. A szakasz kb. egyharmad\u00e1n\u00e1l tal\u00e1lhat\u00f3 a Tiszal\u00faci \u00d6nkorm\u00e1nyzat \u00fcd\u00fcl\u0151je, k\u00f6zvetlen mellette art\u00e9zi v\u00edzforr\u00e1s biztos\u00edt v\u00edzv\u00e9teli helyet. A szakasz fels\u0151 v\u00e9g\u00e9n\u00e9l tal\u00e1lhat\u00f3 a hal\u0151r\u00f6k b\u00e1zisa, az egyes\u00fclet tulajdon\u00e1ban l\u00e9v\u0151 ingatlan, a Hal\u0151rh\u00e1z. Horg\u00e1szegyes\u00fclet\u00fcnk az \u00fcd\u00fcl\u0151\u00f6vezeti r\u00e9sz k\u00f6zep\u00e9n 2020 -ban nyilv\u00e1nos horg\u00e1szst\u00e9get \u00e9p\u00edtett.<\/div>\n<div dir=\"auto\">Az \u00dcd\u00fcl\u0151\u00f6vezet a horg\u00e1szok k\u00f6r\u00e9ben kifejezetten k\u00f6zkedvelt szakasz, eg\u00e9sz \u00e9vben b\u00e1rmilyen halfajra \u00e9rdemes itt le\u00fclni \u00e9s pr\u00f3b\u00e1lkozni.<\/div>\n<div dir=\"auto\">Tov\u00e1bbi inform\u00e1ci\u00f3k a k\u00e9peken<\/div>\n<div dir=\"auto\">\u00a0<\/div>\n\n\n\n<figure class=\"wp-block-gallery has-nested-images columns-default is-cropped wp-block-gallery-1 is-layout-flex wp-block-gallery-is-layout-flex\">\n<figure class=\"wp-block-image size-large\"><img loading=\"lazy\" decoding=\"async\" width=\"1024\" height=\"768\" data-id=\"2486\" src=\"https:\/\/tiszalucihorgasz.hu\/wp-content\/uploads\/2023\/09\/294043538_490558272874287_5772766858225479979_n-1024x768.jpg\" alt=\"\" class=\"wp-image-2486\" srcset=\"https:\/\/tiszalucihorgasz.hu\/wp-content\/uploads\/2023\/09\/294043538_490558272874287_5772766858225479979_n-1024x768.jpg 1024w, https:\/\/tiszalucihorgasz.hu\/wp-content\/uploads\/2023\/09\/294043538_490558272874287_5772766858225479979_n-300x225.jpg 300w, https:\/\/tiszalucihorgasz.hu\/wp-content\/uploads\/2023\/09\/294043538_490558272874287_5772766858225479979_n-768x576.jpg 768w, https:\/\/tiszalucihorgasz.hu\/wp-content\/uploads\/2023\/09\/294043538_490558272874287_5772766858225479979_n-1536x1152.jpg 1536w, https:\/\/tiszalucihorgasz.hu\/wp-content\/uploads\/2023\/09\/294043538_490558272874287_5772766858225479979_n.jpg 1824w\" sizes=\"auto, (max-width: 1024px) 100vw, 1024px\" \/><\/figure>\n\n\n\n<figure class=\"wp-block-image size-large\"><img loading=\"lazy\" decoding=\"async\" width=\"960\" height=\"528\" data-id=\"2487\" src=\"https:\/\/tiszalucihorgasz.hu\/wp-content\/uploads\/2023\/09\/294119807_490558049540976_2253524009720006668_n.jpg\" alt=\"\" class=\"wp-image-2487\" srcset=\"https:\/\/tiszalucihorgasz.hu\/wp-content\/uploads\/2023\/09\/294119807_490558049540976_2253524009720006668_n.jpg 960w, https:\/\/tiszalucihorgasz.hu\/wp-content\/uploads\/2023\/09\/294119807_490558049540976_2253524009720006668_n-300x165.jpg 300w, https:\/\/tiszalucihorgasz.hu\/wp-content\/uploads\/2023\/09\/294119807_490558049540976_2253524009720006668_n-768x422.jpg 768w\" sizes=\"auto, (max-width: 960px) 100vw, 960px\" \/><\/figure>\n\n\n\n<figure class=\"wp-block-image size-large\"><img loading=\"lazy\" decoding=\"async\" width=\"1024\" height=\"461\" data-id=\"2498\" src=\"https:\/\/tiszalucihorgasz.hu\/wp-content\/uploads\/2023\/09\/294150936_490562189540562_8472900041138844480_n-1024x461.jpg\" alt=\"\" class=\"wp-image-2498\" srcset=\"https:\/\/tiszalucihorgasz.hu\/wp-content\/uploads\/2023\/09\/294150936_490562189540562_8472900041138844480_n-1024x461.jpg 1024w, https:\/\/tiszalucihorgasz.hu\/wp-content\/uploads\/2023\/09\/294150936_490562189540562_8472900041138844480_n-300x135.jpg 300w, https:\/\/tiszalucihorgasz.hu\/wp-content\/uploads\/2023\/09\/294150936_490562189540562_8472900041138844480_n-768x346.jpg 768w, https:\/\/tiszalucihorgasz.hu\/wp-content\/uploads\/2023\/09\/294150936_490562189540562_8472900041138844480_n-1536x692.jpg 1536w, https:\/\/tiszalucihorgasz.hu\/wp-content\/uploads\/2023\/09\/294150936_490562189540562_8472900041138844480_n.jpg 2048w\" sizes=\"auto, (max-width: 1024px) 100vw, 1024px\" \/><\/figure>\n\n\n\n<figure class=\"wp-block-image size-large\"><img loading=\"lazy\" decoding=\"async\" width=\"422\" height=\"768\" data-id=\"2488\" src=\"https:\/\/tiszalucihorgasz.hu\/wp-content\/uploads\/2023\/09\/294170450_490558339540947_2314162379757470803_n-422x768.jpg\" alt=\"\" class=\"wp-image-2488\" srcset=\"https:\/\/tiszalucihorgasz.hu\/wp-content\/uploads\/2023\/09\/294170450_490558339540947_2314162379757470803_n-422x768.jpg 422w, https:\/\/tiszalucihorgasz.hu\/wp-content\/uploads\/2023\/09\/294170450_490558339540947_2314162379757470803_n-132x240.jpg 132w, https:\/\/tiszalucihorgasz.hu\/wp-content\/uploads\/2023\/09\/294170450_490558339540947_2314162379757470803_n.jpg 528w\" sizes=\"auto, (max-width: 422px) 100vw, 422px\" \/><\/figure>\n\n\n\n<figure class=\"wp-block-image size-large\"><img loading=\"lazy\" decoding=\"async\" width=\"1024\" height=\"569\" data-id=\"2490\" src=\"https:\/\/tiszalucihorgasz.hu\/wp-content\/uploads\/2023\/09\/294186860_490558082874306_3109858371070761185_n-1024x569.jpg\" alt=\"\" class=\"wp-image-2490\" srcset=\"https:\/\/tiszalucihorgasz.hu\/wp-content\/uploads\/2023\/09\/294186860_490558082874306_3109858371070761185_n-1024x569.jpg 1024w, https:\/\/tiszalucihorgasz.hu\/wp-content\/uploads\/2023\/09\/294186860_490558082874306_3109858371070761185_n-300x167.jpg 300w, https:\/\/tiszalucihorgasz.hu\/wp-content\/uploads\/2023\/09\/294186860_490558082874306_3109858371070761185_n-768x427.jpg 768w, https:\/\/tiszalucihorgasz.hu\/wp-content\/uploads\/2023\/09\/294186860_490558082874306_3109858371070761185_n-450x250.jpg 450w, https:\/\/tiszalucihorgasz.hu\/wp-content\/uploads\/2023\/09\/294186860_490558082874306_3109858371070761185_n.jpg 1440w\" sizes=\"auto, (max-width: 1024px) 100vw, 1024px\" \/><\/figure>\n\n\n\n<figure class=\"wp-block-image size-large\"><img loading=\"lazy\" decoding=\"async\" width=\"640\" height=\"283\" data-id=\"2485\" src=\"https:\/\/tiszalucihorgasz.hu\/wp-content\/uploads\/2023\/09\/294207196_490561272873987_1900305486344932844_n.jpg\" alt=\"\" class=\"wp-image-2485\" srcset=\"https:\/\/tiszalucihorgasz.hu\/wp-content\/uploads\/2023\/09\/294207196_490561272873987_1900305486344932844_n.jpg 640w, https:\/\/tiszalucihorgasz.hu\/wp-content\/uploads\/2023\/09\/294207196_490561272873987_1900305486344932844_n-300x133.jpg 300w\" sizes=\"auto, (max-width: 640px) 100vw, 640px\" \/><\/figure>\n\n\n\n<figure class=\"wp-block-image size-large\"><img loading=\"lazy\" decoding=\"async\" width=\"1024\" height=\"768\" data-id=\"2494\" src=\"https:\/\/tiszalucihorgasz.hu\/wp-content\/uploads\/2023\/09\/294234322_490558216207626_8361209361678746090_n-1024x768.jpg\" alt=\"\" class=\"wp-image-2494\" srcset=\"https:\/\/tiszalucihorgasz.hu\/wp-content\/uploads\/2023\/09\/294234322_490558216207626_8361209361678746090_n-1024x768.jpg 1024w, https:\/\/tiszalucihorgasz.hu\/wp-content\/uploads\/2023\/09\/294234322_490558216207626_8361209361678746090_n-300x225.jpg 300w, https:\/\/tiszalucihorgasz.hu\/wp-content\/uploads\/2023\/09\/294234322_490558216207626_8361209361678746090_n-768x576.jpg 768w, https:\/\/tiszalucihorgasz.hu\/wp-content\/uploads\/2023\/09\/294234322_490558216207626_8361209361678746090_n-1536x1152.jpg 1536w, https:\/\/tiszalucihorgasz.hu\/wp-content\/uploads\/2023\/09\/294234322_490558216207626_8361209361678746090_n.jpg 1824w\" sizes=\"auto, (max-width: 1024px) 100vw, 1024px\" \/><\/figure>\n\n\n\n<figure class=\"wp-block-image size-large\"><img loading=\"lazy\" decoding=\"async\" width=\"1024\" height=\"461\" data-id=\"2503\" src=\"https:\/\/tiszalucihorgasz.hu\/wp-content\/uploads\/2023\/09\/294284257_490558132874301_4657092841242462370_n-1024x461.jpg\" alt=\"\" class=\"wp-image-2503\" srcset=\"https:\/\/tiszalucihorgasz.hu\/wp-content\/uploads\/2023\/09\/294284257_490558132874301_4657092841242462370_n-1024x461.jpg 1024w, https:\/\/tiszalucihorgasz.hu\/wp-content\/uploads\/2023\/09\/294284257_490558132874301_4657092841242462370_n-300x135.jpg 300w, https:\/\/tiszalucihorgasz.hu\/wp-content\/uploads\/2023\/09\/294284257_490558132874301_4657092841242462370_n-768x346.jpg 768w, https:\/\/tiszalucihorgasz.hu\/wp-content\/uploads\/2023\/09\/294284257_490558132874301_4657092841242462370_n-1536x692.jpg 1536w, https:\/\/tiszalucihorgasz.hu\/wp-content\/uploads\/2023\/09\/294284257_490558132874301_4657092841242462370_n.jpg 2048w\" sizes=\"auto, (max-width: 1024px) 100vw, 1024px\" \/><\/figure>\n\n\n\n<figure class=\"wp-block-image size-large\"><img loading=\"lazy\" decoding=\"async\" width=\"504\" height=\"768\" data-id=\"2501\" src=\"https:\/\/tiszalucihorgasz.hu\/wp-content\/uploads\/2023\/09\/294310762_490561589540622_4795849473570440496_n-504x768.jpg\" alt=\"\" class=\"wp-image-2501\" srcset=\"https:\/\/tiszalucihorgasz.hu\/wp-content\/uploads\/2023\/09\/294310762_490561589540622_4795849473570440496_n-504x768.jpg 504w, https:\/\/tiszalucihorgasz.hu\/wp-content\/uploads\/2023\/09\/294310762_490561589540622_4795849473570440496_n-157x240.jpg 157w, https:\/\/tiszalucihorgasz.hu\/wp-content\/uploads\/2023\/09\/294310762_490561589540622_4795849473570440496_n.jpg 598w\" sizes=\"auto, (max-width: 504px) 100vw, 504px\" \/><\/figure>\n\n\n\n<figure class=\"wp-block-image size-large\"><img loading=\"lazy\" decoding=\"async\" width=\"576\" height=\"768\" data-id=\"2489\" src=\"https:\/\/tiszalucihorgasz.hu\/wp-content\/uploads\/2023\/09\/294322940_490558186207629_1773001692120855142_n-576x768.jpg\" alt=\"\" class=\"wp-image-2489\" srcset=\"https:\/\/tiszalucihorgasz.hu\/wp-content\/uploads\/2023\/09\/294322940_490558186207629_1773001692120855142_n-576x768.jpg 576w, https:\/\/tiszalucihorgasz.hu\/wp-content\/uploads\/2023\/09\/294322940_490558186207629_1773001692120855142_n-180x240.jpg 180w, https:\/\/tiszalucihorgasz.hu\/wp-content\/uploads\/2023\/09\/294322940_490558186207629_1773001692120855142_n.jpg 720w\" sizes=\"auto, (max-width: 576px) 100vw, 576px\" \/><\/figure>\n\n\n\n<figure class=\"wp-block-image size-large\"><img loading=\"lazy\" decoding=\"async\" width=\"1024\" height=\"461\" data-id=\"2495\" src=\"https:\/\/tiszalucihorgasz.hu\/wp-content\/uploads\/2023\/09\/294333663_490561772873937_8094609776689990318_n-1024x461.jpg\" alt=\"\" class=\"wp-image-2495\" srcset=\"https:\/\/tiszalucihorgasz.hu\/wp-content\/uploads\/2023\/09\/294333663_490561772873937_8094609776689990318_n-1024x461.jpg 1024w, https:\/\/tiszalucihorgasz.hu\/wp-content\/uploads\/2023\/09\/294333663_490561772873937_8094609776689990318_n-300x135.jpg 300w, https:\/\/tiszalucihorgasz.hu\/wp-content\/uploads\/2023\/09\/294333663_490561772873937_8094609776689990318_n-768x346.jpg 768w, https:\/\/tiszalucihorgasz.hu\/wp-content\/uploads\/2023\/09\/294333663_490561772873937_8094609776689990318_n-1536x692.jpg 1536w, https:\/\/tiszalucihorgasz.hu\/wp-content\/uploads\/2023\/09\/294333663_490561772873937_8094609776689990318_n.jpg 2048w\" sizes=\"auto, (max-width: 1024px) 100vw, 1024px\" \/><\/figure>\n\n\n\n<figure class=\"wp-block-image size-large\"><img loading=\"lazy\" decoding=\"async\" width=\"573\" height=\"768\" data-id=\"2496\" src=\"https:\/\/tiszalucihorgasz.hu\/wp-content\/uploads\/2023\/09\/294352396_490558352874279_7738024151592203418_n-573x768.jpg\" alt=\"\" class=\"wp-image-2496\" srcset=\"https:\/\/tiszalucihorgasz.hu\/wp-content\/uploads\/2023\/09\/294352396_490558352874279_7738024151592203418_n-573x768.jpg 573w, https:\/\/tiszalucihorgasz.hu\/wp-content\/uploads\/2023\/09\/294352396_490558352874279_7738024151592203418_n-179x240.jpg 179w, https:\/\/tiszalucihorgasz.hu\/wp-content\/uploads\/2023\/09\/294352396_490558352874279_7738024151592203418_n.jpg 752w\" sizes=\"auto, (max-width: 573px) 100vw, 573px\" \/><\/figure>\n\n\n\n<figure class=\"wp-block-image size-large\"><img loading=\"lazy\" decoding=\"async\" width=\"1024\" height=\"576\" data-id=\"2499\" src=\"https:\/\/tiszalucihorgasz.hu\/wp-content\/uploads\/2023\/09\/294473029_490558456207602_1209651038395513115_n-1024x576.jpg\" alt=\"\" class=\"wp-image-2499\" srcset=\"https:\/\/tiszalucihorgasz.hu\/wp-content\/uploads\/2023\/09\/294473029_490558456207602_1209651038395513115_n-1024x576.jpg 1024w, https:\/\/tiszalucihorgasz.hu\/wp-content\/uploads\/2023\/09\/294473029_490558456207602_1209651038395513115_n-300x169.jpg 300w, https:\/\/tiszalucihorgasz.hu\/wp-content\/uploads\/2023\/09\/294473029_490558456207602_1209651038395513115_n-768x432.jpg 768w, https:\/\/tiszalucihorgasz.hu\/wp-content\/uploads\/2023\/09\/294473029_490558456207602_1209651038395513115_n-1536x864.jpg 1536w, https:\/\/tiszalucihorgasz.hu\/wp-content\/uploads\/2023\/09\/294473029_490558456207602_1209651038395513115_n.jpg 1920w\" sizes=\"auto, (max-width: 1024px) 100vw, 1024px\" \/><\/figure>\n\n\n\n<figure class=\"wp-block-image size-large\"><img loading=\"lazy\" decoding=\"async\" width=\"1024\" height=\"524\" data-id=\"2491\" src=\"https:\/\/tiszalucihorgasz.hu\/wp-content\/uploads\/2023\/09\/294506209_490558399540941_9194374925555048355_n-1024x524.jpg\" alt=\"\" class=\"wp-image-2491\" srcset=\"https:\/\/tiszalucihorgasz.hu\/wp-content\/uploads\/2023\/09\/294506209_490558399540941_9194374925555048355_n-1024x524.jpg 1024w, https:\/\/tiszalucihorgasz.hu\/wp-content\/uploads\/2023\/09\/294506209_490558399540941_9194374925555048355_n-300x153.jpg 300w, https:\/\/tiszalucihorgasz.hu\/wp-content\/uploads\/2023\/09\/294506209_490558399540941_9194374925555048355_n-768x393.jpg 768w, https:\/\/tiszalucihorgasz.hu\/wp-content\/uploads\/2023\/09\/294506209_490558399540941_9194374925555048355_n-1536x785.jpg 1536w, https:\/\/tiszalucihorgasz.hu\/wp-content\/uploads\/2023\/09\/294506209_490558399540941_9194374925555048355_n.jpg 1821w\" sizes=\"auto, (max-width: 1024px) 100vw, 1024px\" \/><\/figure>\n\n\n\n<figure class=\"wp-block-image size-large\"><img loading=\"lazy\" decoding=\"async\" width=\"1024\" height=\"576\" data-id=\"2493\" src=\"https:\/\/tiszalucihorgasz.hu\/wp-content\/uploads\/2023\/09\/294525645_490564682873646_3792979547924319636_n-1024x576.jpg\" alt=\"\" class=\"wp-image-2493\" srcset=\"https:\/\/tiszalucihorgasz.hu\/wp-content\/uploads\/2023\/09\/294525645_490564682873646_3792979547924319636_n-1024x576.jpg 1024w, https:\/\/tiszalucihorgasz.hu\/wp-content\/uploads\/2023\/09\/294525645_490564682873646_3792979547924319636_n-300x169.jpg 300w, https:\/\/tiszalucihorgasz.hu\/wp-content\/uploads\/2023\/09\/294525645_490564682873646_3792979547924319636_n-768x432.jpg 768w, https:\/\/tiszalucihorgasz.hu\/wp-content\/uploads\/2023\/09\/294525645_490564682873646_3792979547924319636_n-1536x864.jpg 1536w, https:\/\/tiszalucihorgasz.hu\/wp-content\/uploads\/2023\/09\/294525645_490564682873646_3792979547924319636_n.jpg 1920w\" sizes=\"auto, (max-width: 1024px) 100vw, 1024px\" \/><\/figure>\n\n\n\n<figure class=\"wp-block-image size-large\"><img loading=\"lazy\" decoding=\"async\" width=\"1024\" height=\"461\" data-id=\"2492\" src=\"https:\/\/tiszalucihorgasz.hu\/wp-content\/uploads\/2023\/09\/294532285_490558296207618_7665169185817047258_n-1024x461.jpg\" alt=\"\" class=\"wp-image-2492\" srcset=\"https:\/\/tiszalucihorgasz.hu\/wp-content\/uploads\/2023\/09\/294532285_490558296207618_7665169185817047258_n-1024x461.jpg 1024w, https:\/\/tiszalucihorgasz.hu\/wp-content\/uploads\/2023\/09\/294532285_490558296207618_7665169185817047258_n-300x135.jpg 300w, https:\/\/tiszalucihorgasz.hu\/wp-content\/uploads\/2023\/09\/294532285_490558296207618_7665169185817047258_n-768x346.jpg 768w, https:\/\/tiszalucihorgasz.hu\/wp-content\/uploads\/2023\/09\/294532285_490558296207618_7665169185817047258_n-1536x692.jpg 1536w, https:\/\/tiszalucihorgasz.hu\/wp-content\/uploads\/2023\/09\/294532285_490558296207618_7665169185817047258_n.jpg 2048w\" sizes=\"auto, (max-width: 1024px) 100vw, 1024px\" \/><\/figure>\n\n\n\n<figure class=\"wp-block-image size-large\"><img loading=\"lazy\" decoding=\"async\" width=\"1024\" height=\"461\" data-id=\"2502\" src=\"https:\/\/tiszalucihorgasz.hu\/wp-content\/uploads\/2023\/09\/294567960_490558136207634_2560724556379519072_n-1024x461.jpg\" alt=\"\" class=\"wp-image-2502\" srcset=\"https:\/\/tiszalucihorgasz.hu\/wp-content\/uploads\/2023\/09\/294567960_490558136207634_2560724556379519072_n-1024x461.jpg 1024w, https:\/\/tiszalucihorgasz.hu\/wp-content\/uploads\/2023\/09\/294567960_490558136207634_2560724556379519072_n-300x135.jpg 300w, https:\/\/tiszalucihorgasz.hu\/wp-content\/uploads\/2023\/09\/294567960_490558136207634_2560724556379519072_n-768x346.jpg 768w, https:\/\/tiszalucihorgasz.hu\/wp-content\/uploads\/2023\/09\/294567960_490558136207634_2560724556379519072_n-1536x692.jpg 1536w, https:\/\/tiszalucihorgasz.hu\/wp-content\/uploads\/2023\/09\/294567960_490558136207634_2560724556379519072_n.jpg 2048w\" sizes=\"auto, (max-width: 1024px) 100vw, 1024px\" \/><\/figure>\n\n\n\n<figure class=\"wp-block-image size-large\"><img loading=\"lazy\" decoding=\"async\" width=\"1024\" height=\"768\" data-id=\"2497\" src=\"https:\/\/tiszalucihorgasz.hu\/wp-content\/uploads\/2023\/09\/294826152_490557332874381_3817571978858844632_n-1024x768.jpg\" alt=\"\" class=\"wp-image-2497\" srcset=\"https:\/\/tiszalucihorgasz.hu\/wp-content\/uploads\/2023\/09\/294826152_490557332874381_3817571978858844632_n-1024x768.jpg 1024w, https:\/\/tiszalucihorgasz.hu\/wp-content\/uploads\/2023\/09\/294826152_490557332874381_3817571978858844632_n-300x225.jpg 300w, https:\/\/tiszalucihorgasz.hu\/wp-content\/uploads\/2023\/09\/294826152_490557332874381_3817571978858844632_n-768x576.jpg 768w, https:\/\/tiszalucihorgasz.hu\/wp-content\/uploads\/2023\/09\/294826152_490557332874381_3817571978858844632_n-1536x1152.jpg 1536w, https:\/\/tiszalucihorgasz.hu\/wp-content\/uploads\/2023\/09\/294826152_490557332874381_3817571978858844632_n.jpg 1824w\" sizes=\"auto, (max-width: 1024px) 100vw, 1024px\" \/><\/figure>\n\n\n\n<figure class=\"wp-block-image size-large\"><img loading=\"lazy\" decoding=\"async\" width=\"1024\" height=\"576\" data-id=\"2500\" src=\"https:\/\/tiszalucihorgasz.hu\/wp-content\/uploads\/2023\/09\/295053967_490558446207603_202634846565934897_n-1024x576.jpg\" alt=\"\" class=\"wp-image-2500\" srcset=\"https:\/\/tiszalucihorgasz.hu\/wp-content\/uploads\/2023\/09\/295053967_490558446207603_202634846565934897_n-1024x576.jpg 1024w, https:\/\/tiszalucihorgasz.hu\/wp-content\/uploads\/2023\/09\/295053967_490558446207603_202634846565934897_n-300x169.jpg 300w, https:\/\/tiszalucihorgasz.hu\/wp-content\/uploads\/2023\/09\/295053967_490558446207603_202634846565934897_n-768x432.jpg 768w, https:\/\/tiszalucihorgasz.hu\/wp-content\/uploads\/2023\/09\/295053967_490558446207603_202634846565934897_n-1536x864.jpg 1536w, https:\/\/tiszalucihorgasz.hu\/wp-content\/uploads\/2023\/09\/295053967_490558446207603_202634846565934897_n.jpg 1920w\" sizes=\"auto, (max-width: 1024px) 100vw, 1024px\" \/><\/figure>\n<\/figure>\n","protected":false},"excerpt":{"rendered":"","protected":false},"author":1,"featured_media":0,"parent":2482,"menu_order":0,"comment_status":"closed","ping_status":"closed","template":"","meta":{"footnotes":""},"class_list":["post-2484","page","type-page","status-publish","hentry"],"_links":{"self":[{"href":"https:\/\/tiszalucihorgasz.hu\/index.php\/wp-json\/wp\/v2\/pages\/2484","targetHints":{"allow":["GET"]}}],"collection":[{"href":"https:\/\/tiszalucihorgasz.hu\/index.php\/wp-json\/wp\/v2\/pages"}],"about":[{"href":"https:\/\/tiszalucihorgasz.hu\/index.php\/wp-json\/wp\/v2\/types\/page"}],"author":[{"embeddable":true,"href":"https:\/\/tiszalucihorgasz.hu\/index.php\/wp-json\/wp\/v2\/users\/1"}],"replies":[{"embeddable":true,"href":"https:\/\/tiszalucihorgasz.hu\/index.php\/wp-json\/wp\/v2\/comments?post=2484"}],"version-history":[{"count":1,"href":"https:\/\/tiszalucihorgasz.hu\/index.php\/wp-json\/wp\/v2\/pages\/2484\/revisions"}],"predecessor-version":[{"id":2504,"href":"https:\/\/tiszalucihorgasz.hu\/index.php\/wp-json\/wp\/v2\/pages\/2484\/revisions\/2504"}],"up":[{"embeddable":true,"href":"https:\/\/tiszalucihorgasz.hu\/index.php\/wp-json\/wp\/v2\/pages\/2482"}],"wp:attachment":[{"href":"https:\/\/tiszalucihorgasz.hu\/index.php\/wp-json\/wp\/v2\/media?parent=2484"}],"curies":[{"name":"wp","href":"https:\/\/api.w.org\/{rel}","templated":true}]}}