{"id":2413,"date":"2023-08-08T14:38:00","date_gmt":"2023-08-08T12:38:00","guid":{"rendered":"https:\/\/tiszalucihorgasz.hu\/?page_id=2413"},"modified":"2024-02-21T11:17:23","modified_gmt":"2024-02-21T10:17:23","slug":"horgasz-rovidnadrag","status":"publish","type":"page","link":"https:\/\/tiszalucihorgasz.hu\/index.php\/egyedi-ruhazat\/horgasz-rovidnadrag\/","title":{"rendered":"Horg\u00e1sz R\u00f6vidnadr\u00e1g"},"content":{"rendered":"\n<p>Horg\u00e1sz r\u00f6vidnadr\u00e1g: 12.900 Ft<\/p>\n<p><strong>Rendel\u00e9s lead\u00e1sa: A megadott m\u00e9rett\u00e1bl\u00e1zat alapj\u00e1n erre az email c\u00edmre: shetiszaluc@gmail.com, a fizet\u00e9s el\u0151re utal\u00e1ssal t\u00f6rt\u00e9nik.<\/strong><\/p>\n\n\n\n<figure class=\"wp-block-image size-large\"><img loading=\"lazy\" decoding=\"async\" width=\"1024\" height=\"576\" src=\"https:\/\/tiszalucihorgasz.hu\/wp-content\/uploads\/2023\/08\/Rovidnadrag-meret-1024x576.jpg\" alt=\"\" class=\"wp-image-2414\" srcset=\"https:\/\/tiszalucihorgasz.hu\/wp-content\/uploads\/2023\/08\/Rovidnadrag-meret-1024x576.jpg 1024w, https:\/\/tiszalucihorgasz.hu\/wp-content\/uploads\/2023\/08\/Rovidnadrag-meret-300x169.jpg 300w, https:\/\/tiszalucihorgasz.hu\/wp-content\/uploads\/2023\/08\/Rovidnadrag-meret-768x432.jpg 768w, https:\/\/tiszalucihorgasz.hu\/wp-content\/uploads\/2023\/08\/Rovidnadrag-meret-1536x864.jpg 1536w, https:\/\/tiszalucihorgasz.hu\/wp-content\/uploads\/2023\/08\/Rovidnadrag-meret-2048x1152.jpg 2048w\" sizes=\"auto, (max-width: 1024px) 100vw, 1024px\" \/><\/figure>\n\n\n\n<figure class=\"wp-block-image size-large is-resized\"><img loading=\"lazy\" decoding=\"async\" width=\"768\" height=\"768\" src=\"https:\/\/tiszalucihorgasz.hu\/wp-content\/uploads\/2023\/08\/TLrovidnadrag-copy-768x768.jpg\" alt=\"\" class=\"wp-image-2435\" style=\"width:673px;height:673px\" srcset=\"https:\/\/tiszalucihorgasz.hu\/wp-content\/uploads\/2023\/08\/TLrovidnadrag-copy-768x768.jpg 768w, https:\/\/tiszalucihorgasz.hu\/wp-content\/uploads\/2023\/08\/TLrovidnadrag-copy-240x240.jpg 240w, https:\/\/tiszalucihorgasz.hu\/wp-content\/uploads\/2023\/08\/TLrovidnadrag-copy-150x150.jpg 150w, https:\/\/tiszalucihorgasz.hu\/wp-content\/uploads\/2023\/08\/TLrovidnadrag-copy-1536x1536.jpg 1536w, https:\/\/tiszalucihorgasz.hu\/wp-content\/uploads\/2023\/08\/TLrovidnadrag-copy-2048x2048.jpg 2048w\" sizes=\"auto, (max-width: 768px) 100vw, 768px\" \/><\/figure>\n","protected":false},"excerpt":{"rendered":"<p>Horg\u00e1sz r\u00f6vidnadr\u00e1g: 12.900 Ft Rendel\u00e9s lead\u00e1sa: A megadott m\u00e9rett\u00e1bl\u00e1zat alapj\u00e1n erre az email c\u00edmre: shetiszaluc@gmail.com, a fizet\u00e9s el\u0151re utal\u00e1ssal t\u00f6rt\u00e9nik.<\/p>\n","protected":false},"author":1,"featured_media":0,"parent":2391,"menu_order":4,"comment_status":"closed","ping_status":"closed","template":"","meta":{"footnotes":""},"class_list":["post-2413","page","type-page","status-publish","hentry"],"_links":{"self":[{"href":"https:\/\/tiszalucihorgasz.hu\/index.php\/wp-json\/wp\/v2\/pages\/2413","targetHints":{"allow":["GET"]}}],"collection":[{"href":"https:\/\/tiszalucihorgasz.hu\/index.php\/wp-json\/wp\/v2\/pages"}],"about":[{"href":"https:\/\/tiszalucihorgasz.hu\/index.php\/wp-json\/wp\/v2\/types\/page"}],"author":[{"embeddable":true,"href":"https:\/\/tiszalucihorgasz.hu\/index.php\/wp-json\/wp\/v2\/users\/1"}],"replies":[{"embeddable":true,"href":"https:\/\/tiszalucihorgasz.hu\/index.php\/wp-json\/wp\/v2\/comments?post=2413"}],"version-history":[{"count":3,"href":"https:\/\/tiszalucihorgasz.hu\/index.php\/wp-json\/wp\/v2\/pages\/2413\/revisions"}],"predecessor-version":[{"id":2745,"href":"https:\/\/tiszalucihorgasz.hu\/index.php\/wp-json\/wp\/v2\/pages\/2413\/revisions\/2745"}],"up":[{"embeddable":true,"href":"https:\/\/tiszalucihorgasz.hu\/index.php\/wp-json\/wp\/v2\/pages\/2391"}],"wp:attachment":[{"href":"https:\/\/tiszalucihorgasz.hu\/index.php\/wp-json\/wp\/v2\/media?parent=2413"}],"curies":[{"name":"wp","href":"https:\/\/api.w.org\/{rel}","templated":true}]}}