{"id":2408,"date":"2023-08-08T14:36:03","date_gmt":"2023-08-08T12:36:03","guid":{"rendered":"https:\/\/tiszalucihorgasz.hu\/?page_id=2408"},"modified":"2024-02-21T11:18:12","modified_gmt":"2024-02-21T10:18:12","slug":"horgasz-mez","status":"publish","type":"page","link":"https:\/\/tiszalucihorgasz.hu\/index.php\/egyedi-ruhazat\/horgasz-mez\/","title":{"rendered":"Horg\u00e1sz Mez"},"content":{"rendered":"\n<p>Horg\u00e1sz mez: 15.000 Ft<\/p>\n<p><strong>Rendel\u00e9s lead\u00e1sa: A megadott m\u00e9rett\u00e1bl\u00e1zat alapj\u00e1n erre az email c\u00edmre: shetiszaluc@gmail.com, a fizet\u00e9s el\u0151re utal\u00e1ssal t\u00f6rt\u00e9nik.<\/strong><\/p>\n\n\n\n<figure class=\"wp-block-image size-large\"><img loading=\"lazy\" decoding=\"async\" width=\"1024\" height=\"441\" src=\"https:\/\/tiszalucihorgasz.hu\/wp-content\/uploads\/2023\/08\/Mez-Horgasz-meret-1024x441.jpg\" alt=\"\" class=\"wp-image-2409\" srcset=\"https:\/\/tiszalucihorgasz.hu\/wp-content\/uploads\/2023\/08\/Mez-Horgasz-meret-1024x441.jpg 1024w, https:\/\/tiszalucihorgasz.hu\/wp-content\/uploads\/2023\/08\/Mez-Horgasz-meret-300x129.jpg 300w, https:\/\/tiszalucihorgasz.hu\/wp-content\/uploads\/2023\/08\/Mez-Horgasz-meret-768x331.jpg 768w, https:\/\/tiszalucihorgasz.hu\/wp-content\/uploads\/2023\/08\/Mez-Horgasz-meret-1536x662.jpg 1536w, https:\/\/tiszalucihorgasz.hu\/wp-content\/uploads\/2023\/08\/Mez-Horgasz-meret-2048x883.jpg 2048w\" sizes=\"auto, (max-width: 1024px) 100vw, 1024px\" \/><\/figure>\n\n\n\n<figure class=\"wp-block-image size-large\"><img loading=\"lazy\" decoding=\"async\" width=\"991\" height=\"768\" src=\"https:\/\/tiszalucihorgasz.hu\/wp-content\/uploads\/2023\/08\/tiszalucmezE-991x768.jpg\" alt=\"\" class=\"wp-image-2410\" srcset=\"https:\/\/tiszalucihorgasz.hu\/wp-content\/uploads\/2023\/08\/tiszalucmezE-991x768.jpg 991w, https:\/\/tiszalucihorgasz.hu\/wp-content\/uploads\/2023\/08\/tiszalucmezE-300x232.jpg 300w, https:\/\/tiszalucihorgasz.hu\/wp-content\/uploads\/2023\/08\/tiszalucmezE-768x595.jpg 768w, https:\/\/tiszalucihorgasz.hu\/wp-content\/uploads\/2023\/08\/tiszalucmezE-1536x1190.jpg 1536w, https:\/\/tiszalucihorgasz.hu\/wp-content\/uploads\/2023\/08\/tiszalucmezE-2048x1587.jpg 2048w\" sizes=\"auto, (max-width: 991px) 100vw, 991px\" \/><\/figure>\n\n\n\n<figure class=\"wp-block-image size-large\"><img loading=\"lazy\" decoding=\"async\" width=\"512\" height=\"768\" src=\"https:\/\/tiszalucihorgasz.hu\/wp-content\/uploads\/2023\/08\/tiszalucmezhat-512x768.jpg\" alt=\"\" class=\"wp-image-2411\" srcset=\"https:\/\/tiszalucihorgasz.hu\/wp-content\/uploads\/2023\/08\/tiszalucmezhat-512x768.jpg 512w, https:\/\/tiszalucihorgasz.hu\/wp-content\/uploads\/2023\/08\/tiszalucmezhat-160x240.jpg 160w, https:\/\/tiszalucihorgasz.hu\/wp-content\/uploads\/2023\/08\/tiszalucmezhat-768x1152.jpg 768w, https:\/\/tiszalucihorgasz.hu\/wp-content\/uploads\/2023\/08\/tiszalucmezhat-1024x1536.jpg 1024w, https:\/\/tiszalucihorgasz.hu\/wp-content\/uploads\/2023\/08\/tiszalucmezhat-1365x2048.jpg 1365w, https:\/\/tiszalucihorgasz.hu\/wp-content\/uploads\/2023\/08\/tiszalucmezhat-scaled.jpg 1707w\" sizes=\"auto, (max-width: 512px) 100vw, 512px\" \/><\/figure>\n","protected":false},"excerpt":{"rendered":"<p>Horg\u00e1sz mez: 15.000 Ft Rendel\u00e9s lead\u00e1sa: A megadott m\u00e9rett\u00e1bl\u00e1zat alapj\u00e1n erre az email c\u00edmre: shetiszaluc@gmail.com, a fizet\u00e9s el\u0151re utal\u00e1ssal t\u00f6rt\u00e9nik.<\/p>\n","protected":false},"author":1,"featured_media":0,"parent":2391,"menu_order":3,"comment_status":"closed","ping_status":"closed","template":"","meta":{"footnotes":""},"class_list":["post-2408","page","type-page","status-publish","hentry"],"_links":{"self":[{"href":"https:\/\/tiszalucihorgasz.hu\/index.php\/wp-json\/wp\/v2\/pages\/2408","targetHints":{"allow":["GET"]}}],"collection":[{"href":"https:\/\/tiszalucihorgasz.hu\/index.php\/wp-json\/wp\/v2\/pages"}],"about":[{"href":"https:\/\/tiszalucihorgasz.hu\/index.php\/wp-json\/wp\/v2\/types\/page"}],"author":[{"embeddable":true,"href":"https:\/\/tiszalucihorgasz.hu\/index.php\/wp-json\/wp\/v2\/users\/1"}],"replies":[{"embeddable":true,"href":"https:\/\/tiszalucihorgasz.hu\/index.php\/wp-json\/wp\/v2\/comments?post=2408"}],"version-history":[{"count":3,"href":"https:\/\/tiszalucihorgasz.hu\/index.php\/wp-json\/wp\/v2\/pages\/2408\/revisions"}],"predecessor-version":[{"id":2746,"href":"https:\/\/tiszalucihorgasz.hu\/index.php\/wp-json\/wp\/v2\/pages\/2408\/revisions\/2746"}],"up":[{"embeddable":true,"href":"https:\/\/tiszalucihorgasz.hu\/index.php\/wp-json\/wp\/v2\/pages\/2391"}],"wp:attachment":[{"href":"https:\/\/tiszalucihorgasz.hu\/index.php\/wp-json\/wp\/v2\/media?parent=2408"}],"curies":[{"name":"wp","href":"https:\/\/api.w.org\/{rel}","templated":true}]}}