{"id":2398,"date":"2023-08-08T14:31:17","date_gmt":"2023-08-08T12:31:17","guid":{"rendered":"https:\/\/tiszalucihorgasz.hu\/?page_id=2398"},"modified":"2024-02-21T11:10:18","modified_gmt":"2024-02-21T10:10:18","slug":"softshell-kabat","status":"publish","type":"page","link":"https:\/\/tiszalucihorgasz.hu\/index.php\/egyedi-ruhazat\/softshell-kabat\/","title":{"rendered":"Horg\u00e1sz Softshell Kab\u00e1t"},"content":{"rendered":"\n<p>Horg\u00e1sz softshell kab\u00e1t: 24.500 Ft<\/p>\n<p><strong>Rendel\u00e9s lead\u00e1sa: A megadott m\u00e9rett\u00e1bl\u00e1zat alapj\u00e1n erre az email c\u00edmre: shetiszaluc@gmail.com, a fizet\u00e9s el\u0151re utal\u00e1ssal t\u00f6rt\u00e9nik.<\/strong><\/p>\n\n\n\n<figure class=\"wp-block-image size-large\"><img loading=\"lazy\" decoding=\"async\" width=\"1024\" height=\"491\" src=\"https:\/\/tiszalucihorgasz.hu\/wp-content\/uploads\/2023\/08\/Softshell-Kabat-meret-1024x491.jpg\" alt=\"\" class=\"wp-image-2399\" srcset=\"https:\/\/tiszalucihorgasz.hu\/wp-content\/uploads\/2023\/08\/Softshell-Kabat-meret-1024x491.jpg 1024w, https:\/\/tiszalucihorgasz.hu\/wp-content\/uploads\/2023\/08\/Softshell-Kabat-meret-300x144.jpg 300w, https:\/\/tiszalucihorgasz.hu\/wp-content\/uploads\/2023\/08\/Softshell-Kabat-meret-768x368.jpg 768w, https:\/\/tiszalucihorgasz.hu\/wp-content\/uploads\/2023\/08\/Softshell-Kabat-meret-1536x737.jpg 1536w, https:\/\/tiszalucihorgasz.hu\/wp-content\/uploads\/2023\/08\/Softshell-Kabat-meret-2048x983.jpg 2048w\" sizes=\"auto, (max-width: 1024px) 100vw, 1024px\" \/><\/figure>\n\n\n\n<figure class=\"wp-block-image size-large\"><img loading=\"lazy\" decoding=\"async\" width=\"768\" height=\"768\" src=\"https:\/\/tiszalucihorgasz.hu\/wp-content\/uploads\/2023\/08\/Tiszalucsoftshellfront-768x768.jpg\" alt=\"\" class=\"wp-image-2400\" srcset=\"https:\/\/tiszalucihorgasz.hu\/wp-content\/uploads\/2023\/08\/Tiszalucsoftshellfront-768x768.jpg 768w, https:\/\/tiszalucihorgasz.hu\/wp-content\/uploads\/2023\/08\/Tiszalucsoftshellfront-240x240.jpg 240w, https:\/\/tiszalucihorgasz.hu\/wp-content\/uploads\/2023\/08\/Tiszalucsoftshellfront-150x150.jpg 150w, https:\/\/tiszalucihorgasz.hu\/wp-content\/uploads\/2023\/08\/Tiszalucsoftshellfront-1536x1536.jpg 1536w, https:\/\/tiszalucihorgasz.hu\/wp-content\/uploads\/2023\/08\/Tiszalucsoftshellfront-2048x2048.jpg 2048w\" sizes=\"auto, (max-width: 768px) 100vw, 768px\" \/><\/figure>\n\n\n\n<figure class=\"wp-block-image size-large\"><img loading=\"lazy\" decoding=\"async\" width=\"768\" height=\"768\" src=\"https:\/\/tiszalucihorgasz.hu\/wp-content\/uploads\/2023\/08\/tiszalucsoftshellhat-768x768.jpg\" alt=\"\" class=\"wp-image-2401\" srcset=\"https:\/\/tiszalucihorgasz.hu\/wp-content\/uploads\/2023\/08\/tiszalucsoftshellhat-768x768.jpg 768w, https:\/\/tiszalucihorgasz.hu\/wp-content\/uploads\/2023\/08\/tiszalucsoftshellhat-240x240.jpg 240w, https:\/\/tiszalucihorgasz.hu\/wp-content\/uploads\/2023\/08\/tiszalucsoftshellhat-150x150.jpg 150w, https:\/\/tiszalucihorgasz.hu\/wp-content\/uploads\/2023\/08\/tiszalucsoftshellhat-1536x1536.jpg 1536w, https:\/\/tiszalucihorgasz.hu\/wp-content\/uploads\/2023\/08\/tiszalucsoftshellhat-2048x2048.jpg 2048w\" sizes=\"auto, (max-width: 768px) 100vw, 768px\" \/><\/figure>\n","protected":false},"excerpt":{"rendered":"<p>Horg\u00e1sz softshell kab\u00e1t: 24.500 Ft Rendel\u00e9s lead\u00e1sa: A megadott m\u00e9rett\u00e1bl\u00e1zat alapj\u00e1n erre az email c\u00edmre: shetiszaluc@gmail.com, a fizet\u00e9s el\u0151re utal\u00e1ssal t\u00f6rt\u00e9nik.<\/p>\n","protected":false},"author":1,"featured_media":0,"parent":2391,"menu_order":1,"comment_status":"closed","ping_status":"closed","template":"","meta":{"footnotes":""},"class_list":["post-2398","page","type-page","status-publish","hentry"],"_links":{"self":[{"href":"https:\/\/tiszalucihorgasz.hu\/index.php\/wp-json\/wp\/v2\/pages\/2398","targetHints":{"allow":["GET"]}}],"collection":[{"href":"https:\/\/tiszalucihorgasz.hu\/index.php\/wp-json\/wp\/v2\/pages"}],"about":[{"href":"https:\/\/tiszalucihorgasz.hu\/index.php\/wp-json\/wp\/v2\/types\/page"}],"author":[{"embeddable":true,"href":"https:\/\/tiszalucihorgasz.hu\/index.php\/wp-json\/wp\/v2\/users\/1"}],"replies":[{"embeddable":true,"href":"https:\/\/tiszalucihorgasz.hu\/index.php\/wp-json\/wp\/v2\/comments?post=2398"}],"version-history":[{"count":5,"href":"https:\/\/tiszalucihorgasz.hu\/index.php\/wp-json\/wp\/v2\/pages\/2398\/revisions"}],"predecessor-version":[{"id":2743,"href":"https:\/\/tiszalucihorgasz.hu\/index.php\/wp-json\/wp\/v2\/pages\/2398\/revisions\/2743"}],"up":[{"embeddable":true,"href":"https:\/\/tiszalucihorgasz.hu\/index.php\/wp-json\/wp\/v2\/pages\/2391"}],"wp:attachment":[{"href":"https:\/\/tiszalucihorgasz.hu\/index.php\/wp-json\/wp\/v2\/media?parent=2398"}],"curies":[{"name":"wp","href":"https:\/\/api.w.org\/{rel}","templated":true}]}}