{"id":2393,"date":"2023-08-08T14:28:25","date_gmt":"2023-08-08T12:28:25","guid":{"rendered":"https:\/\/tiszalucihorgasz.hu\/?page_id=2393"},"modified":"2024-02-21T11:08:56","modified_gmt":"2024-02-21T10:08:56","slug":"polo","status":"publish","type":"page","link":"https:\/\/tiszalucihorgasz.hu\/index.php\/egyedi-ruhazat\/polo\/","title":{"rendered":"Horg\u00e1sz P\u00f3l\u00f3"},"content":{"rendered":"\n<p>Horg\u00e1sz p\u00f3l\u00f3: 11.500 Ft<\/p>\n<p><strong>Rendel\u00e9s lead\u00e1sa: A megadott m\u00e9rett\u00e1bl\u00e1zat alapj\u00e1n erre az email c\u00edmre: shetiszaluc@gmail.com, a fizet\u00e9s el\u0151re utal\u00e1ssal t\u00f6rt\u00e9nik.<\/strong><\/p>\n\n\n\n<figure class=\"wp-block-image size-large\"><img loading=\"lazy\" decoding=\"async\" width=\"481\" height=\"768\" src=\"https:\/\/tiszalucihorgasz.hu\/wp-content\/uploads\/2023\/08\/Polok-meret-481x768.jpg\" alt=\"\" class=\"wp-image-2394\" srcset=\"https:\/\/tiszalucihorgasz.hu\/wp-content\/uploads\/2023\/08\/Polok-meret-481x768.jpg 481w, https:\/\/tiszalucihorgasz.hu\/wp-content\/uploads\/2023\/08\/Polok-meret-150x240.jpg 150w, https:\/\/tiszalucihorgasz.hu\/wp-content\/uploads\/2023\/08\/Polok-meret-768x1227.jpg 768w, https:\/\/tiszalucihorgasz.hu\/wp-content\/uploads\/2023\/08\/Polok-meret-961x1536.jpg 961w, https:\/\/tiszalucihorgasz.hu\/wp-content\/uploads\/2023\/08\/Polok-meret-1281x2048.jpg 1281w, https:\/\/tiszalucihorgasz.hu\/wp-content\/uploads\/2023\/08\/Polok-meret-scaled.jpg 1602w\" sizes=\"auto, (max-width: 481px) 100vw, 481px\" \/><\/figure>\n\n\n\n<figure class=\"wp-block-image size-large\"><img loading=\"lazy\" decoding=\"async\" width=\"768\" height=\"768\" src=\"https:\/\/tiszalucihorgasz.hu\/wp-content\/uploads\/2023\/08\/Tiszaluc-polo-E-768x768.jpg\" alt=\"\" class=\"wp-image-2395\" srcset=\"https:\/\/tiszalucihorgasz.hu\/wp-content\/uploads\/2023\/08\/Tiszaluc-polo-E-768x768.jpg 768w, https:\/\/tiszalucihorgasz.hu\/wp-content\/uploads\/2023\/08\/Tiszaluc-polo-E-240x240.jpg 240w, https:\/\/tiszalucihorgasz.hu\/wp-content\/uploads\/2023\/08\/Tiszaluc-polo-E-150x150.jpg 150w, https:\/\/tiszalucihorgasz.hu\/wp-content\/uploads\/2023\/08\/Tiszaluc-polo-E-1536x1536.jpg 1536w, https:\/\/tiszalucihorgasz.hu\/wp-content\/uploads\/2023\/08\/Tiszaluc-polo-E-2048x2048.jpg 2048w\" sizes=\"auto, (max-width: 768px) 100vw, 768px\" \/><\/figure>\n\n\n\n<figure class=\"wp-block-image size-large\"><img loading=\"lazy\" decoding=\"async\" width=\"768\" height=\"768\" src=\"https:\/\/tiszalucihorgasz.hu\/wp-content\/uploads\/2023\/08\/Tiszalucpolo-hat-2copy-768x768.jpg\" alt=\"\" class=\"wp-image-2396\" srcset=\"https:\/\/tiszalucihorgasz.hu\/wp-content\/uploads\/2023\/08\/Tiszalucpolo-hat-2copy-768x768.jpg 768w, https:\/\/tiszalucihorgasz.hu\/wp-content\/uploads\/2023\/08\/Tiszalucpolo-hat-2copy-240x240.jpg 240w, https:\/\/tiszalucihorgasz.hu\/wp-content\/uploads\/2023\/08\/Tiszalucpolo-hat-2copy-150x150.jpg 150w, https:\/\/tiszalucihorgasz.hu\/wp-content\/uploads\/2023\/08\/Tiszalucpolo-hat-2copy-1536x1536.jpg 1536w, https:\/\/tiszalucihorgasz.hu\/wp-content\/uploads\/2023\/08\/Tiszalucpolo-hat-2copy-2048x2048.jpg 2048w\" sizes=\"auto, (max-width: 768px) 100vw, 768px\" \/><\/figure>\n","protected":false},"excerpt":{"rendered":"<p>Horg\u00e1sz p\u00f3l\u00f3: 11.500 Ft Rendel\u00e9s lead\u00e1sa: A megadott m\u00e9rett\u00e1bl\u00e1zat alapj\u00e1n erre az email c\u00edmre: shetiszaluc@gmail.com, a fizet\u00e9s el\u0151re utal\u00e1ssal t\u00f6rt\u00e9nik.<\/p>\n","protected":false},"author":1,"featured_media":0,"parent":2391,"menu_order":0,"comment_status":"closed","ping_status":"closed","template":"","meta":{"footnotes":""},"class_list":["post-2393","page","type-page","status-publish","hentry"],"_links":{"self":[{"href":"https:\/\/tiszalucihorgasz.hu\/index.php\/wp-json\/wp\/v2\/pages\/2393","targetHints":{"allow":["GET"]}}],"collection":[{"href":"https:\/\/tiszalucihorgasz.hu\/index.php\/wp-json\/wp\/v2\/pages"}],"about":[{"href":"https:\/\/tiszalucihorgasz.hu\/index.php\/wp-json\/wp\/v2\/types\/page"}],"author":[{"embeddable":true,"href":"https:\/\/tiszalucihorgasz.hu\/index.php\/wp-json\/wp\/v2\/users\/1"}],"replies":[{"embeddable":true,"href":"https:\/\/tiszalucihorgasz.hu\/index.php\/wp-json\/wp\/v2\/comments?post=2393"}],"version-history":[{"count":6,"href":"https:\/\/tiszalucihorgasz.hu\/index.php\/wp-json\/wp\/v2\/pages\/2393\/revisions"}],"predecessor-version":[{"id":2742,"href":"https:\/\/tiszalucihorgasz.hu\/index.php\/wp-json\/wp\/v2\/pages\/2393\/revisions\/2742"}],"up":[{"embeddable":true,"href":"https:\/\/tiszalucihorgasz.hu\/index.php\/wp-json\/wp\/v2\/pages\/2391"}],"wp:attachment":[{"href":"https:\/\/tiszalucihorgasz.hu\/index.php\/wp-json\/wp\/v2\/media?parent=2393"}],"curies":[{"name":"wp","href":"https:\/\/api.w.org\/{rel}","templated":true}]}}