{"id":2066,"date":"2023-03-16T09:57:17","date_gmt":"2023-03-16T08:57:17","guid":{"rendered":"https:\/\/tiszalucihorgasz.hu\/?page_id=2066"},"modified":"2023-11-15T13:03:43","modified_gmt":"2023-11-15T12:03:43","slug":"telepites-2023","status":"publish","type":"page","link":"https:\/\/tiszalucihorgasz.hu\/index.php\/telepitesi-informaciok\/telepites-2023\/","title":{"rendered":"Telep\u00edt\u00e9s 2023"},"content":{"rendered":"\n<div class=\"x11i5rnm xat24cr x1mh8g0r x1vvkbs xdj266r x126k92a\">\n<div dir=\"auto\">TELEP\u00cdT\u00c9S 2023.03.13.<\/div>\n<\/div>\n<div class=\"x11i5rnm xat24cr x1mh8g0r x1vvkbs xtlvy1s x126k92a\">\n<div dir=\"auto\">A mai napon 4 000 kg h\u00e1romnyaras ponty (\u00e1tlags\u00faly kb. 3 kg\/db) kihelyez\u00e9se t\u00f6rt\u00e9nt meg a Tiszal\u00faci Holt-Tisza \u00dcd\u00fcl\u0151telep szakasz\u00e1n.<\/div>\n<\/div>\n<div dir=\"auto\">\u00a0<\/div>\n<div dir=\"auto\">\u00a0<\/div>\n\n\n\n<figure class=\"wp-block-gallery has-nested-images columns-default is-cropped wp-block-gallery-1 is-layout-flex wp-block-gallery-is-layout-flex\">\n<figure class=\"wp-block-image size-large\"><img loading=\"lazy\" decoding=\"async\" width=\"355\" height=\"768\" data-id=\"2067\" src=\"https:\/\/tiszalucihorgasz.hu\/wp-content\/uploads\/2023\/03\/335658696_1253320268591974_7010734954159273709_n-2-355x768.jpg\" alt=\"\" class=\"wp-image-2067\" srcset=\"https:\/\/tiszalucihorgasz.hu\/wp-content\/uploads\/2023\/03\/335658696_1253320268591974_7010734954159273709_n-2-355x768.jpg 355w, https:\/\/tiszalucihorgasz.hu\/wp-content\/uploads\/2023\/03\/335658696_1253320268591974_7010734954159273709_n-2-111x240.jpg 111w, https:\/\/tiszalucihorgasz.hu\/wp-content\/uploads\/2023\/03\/335658696_1253320268591974_7010734954159273709_n-2-768x1663.jpg 768w, https:\/\/tiszalucihorgasz.hu\/wp-content\/uploads\/2023\/03\/335658696_1253320268591974_7010734954159273709_n-2-710x1536.jpg 710w, https:\/\/tiszalucihorgasz.hu\/wp-content\/uploads\/2023\/03\/335658696_1253320268591974_7010734954159273709_n-2.jpg 946w\" sizes=\"auto, (max-width: 355px) 100vw, 355px\" \/><\/figure>\n\n\n\n<figure class=\"wp-block-image size-large\"><img loading=\"lazy\" decoding=\"async\" width=\"355\" height=\"768\" data-id=\"2069\" src=\"https:\/\/tiszalucihorgasz.hu\/wp-content\/uploads\/2023\/03\/335722760_589647903051149_1477503657165502730_n-1-355x768.jpg\" alt=\"\" class=\"wp-image-2069\" srcset=\"https:\/\/tiszalucihorgasz.hu\/wp-content\/uploads\/2023\/03\/335722760_589647903051149_1477503657165502730_n-1-355x768.jpg 355w, https:\/\/tiszalucihorgasz.hu\/wp-content\/uploads\/2023\/03\/335722760_589647903051149_1477503657165502730_n-1-111x240.jpg 111w, https:\/\/tiszalucihorgasz.hu\/wp-content\/uploads\/2023\/03\/335722760_589647903051149_1477503657165502730_n-1-768x1663.jpg 768w, https:\/\/tiszalucihorgasz.hu\/wp-content\/uploads\/2023\/03\/335722760_589647903051149_1477503657165502730_n-1-710x1536.jpg 710w, https:\/\/tiszalucihorgasz.hu\/wp-content\/uploads\/2023\/03\/335722760_589647903051149_1477503657165502730_n-1.jpg 946w\" sizes=\"auto, (max-width: 355px) 100vw, 355px\" \/><\/figure>\n\n\n\n<figure class=\"wp-block-image size-large\"><img loading=\"lazy\" decoding=\"async\" width=\"1024\" height=\"473\" data-id=\"2068\" src=\"https:\/\/tiszalucihorgasz.hu\/wp-content\/uploads\/2023\/03\/335993038_226182236577803_3961115404448670156_n-1-1024x473.jpg\" alt=\"\" class=\"wp-image-2068\" srcset=\"https:\/\/tiszalucihorgasz.hu\/wp-content\/uploads\/2023\/03\/335993038_226182236577803_3961115404448670156_n-1-1024x473.jpg 1024w, https:\/\/tiszalucihorgasz.hu\/wp-content\/uploads\/2023\/03\/335993038_226182236577803_3961115404448670156_n-1-300x139.jpg 300w, https:\/\/tiszalucihorgasz.hu\/wp-content\/uploads\/2023\/03\/335993038_226182236577803_3961115404448670156_n-1-768x355.jpg 768w, https:\/\/tiszalucihorgasz.hu\/wp-content\/uploads\/2023\/03\/335993038_226182236577803_3961115404448670156_n-1-1536x710.jpg 1536w, https:\/\/tiszalucihorgasz.hu\/wp-content\/uploads\/2023\/03\/335993038_226182236577803_3961115404448670156_n-1.jpg 2048w\" sizes=\"auto, (max-width: 1024px) 100vw, 1024px\" \/><\/figure>\n\n\n\n<figure class=\"wp-block-image size-large\"><img loading=\"lazy\" decoding=\"async\" width=\"1024\" height=\"768\" data-id=\"2070\" src=\"https:\/\/tiszalucihorgasz.hu\/wp-content\/uploads\/2023\/03\/336487129_546404064225511_4129145613062923857_n-1-1024x768.jpg\" alt=\"\" class=\"wp-image-2070\" srcset=\"https:\/\/tiszalucihorgasz.hu\/wp-content\/uploads\/2023\/03\/336487129_546404064225511_4129145613062923857_n-1-1024x768.jpg 1024w, https:\/\/tiszalucihorgasz.hu\/wp-content\/uploads\/2023\/03\/336487129_546404064225511_4129145613062923857_n-1-300x225.jpg 300w, https:\/\/tiszalucihorgasz.hu\/wp-content\/uploads\/2023\/03\/336487129_546404064225511_4129145613062923857_n-1-768x576.jpg 768w, https:\/\/tiszalucihorgasz.hu\/wp-content\/uploads\/2023\/03\/336487129_546404064225511_4129145613062923857_n-1-1536x1152.jpg 1536w, https:\/\/tiszalucihorgasz.hu\/wp-content\/uploads\/2023\/03\/336487129_546404064225511_4129145613062923857_n-1.jpg 2048w\" sizes=\"auto, (max-width: 1024px) 100vw, 1024px\" \/><\/figure>\n<\/figure>\n\n\n\n<hr class=\"wp-block-separator has-alpha-channel-opacity\"\/>\n\n\n\n<p>2023.05.23-\u00e1n<\/p>\n<p>30 000 db. el\u0151nevel s\u00fcll\u0151 ivad\u00e9k kihelyez\u00e9s\u00e9re ker\u00fcl sor a Tiszal\u00faci Hol-Tisz\u00e1ba.<\/p>\n<p><img decoding=\"async\" src=\"https:\/\/tiszalucihorgasz.hu\/wp-content\/uploads\/2023\/05\/4AE17922-4E15-4733-84BB-3BD3A38F8559.jpeg\" alt=\"\" \/>\u00a0<\/p>\n<p>A kihelyez\u00e9s tervezett helysz\u00edne: Tiszal\u00fac \u201eAk\u00e1cos\u201d \u00e9s \u201eP\u00e9terke\u201d.<\/p>\n<p>\u00a0<\/p>\n\n\n\n<hr class=\"wp-block-separator has-alpha-channel-opacity\"\/>\n\n\n\n<p><\/p>\n<p>\u00a0<\/p>\n<p>A mai sikeres telep\u00edt\u00e9snek k\u00f6sz\u00f6nhet\u0151en 200 kg gy\u00f6ny\u00f6r\u0171 comp\u00f3 tal\u00e1lt \u00faj otthont holt\u00e1gunkban.<\/p>\n<p>A telep\u00edt\u00e9s a MOHOSZ &#8222;\u00c1PFE-IV\/4\/2022. &#8211; Standard \u00e9s prefer\u00e1lt \u0151shonos halfajok telep\u00edt\u00e9se, visszatelep\u00edt\u00e9se&#8221; p\u00e1ly\u00e1zat\u00e1n kereszt\u00fcl val\u00f3sult meg.<\/p>\n<p> <\/p>\n<figure class=\"wp-block-image size-large\"><img loading=\"lazy\" decoding=\"async\" width=\"916\" height=\"768\" class=\"wp-image-1899\" src=\"https:\/\/tiszalucihorgasz.hu\/wp-content\/uploads\/2022\/09\/C36B0F0C-C1D2-4353-877C-153758996A6E-916x768.jpeg\" alt=\"\" srcset=\"https:\/\/tiszalucihorgasz.hu\/wp-content\/uploads\/2022\/09\/C36B0F0C-C1D2-4353-877C-153758996A6E-916x768.jpeg 916w, https:\/\/tiszalucihorgasz.hu\/wp-content\/uploads\/2022\/09\/C36B0F0C-C1D2-4353-877C-153758996A6E-286x240.jpeg 286w, https:\/\/tiszalucihorgasz.hu\/wp-content\/uploads\/2022\/09\/C36B0F0C-C1D2-4353-877C-153758996A6E-768x644.jpeg 768w, https:\/\/tiszalucihorgasz.hu\/wp-content\/uploads\/2022\/09\/C36B0F0C-C1D2-4353-877C-153758996A6E.jpeg 940w\" sizes=\"auto, (max-width: 916px) 100vw, 916px\" \/><\/figure>\n<p><\/p>\n","protected":false},"excerpt":{"rendered":"","protected":false},"author":1,"featured_media":0,"parent":98,"menu_order":8,"comment_status":"closed","ping_status":"closed","template":"","meta":{"footnotes":""},"class_list":["post-2066","page","type-page","status-publish","hentry"],"_links":{"self":[{"href":"https:\/\/tiszalucihorgasz.hu\/index.php\/wp-json\/wp\/v2\/pages\/2066","targetHints":{"allow":["GET"]}}],"collection":[{"href":"https:\/\/tiszalucihorgasz.hu\/index.php\/wp-json\/wp\/v2\/pages"}],"about":[{"href":"https:\/\/tiszalucihorgasz.hu\/index.php\/wp-json\/wp\/v2\/types\/page"}],"author":[{"embeddable":true,"href":"https:\/\/tiszalucihorgasz.hu\/index.php\/wp-json\/wp\/v2\/users\/1"}],"replies":[{"embeddable":true,"href":"https:\/\/tiszalucihorgasz.hu\/index.php\/wp-json\/wp\/v2\/comments?post=2066"}],"version-history":[{"count":2,"href":"https:\/\/tiszalucihorgasz.hu\/index.php\/wp-json\/wp\/v2\/pages\/2066\/revisions"}],"predecessor-version":[{"id":2615,"href":"https:\/\/tiszalucihorgasz.hu\/index.php\/wp-json\/wp\/v2\/pages\/2066\/revisions\/2615"}],"up":[{"embeddable":true,"href":"https:\/\/tiszalucihorgasz.hu\/index.php\/wp-json\/wp\/v2\/pages\/98"}],"wp:attachment":[{"href":"https:\/\/tiszalucihorgasz.hu\/index.php\/wp-json\/wp\/v2\/media?parent=2066"}],"curies":[{"name":"wp","href":"https:\/\/api.w.org\/{rel}","templated":true}]}}