{"id":20,"date":"2016-03-31T12:05:35","date_gmt":"2016-03-31T12:05:35","guid":{"rendered":"https:\/\/tiszalucihorgasz.hu\/?page_id=20"},"modified":"2026-02-08T13:33:53","modified_gmt":"2026-02-08T12:33:53","slug":"egyesuleti-informaciok","status":"publish","type":"page","link":"https:\/\/tiszalucihorgasz.hu\/index.php\/egyesuleti-informaciok\/","title":{"rendered":"Egyes\u00fcleti inform\u00e1ci\u00f3k"},"content":{"rendered":"<pre><strong>Horg\u00e1szenged\u00e9lyek kiad\u00e1sa: \nTiszal\u00fac, Sz\u00e9chenyi u. 2. M\u0171vel\u0151d\u00e9si h\u00e1z!!!<\/strong><\/pre>\n<p style=\"text-align: center;\"><strong><u>Az egyes\u00fclet c\u00edmei \u00e9s telefonsz\u00e1ma:<\/u><\/strong><br \/><u><strong>C\u00edm:\u00a0<\/strong><\/u>3565 Tiszal\u00fac, Sz\u00e9chenyi u. 2.<\/p>\n<p style=\"text-align: center;\"><strong><u>Levelez\u00e9si c\u00edme:\u00a0<\/u><\/strong>3565 Tiszal\u00fac, H\u00e1rsfa utca 1\/a.<\/p>\n<p style=\"text-align: center;\"><u><strong>Inform\u00e1ci\u00f3:\u00a0+36 30 224 3460<\/strong><\/u><\/p>\n<p style=\"text-align: center;\"><strong><u>Az egyes\u00fclet e-mail c\u00edme:\u00a0<\/u><\/strong><a href=\"mailto: &lt;script language='JavaScript' type='text\/javascript'&gt; &lt;!-- var prefix = 'ma' + 'il' + 'to'; var path = 'hr' + 'ef' + '='; var addy695 = 'shetiszaluc' + '@'; addy695 = addy695 + 'gmail' + '.' + 'com'; document.write( '&lt;a ' + path + '\/'' + prefix + ':' + addy695 + '\/'&gt;' ); document.write( addy695 ); document.write( '&lt;\/\/a&gt;' ); \/\/--&gt;\/n &lt;\/script&gt; &lt;script language='JavaScript' type='text\/javascript'&gt; &lt;!-- document.write( '&lt;span style=\/'display: none;\/'&gt;' ); \/\/--&gt; &lt;\/script&gt;Ezt a c%C3%ADmet a spamrobotok ellen v%C3%A9dj%C3%BCk. Enged%C3%A9lyezze a Javascript haszn%C3%A1lat%C3%A1t, hogy megtekinthesse. &lt;script language='JavaScript' type='text\/javascript'&gt; &lt;!-- document.write( '&lt;\/' ); document.write( 'span&gt;' ); \/\/--&gt; &lt;\/script&gt;\">\u00a0<\/a><a href=\"mailto:shetiszaluc@gmail.com\">shetiszaluc@gmail.com<\/a><\/p>\n<p style=\"text-align: center;\">info@tiszalucihorgasz.hu<\/p>\n\n\n<figure class=\"wp-block-image size-large\"><img loading=\"lazy\" decoding=\"async\" width=\"1024\" height=\"618\" src=\"https:\/\/tiszalucihorgasz.hu\/wp-content\/uploads\/2026\/02\/att.RBLi6CK7Q8OuAbI5iPIX_qmjg9TrbxsHD64R-XQJfB0-1024x618.jpeg\" alt=\"\" class=\"wp-image-3368\" srcset=\"https:\/\/tiszalucihorgasz.hu\/wp-content\/uploads\/2026\/02\/att.RBLi6CK7Q8OuAbI5iPIX_qmjg9TrbxsHD64R-XQJfB0-1024x618.jpeg 1024w, https:\/\/tiszalucihorgasz.hu\/wp-content\/uploads\/2026\/02\/att.RBLi6CK7Q8OuAbI5iPIX_qmjg9TrbxsHD64R-XQJfB0-300x181.jpeg 300w, https:\/\/tiszalucihorgasz.hu\/wp-content\/uploads\/2026\/02\/att.RBLi6CK7Q8OuAbI5iPIX_qmjg9TrbxsHD64R-XQJfB0-768x463.jpeg 768w, https:\/\/tiszalucihorgasz.hu\/wp-content\/uploads\/2026\/02\/att.RBLi6CK7Q8OuAbI5iPIX_qmjg9TrbxsHD64R-XQJfB0.jpeg 1273w\" sizes=\"auto, (max-width: 1024px) 100vw, 1024px\" \/><\/figure>\n","protected":false},"excerpt":{"rendered":"<p>Horg\u00e1szenged\u00e9lyek kiad\u00e1sa: Tiszal\u00fac, Sz\u00e9chenyi u. 2. M\u0171vel\u0151d\u00e9si h\u00e1z!!! Az egyes\u00fclet c\u00edmei \u00e9s telefonsz\u00e1ma:C\u00edm:\u00a03565 Tiszal\u00fac, Sz\u00e9chenyi u. 2. Levelez\u00e9si c\u00edme:\u00a03565 Tiszal\u00fac, H\u00e1rsfa utca 1\/a. Inform\u00e1ci\u00f3:\u00a0+36 30 224 3460 Az egyes\u00fclet e-mail c\u00edme:\u00a0\u00a0shetiszaluc@gmail.com info@tiszalucihorgasz.hu<\/p>\n","protected":false},"author":1,"featured_media":0,"parent":0,"menu_order":0,"comment_status":"closed","ping_status":"closed","template":"","meta":{"footnotes":""},"class_list":["post-20","page","type-page","status-publish","hentry"],"_links":{"self":[{"href":"https:\/\/tiszalucihorgasz.hu\/index.php\/wp-json\/wp\/v2\/pages\/20","targetHints":{"allow":["GET"]}}],"collection":[{"href":"https:\/\/tiszalucihorgasz.hu\/index.php\/wp-json\/wp\/v2\/pages"}],"about":[{"href":"https:\/\/tiszalucihorgasz.hu\/index.php\/wp-json\/wp\/v2\/types\/page"}],"author":[{"embeddable":true,"href":"https:\/\/tiszalucihorgasz.hu\/index.php\/wp-json\/wp\/v2\/users\/1"}],"replies":[{"embeddable":true,"href":"https:\/\/tiszalucihorgasz.hu\/index.php\/wp-json\/wp\/v2\/comments?post=20"}],"version-history":[{"count":20,"href":"https:\/\/tiszalucihorgasz.hu\/index.php\/wp-json\/wp\/v2\/pages\/20\/revisions"}],"predecessor-version":[{"id":3369,"href":"https:\/\/tiszalucihorgasz.hu\/index.php\/wp-json\/wp\/v2\/pages\/20\/revisions\/3369"}],"wp:attachment":[{"href":"https:\/\/tiszalucihorgasz.hu\/index.php\/wp-json\/wp\/v2\/media?parent=20"}],"curies":[{"name":"wp","href":"https:\/\/api.w.org\/{rel}","templated":true}]}}