{"id":178,"date":"2016-04-28T11:28:18","date_gmt":"2016-04-28T09:28:18","guid":{"rendered":"https:\/\/tiszalucihorgasz.hu\/?page_id=178"},"modified":"2023-11-15T11:03:53","modified_gmt":"2023-11-15T10:03:53","slug":"telepites-2016","status":"publish","type":"page","link":"https:\/\/tiszalucihorgasz.hu\/index.php\/telepitesi-informaciok\/telepites-2016\/","title":{"rendered":"Telep\u00edt\u00e9s 2016"},"content":{"rendered":"<h1 style=\"text-align: center;\">2016<\/h1>\n<p>TELEP\u00cdT\u00c9S<\/p>\n<p>2016.10.10.-\u00e9n 1 000 kg II. nyaras \u00e9s 1 000 kg lll. nyaras ponty ker\u00fclt kihelyez\u00e9sre a Tiszal\u00faci Holt-Tisza v\u00edzter\u00fcleten. \u00dcd\u00fcl\u0151telep &#8222;Krappai zsilip&#8221;: 2 000 kg.<\/p>\n<p><img loading=\"lazy\" decoding=\"async\" class=\"alignnone size-medium wp-image-367\" src=\"https:\/\/tiszalucihorgasz.hu\/wp-content\/uploads\/2016\/04\/14646793_1190178374358598_913391960_o-300x169.jpg\" alt=\"14646793_1190178374358598_913391960_o\" width=\"300\" height=\"169\" srcset=\"https:\/\/tiszalucihorgasz.hu\/wp-content\/uploads\/2016\/04\/14646793_1190178374358598_913391960_o-300x169.jpg 300w, https:\/\/tiszalucihorgasz.hu\/wp-content\/uploads\/2016\/04\/14646793_1190178374358598_913391960_o-768x432.jpg 768w, https:\/\/tiszalucihorgasz.hu\/wp-content\/uploads\/2016\/04\/14646793_1190178374358598_913391960_o-1024x576.jpg 1024w, https:\/\/tiszalucihorgasz.hu\/wp-content\/uploads\/2016\/04\/14646793_1190178374358598_913391960_o.jpg 1334w\" sizes=\"auto, (max-width: 300px) 100vw, 300px\" \/> <img loading=\"lazy\" decoding=\"async\" class=\"alignnone size-medium wp-image-368\" src=\"https:\/\/tiszalucihorgasz.hu\/wp-content\/uploads\/2016\/04\/14699693_1190178281025274_1577232927_o-300x169.jpg\" alt=\"14699693_1190178281025274_1577232927_o\" width=\"300\" height=\"169\" srcset=\"https:\/\/tiszalucihorgasz.hu\/wp-content\/uploads\/2016\/04\/14699693_1190178281025274_1577232927_o-300x169.jpg 300w, https:\/\/tiszalucihorgasz.hu\/wp-content\/uploads\/2016\/04\/14699693_1190178281025274_1577232927_o-768x432.jpg 768w, https:\/\/tiszalucihorgasz.hu\/wp-content\/uploads\/2016\/04\/14699693_1190178281025274_1577232927_o-1024x576.jpg 1024w, https:\/\/tiszalucihorgasz.hu\/wp-content\/uploads\/2016\/04\/14699693_1190178281025274_1577232927_o.jpg 1334w\" sizes=\"auto, (max-width: 300px) 100vw, 300px\" \/> <img loading=\"lazy\" decoding=\"async\" class=\"alignnone size-medium wp-image-369\" src=\"https:\/\/tiszalucihorgasz.hu\/wp-content\/uploads\/2016\/04\/14697309_1190178187691950_1591292026_o-300x169.jpg\" alt=\"14697309_1190178187691950_1591292026_o\" width=\"300\" height=\"169\" srcset=\"https:\/\/tiszalucihorgasz.hu\/wp-content\/uploads\/2016\/04\/14697309_1190178187691950_1591292026_o-300x169.jpg 300w, https:\/\/tiszalucihorgasz.hu\/wp-content\/uploads\/2016\/04\/14697309_1190178187691950_1591292026_o-768x432.jpg 768w, https:\/\/tiszalucihorgasz.hu\/wp-content\/uploads\/2016\/04\/14697309_1190178187691950_1591292026_o-1024x576.jpg 1024w, https:\/\/tiszalucihorgasz.hu\/wp-content\/uploads\/2016\/04\/14697309_1190178187691950_1591292026_o.jpg 1334w\" sizes=\"auto, (max-width: 300px) 100vw, 300px\" \/> <img loading=\"lazy\" decoding=\"async\" class=\"alignnone size-medium wp-image-370\" src=\"https:\/\/tiszalucihorgasz.hu\/wp-content\/uploads\/2016\/04\/14689810_1190178127691956_1830253908_o-300x169.jpg\" alt=\"14689810_1190178127691956_1830253908_o\" width=\"300\" height=\"169\" srcset=\"https:\/\/tiszalucihorgasz.hu\/wp-content\/uploads\/2016\/04\/14689810_1190178127691956_1830253908_o-300x169.jpg 300w, https:\/\/tiszalucihorgasz.hu\/wp-content\/uploads\/2016\/04\/14689810_1190178127691956_1830253908_o-768x432.jpg 768w, https:\/\/tiszalucihorgasz.hu\/wp-content\/uploads\/2016\/04\/14689810_1190178127691956_1830253908_o-1024x576.jpg 1024w, https:\/\/tiszalucihorgasz.hu\/wp-content\/uploads\/2016\/04\/14689810_1190178127691956_1830253908_o.jpg 1334w\" sizes=\"auto, (max-width: 300px) 100vw, 300px\" \/> <img loading=\"lazy\" decoding=\"async\" class=\"alignnone size-medium wp-image-371\" src=\"https:\/\/tiszalucihorgasz.hu\/wp-content\/uploads\/2016\/04\/14643072_1190178044358631_881730315_n-300x225.jpg\" alt=\"14643072_1190178044358631_881730315_n\" width=\"300\" height=\"225\" srcset=\"https:\/\/tiszalucihorgasz.hu\/wp-content\/uploads\/2016\/04\/14643072_1190178044358631_881730315_n-300x225.jpg 300w, https:\/\/tiszalucihorgasz.hu\/wp-content\/uploads\/2016\/04\/14643072_1190178044358631_881730315_n.jpg 480w\" sizes=\"auto, (max-width: 300px) 100vw, 300px\" \/><\/p>\n<hr \/>\n<p>TELEP\u00cdT\u00c9S<\/p>\n<p>2016.07.08.-\u00e1n 2 000 kg III. nyaras ponty ker\u00fclt kihelyez\u00e9sre a Tiszal\u00faci Holt-Tisza v\u00edzter\u00fcleten.<\/p>\n<p>&#8222;Nagy\u00f6rv\u00e9ny&#8221;: 2 000 kg.<\/p>\n<p><img loading=\"lazy\" decoding=\"async\" class=\"alignnone size-medium wp-image-265\" src=\"https:\/\/tiszalucihorgasz.hu\/wp-content\/uploads\/2016\/04\/13537806_1118049304904839_4591559473357021734_n-300x225.jpg\" alt=\"13537806_1118049304904839_4591559473357021734_n\" width=\"300\" height=\"225\" srcset=\"https:\/\/tiszalucihorgasz.hu\/wp-content\/uploads\/2016\/04\/13537806_1118049304904839_4591559473357021734_n-300x225.jpg 300w, https:\/\/tiszalucihorgasz.hu\/wp-content\/uploads\/2016\/04\/13537806_1118049304904839_4591559473357021734_n-768x576.jpg 768w, https:\/\/tiszalucihorgasz.hu\/wp-content\/uploads\/2016\/04\/13537806_1118049304904839_4591559473357021734_n.jpg 960w\" sizes=\"auto, (max-width: 300px) 100vw, 300px\" \/>\u00a0<img loading=\"lazy\" decoding=\"async\" class=\"alignnone size-medium wp-image-266\" src=\"https:\/\/tiszalucihorgasz.hu\/wp-content\/uploads\/2016\/04\/13590304_1118049548238148_6730439918380409804_n-300x169.jpg\" alt=\"13590304_1118049548238148_6730439918380409804_n\" width=\"300\" height=\"169\" srcset=\"https:\/\/tiszalucihorgasz.hu\/wp-content\/uploads\/2016\/04\/13590304_1118049548238148_6730439918380409804_n-300x169.jpg 300w, https:\/\/tiszalucihorgasz.hu\/wp-content\/uploads\/2016\/04\/13590304_1118049548238148_6730439918380409804_n-768x432.jpg 768w, https:\/\/tiszalucihorgasz.hu\/wp-content\/uploads\/2016\/04\/13590304_1118049548238148_6730439918380409804_n.jpg 960w\" sizes=\"auto, (max-width: 300px) 100vw, 300px\" \/><\/p>\n<p><img loading=\"lazy\" decoding=\"async\" class=\"alignnone size-medium wp-image-267\" src=\"https:\/\/tiszalucihorgasz.hu\/wp-content\/uploads\/2016\/04\/13600215_1118049481571488_2442250323597399635_n-300x225.jpg\" alt=\"13600215_1118049481571488_2442250323597399635_n\" width=\"300\" height=\"225\" srcset=\"https:\/\/tiszalucihorgasz.hu\/wp-content\/uploads\/2016\/04\/13600215_1118049481571488_2442250323597399635_n-300x225.jpg 300w, https:\/\/tiszalucihorgasz.hu\/wp-content\/uploads\/2016\/04\/13600215_1118049481571488_2442250323597399635_n-768x576.jpg 768w, https:\/\/tiszalucihorgasz.hu\/wp-content\/uploads\/2016\/04\/13600215_1118049481571488_2442250323597399635_n.jpg 960w\" sizes=\"auto, (max-width: 300px) 100vw, 300px\" \/>\u00a0<img loading=\"lazy\" decoding=\"async\" class=\"alignnone size-medium wp-image-268\" src=\"https:\/\/tiszalucihorgasz.hu\/wp-content\/uploads\/2016\/04\/13600264_1118049241571512_4772048683652923020_n-300x225.jpg\" alt=\"13600264_1118049241571512_4772048683652923020_n\" width=\"300\" height=\"225\" srcset=\"https:\/\/tiszalucihorgasz.hu\/wp-content\/uploads\/2016\/04\/13600264_1118049241571512_4772048683652923020_n-300x225.jpg 300w, https:\/\/tiszalucihorgasz.hu\/wp-content\/uploads\/2016\/04\/13600264_1118049241571512_4772048683652923020_n-768x576.jpg 768w, https:\/\/tiszalucihorgasz.hu\/wp-content\/uploads\/2016\/04\/13600264_1118049241571512_4772048683652923020_n.jpg 960w\" sizes=\"auto, (max-width: 300px) 100vw, 300px\" \/><\/p>\n<p><img loading=\"lazy\" decoding=\"async\" class=\"alignnone size-medium wp-image-269\" src=\"https:\/\/tiszalucihorgasz.hu\/wp-content\/uploads\/2016\/04\/13606435_1118049624904807_1142791618334474186_n-300x169.jpg\" alt=\"13606435_1118049624904807_1142791618334474186_n\" width=\"300\" height=\"169\" srcset=\"https:\/\/tiszalucihorgasz.hu\/wp-content\/uploads\/2016\/04\/13606435_1118049624904807_1142791618334474186_n-300x169.jpg 300w, https:\/\/tiszalucihorgasz.hu\/wp-content\/uploads\/2016\/04\/13606435_1118049624904807_1142791618334474186_n-768x432.jpg 768w, https:\/\/tiszalucihorgasz.hu\/wp-content\/uploads\/2016\/04\/13606435_1118049624904807_1142791618334474186_n.jpg 960w\" sizes=\"auto, (max-width: 300px) 100vw, 300px\" \/> <img loading=\"lazy\" decoding=\"async\" class=\"alignnone wp-image-270\" src=\"https:\/\/tiszalucihorgasz.hu\/wp-content\/uploads\/2016\/04\/13619873_1118049378238165_1644226794025866218_n-225x300.jpg\" alt=\"13619873_1118049378238165_1644226794025866218_n\" width=\"152\" height=\"203\" srcset=\"https:\/\/tiszalucihorgasz.hu\/wp-content\/uploads\/2016\/04\/13619873_1118049378238165_1644226794025866218_n-225x300.jpg 225w, https:\/\/tiszalucihorgasz.hu\/wp-content\/uploads\/2016\/04\/13619873_1118049378238165_1644226794025866218_n.jpg 720w\" sizes=\"auto, (max-width: 152px) 100vw, 152px\" \/> <img loading=\"lazy\" decoding=\"async\" class=\"alignnone size-medium wp-image-271\" src=\"https:\/\/tiszalucihorgasz.hu\/wp-content\/uploads\/2016\/04\/13626504_1118049344904835_5420595310673211113_n-225x300.jpg\" alt=\"13626504_1118049344904835_5420595310673211113_n\" width=\"225\" height=\"300\" srcset=\"https:\/\/tiszalucihorgasz.hu\/wp-content\/uploads\/2016\/04\/13626504_1118049344904835_5420595310673211113_n-225x300.jpg 225w, https:\/\/tiszalucihorgasz.hu\/wp-content\/uploads\/2016\/04\/13626504_1118049344904835_5420595310673211113_n.jpg 720w\" sizes=\"auto, (max-width: 225px) 100vw, 225px\" \/> <img loading=\"lazy\" decoding=\"async\" class=\"alignnone size-medium wp-image-272\" src=\"https:\/\/tiszalucihorgasz.hu\/wp-content\/uploads\/2016\/04\/13626633_1118049428238160_3445505920780769023_n-300x225.jpg\" alt=\"13626633_1118049428238160_3445505920780769023_n\" width=\"300\" height=\"225\" srcset=\"https:\/\/tiszalucihorgasz.hu\/wp-content\/uploads\/2016\/04\/13626633_1118049428238160_3445505920780769023_n-300x225.jpg 300w, https:\/\/tiszalucihorgasz.hu\/wp-content\/uploads\/2016\/04\/13626633_1118049428238160_3445505920780769023_n-768x576.jpg 768w, https:\/\/tiszalucihorgasz.hu\/wp-content\/uploads\/2016\/04\/13626633_1118049428238160_3445505920780769023_n.jpg 960w\" sizes=\"auto, (max-width: 300px) 100vw, 300px\" \/> <img loading=\"lazy\" decoding=\"async\" class=\"alignnone size-medium wp-image-273\" src=\"https:\/\/tiszalucihorgasz.hu\/wp-content\/uploads\/2016\/04\/13626978_1118049574904812_5066061865286108109_n-300x169.jpg\" alt=\"13626978_1118049574904812_5066061865286108109_n\" width=\"300\" height=\"169\" srcset=\"https:\/\/tiszalucihorgasz.hu\/wp-content\/uploads\/2016\/04\/13626978_1118049574904812_5066061865286108109_n-300x169.jpg 300w, https:\/\/tiszalucihorgasz.hu\/wp-content\/uploads\/2016\/04\/13626978_1118049574904812_5066061865286108109_n-768x432.jpg 768w, https:\/\/tiszalucihorgasz.hu\/wp-content\/uploads\/2016\/04\/13626978_1118049574904812_5066061865286108109_n.jpg 960w\" sizes=\"auto, (max-width: 300px) 100vw, 300px\" \/> <img loading=\"lazy\" decoding=\"async\" class=\"alignnone size-medium wp-image-274\" src=\"https:\/\/tiszalucihorgasz.hu\/wp-content\/uploads\/2016\/04\/13626996_1118049274904842_2961637708793519114_n-300x225.jpg\" alt=\"13626996_1118049274904842_2961637708793519114_n\" width=\"300\" height=\"225\" srcset=\"https:\/\/tiszalucihorgasz.hu\/wp-content\/uploads\/2016\/04\/13626996_1118049274904842_2961637708793519114_n-300x225.jpg 300w, https:\/\/tiszalucihorgasz.hu\/wp-content\/uploads\/2016\/04\/13626996_1118049274904842_2961637708793519114_n-768x576.jpg 768w, https:\/\/tiszalucihorgasz.hu\/wp-content\/uploads\/2016\/04\/13626996_1118049274904842_2961637708793519114_n.jpg 960w\" sizes=\"auto, (max-width: 300px) 100vw, 300px\" \/><\/p>\n<hr \/>\n<p dir=\"ltr\">2016. m\u00e1jus 27.-\u00e9n 16 000 db el\u0151nevelt s\u00fcll\u0151 ivad\u00e9k ker\u00fclt kihelyez\u00e9sre az Aranyponty Zrt. \u00e1llom\u00e1ny\u00e1b\u00f3l a Tiszal\u00faci Holt-Tisza v\u00edzter\u00fcletre az al\u00e1bbi eloszt\u00e1s szerint:<\/p>\n<p dir=\"ltr\">\u00dcd\u00fcl\u0151telep: 4 000 db.<br \/>\nAk\u00e1cos: 6 000 db.<br \/>\nTusk\u00f3s: 2 000 db.<br \/>\nB\u00e1r\u00e1nyszeg: 4 000 db.<\/p>\n<p dir=\"ltr\"><img loading=\"lazy\" decoding=\"async\" class=\"alignnone size-medium wp-image-213\" src=\"https:\/\/tiszalucihorgasz.hu\/wp-content\/uploads\/2016\/04\/20160527_155656-300x169.jpg\" alt=\"20160527_155656\" width=\"300\" height=\"169\" srcset=\"https:\/\/tiszalucihorgasz.hu\/wp-content\/uploads\/2016\/04\/20160527_155656-300x169.jpg 300w, https:\/\/tiszalucihorgasz.hu\/wp-content\/uploads\/2016\/04\/20160527_155656-768x432.jpg 768w, https:\/\/tiszalucihorgasz.hu\/wp-content\/uploads\/2016\/04\/20160527_155656-1024x576.jpg 1024w\" sizes=\"auto, (max-width: 300px) 100vw, 300px\" \/><\/p>\n<p dir=\"ltr\"><img loading=\"lazy\" decoding=\"async\" class=\"alignnone size-medium wp-image-214\" src=\"https:\/\/tiszalucihorgasz.hu\/wp-content\/uploads\/2016\/04\/received_990812027700745-225x300.jpeg\" alt=\"received_990812027700745\" width=\"225\" height=\"300\" srcset=\"https:\/\/tiszalucihorgasz.hu\/wp-content\/uploads\/2016\/04\/received_990812027700745-225x300.jpeg 225w, https:\/\/tiszalucihorgasz.hu\/wp-content\/uploads\/2016\/04\/received_990812027700745-768x1024.jpeg 768w, https:\/\/tiszalucihorgasz.hu\/wp-content\/uploads\/2016\/04\/received_990812027700745.jpeg 960w\" sizes=\"auto, (max-width: 225px) 100vw, 225px\" \/><\/p>\n<p dir=\"ltr\"><img loading=\"lazy\" decoding=\"async\" class=\"alignnone size-medium wp-image-215\" src=\"https:\/\/tiszalucihorgasz.hu\/wp-content\/uploads\/2016\/04\/received_990812031034078-300x225.jpeg\" alt=\"received_990812031034078\" width=\"300\" height=\"225\" srcset=\"https:\/\/tiszalucihorgasz.hu\/wp-content\/uploads\/2016\/04\/received_990812031034078-300x225.jpeg 300w, https:\/\/tiszalucihorgasz.hu\/wp-content\/uploads\/2016\/04\/received_990812031034078-768x576.jpeg 768w, https:\/\/tiszalucihorgasz.hu\/wp-content\/uploads\/2016\/04\/received_990812031034078-1024x768.jpeg 1024w, https:\/\/tiszalucihorgasz.hu\/wp-content\/uploads\/2016\/04\/received_990812031034078.jpeg 1280w\" sizes=\"auto, (max-width: 300px) 100vw, 300px\" \/><\/p>\n<p dir=\"ltr\"><img loading=\"lazy\" decoding=\"async\" class=\"alignnone size-medium wp-image-216\" src=\"https:\/\/tiszalucihorgasz.hu\/wp-content\/uploads\/2016\/04\/received_990812091034072-225x300.jpeg\" alt=\"received_990812091034072\" width=\"225\" height=\"300\" srcset=\"https:\/\/tiszalucihorgasz.hu\/wp-content\/uploads\/2016\/04\/received_990812091034072-225x300.jpeg 225w, https:\/\/tiszalucihorgasz.hu\/wp-content\/uploads\/2016\/04\/received_990812091034072-768x1024.jpeg 768w, https:\/\/tiszalucihorgasz.hu\/wp-content\/uploads\/2016\/04\/received_990812091034072.jpeg 960w\" sizes=\"auto, (max-width: 225px) 100vw, 225px\" \/><\/p>\n<hr \/>\n<p dir=\"ltr\">2016.04.27.-\u00e9n 3000 kg III. nyaras Geleji Nyurga ponty ker\u00fclt kihelyez\u00e9sre a Tiszal\u00faci Holt Tisza v\u00edzter\u00fcletre. \u00dcd\u00fcl\u0151telep: 1500 kg Sz\u0171kv\u00edz: 1000 kg B\u00e1r\u00e1nyszeg: 500 kg<\/p>\n<p dir=\"ltr\"><img loading=\"lazy\" decoding=\"async\" class=\"alignnone wp-image-220\" src=\"https:\/\/tiszalucihorgasz.hu\/wp-content\/uploads\/2016\/04\/20160427_075121-300x169.jpg\" alt=\"20160427_075121\" width=\"446\" height=\"251\" srcset=\"https:\/\/tiszalucihorgasz.hu\/wp-content\/uploads\/2016\/04\/20160427_075121-300x169.jpg 300w, https:\/\/tiszalucihorgasz.hu\/wp-content\/uploads\/2016\/04\/20160427_075121-768x432.jpg 768w, https:\/\/tiszalucihorgasz.hu\/wp-content\/uploads\/2016\/04\/20160427_075121.jpg 900w\" sizes=\"auto, (max-width: 446px) 100vw, 446px\" \/><\/p>\n<p dir=\"ltr\"><img loading=\"lazy\" decoding=\"async\" class=\"alignnone wp-image-221\" src=\"https:\/\/tiszalucihorgasz.hu\/wp-content\/uploads\/2016\/04\/20160427_080235-300x169.jpg\" alt=\"20160427_080235\" width=\"446\" height=\"251\" srcset=\"https:\/\/tiszalucihorgasz.hu\/wp-content\/uploads\/2016\/04\/20160427_080235-300x169.jpg 300w, https:\/\/tiszalucihorgasz.hu\/wp-content\/uploads\/2016\/04\/20160427_080235-768x432.jpg 768w, https:\/\/tiszalucihorgasz.hu\/wp-content\/uploads\/2016\/04\/20160427_080235.jpg 900w\" sizes=\"auto, (max-width: 446px) 100vw, 446px\" \/><\/p>\n<p dir=\"ltr\"><img loading=\"lazy\" decoding=\"async\" class=\"alignnone wp-image-222\" src=\"https:\/\/tiszalucihorgasz.hu\/wp-content\/uploads\/2016\/04\/20160427_105642-300x169.jpg\" alt=\"20160427_105642\" width=\"447\" height=\"252\" srcset=\"https:\/\/tiszalucihorgasz.hu\/wp-content\/uploads\/2016\/04\/20160427_105642-300x169.jpg 300w, https:\/\/tiszalucihorgasz.hu\/wp-content\/uploads\/2016\/04\/20160427_105642-768x432.jpg 768w, https:\/\/tiszalucihorgasz.hu\/wp-content\/uploads\/2016\/04\/20160427_105642.jpg 900w\" sizes=\"auto, (max-width: 447px) 100vw, 447px\" \/><\/p>\n<p dir=\"ltr\"><img loading=\"lazy\" decoding=\"async\" class=\"alignnone wp-image-223\" src=\"https:\/\/tiszalucihorgasz.hu\/wp-content\/uploads\/2016\/04\/20160427_110026-300x169.jpg\" alt=\"20160427_110026\" width=\"442\" height=\"249\" srcset=\"https:\/\/tiszalucihorgasz.hu\/wp-content\/uploads\/2016\/04\/20160427_110026-300x169.jpg 300w, https:\/\/tiszalucihorgasz.hu\/wp-content\/uploads\/2016\/04\/20160427_110026-768x432.jpg 768w, https:\/\/tiszalucihorgasz.hu\/wp-content\/uploads\/2016\/04\/20160427_110026.jpg 900w\" sizes=\"auto, (max-width: 442px) 100vw, 442px\" \/><\/p>\n<p dir=\"ltr\"><img loading=\"lazy\" decoding=\"async\" class=\"alignnone wp-image-224\" src=\"https:\/\/tiszalucihorgasz.hu\/wp-content\/uploads\/2016\/04\/20160427_110420-300x169.jpg\" alt=\"20160427_110420\" width=\"437\" height=\"246\" srcset=\"https:\/\/tiszalucihorgasz.hu\/wp-content\/uploads\/2016\/04\/20160427_110420-300x169.jpg 300w, https:\/\/tiszalucihorgasz.hu\/wp-content\/uploads\/2016\/04\/20160427_110420-768x432.jpg 768w, https:\/\/tiszalucihorgasz.hu\/wp-content\/uploads\/2016\/04\/20160427_110420.jpg 900w\" sizes=\"auto, (max-width: 437px) 100vw, 437px\" \/><\/p>\n<p dir=\"ltr\"><img loading=\"lazy\" decoding=\"async\" class=\"alignnone wp-image-225\" src=\"https:\/\/tiszalucihorgasz.hu\/wp-content\/uploads\/2016\/04\/20160427_110424-300x169.jpg\" alt=\"20160427_110424\" width=\"435\" height=\"245\" srcset=\"https:\/\/tiszalucihorgasz.hu\/wp-content\/uploads\/2016\/04\/20160427_110424-300x169.jpg 300w, https:\/\/tiszalucihorgasz.hu\/wp-content\/uploads\/2016\/04\/20160427_110424-768x432.jpg 768w, https:\/\/tiszalucihorgasz.hu\/wp-content\/uploads\/2016\/04\/20160427_110424.jpg 900w\" sizes=\"auto, (max-width: 435px) 100vw, 435px\" \/><\/p>\n<p dir=\"ltr\"><img loading=\"lazy\" decoding=\"async\" class=\"alignnone wp-image-226\" src=\"https:\/\/tiszalucihorgasz.hu\/wp-content\/uploads\/2016\/04\/20160427_110429-169x300.jpg\" alt=\"20160427_110429\" width=\"278\" height=\"493\" srcset=\"https:\/\/tiszalucihorgasz.hu\/wp-content\/uploads\/2016\/04\/20160427_110429-169x300.jpg 169w, https:\/\/tiszalucihorgasz.hu\/wp-content\/uploads\/2016\/04\/20160427_110429-768x1365.jpg 768w, https:\/\/tiszalucihorgasz.hu\/wp-content\/uploads\/2016\/04\/20160427_110429-576x1024.jpg 576w, https:\/\/tiszalucihorgasz.hu\/wp-content\/uploads\/2016\/04\/20160427_110429.jpg 900w\" sizes=\"auto, (max-width: 278px) 100vw, 278px\" \/><\/p>\n<p dir=\"ltr\"><img loading=\"lazy\" decoding=\"async\" class=\"alignnone wp-image-227\" src=\"https:\/\/tiszalucihorgasz.hu\/wp-content\/uploads\/2016\/04\/20160427_114308-300x169.jpg\" alt=\"20160427_114308\" width=\"470\" height=\"265\" srcset=\"https:\/\/tiszalucihorgasz.hu\/wp-content\/uploads\/2016\/04\/20160427_114308-300x169.jpg 300w, https:\/\/tiszalucihorgasz.hu\/wp-content\/uploads\/2016\/04\/20160427_114308-768x432.jpg 768w, https:\/\/tiszalucihorgasz.hu\/wp-content\/uploads\/2016\/04\/20160427_114308.jpg 900w\" sizes=\"auto, (max-width: 470px) 100vw, 470px\" \/><\/p>\n<p dir=\"ltr\"><img loading=\"lazy\" decoding=\"async\" class=\"alignnone wp-image-228\" src=\"https:\/\/tiszalucihorgasz.hu\/wp-content\/uploads\/2016\/04\/20160427_114815-1-300x169.jpg\" alt=\"20160427_114815 (1)\" width=\"467\" height=\"263\" srcset=\"https:\/\/tiszalucihorgasz.hu\/wp-content\/uploads\/2016\/04\/20160427_114815-1-300x169.jpg 300w, https:\/\/tiszalucihorgasz.hu\/wp-content\/uploads\/2016\/04\/20160427_114815-1-768x432.jpg 768w, https:\/\/tiszalucihorgasz.hu\/wp-content\/uploads\/2016\/04\/20160427_114815-1.jpg 900w\" sizes=\"auto, (max-width: 467px) 100vw, 467px\" \/><\/p>\n<hr \/>\n<p dir=\"ltr\">2016. \u00e1prilis 15.-\u00e9n 12 500 db el\u0151nevelt csuka ivad\u00e9k ker\u00fclt kihelyez\u00e9sre az Aranyponty Zrt. \u00e1llom\u00e1ny\u00e1b\u00f3l a Tiszal\u00faci Holt-Tisza v\u00edzter\u00fcletre az al\u00e1bbi eloszt\u00e1s szerint: \u00dcd\u00fcl\u0151telep: 3 000 db. Nagy\u00f6rv\u00e9ny: 3 000 db. Tusk\u00f3s: 3 000 db. B\u00e1r\u00e1nyszeg: 3 500 db.<\/p>\n<p><img loading=\"lazy\" decoding=\"async\" class=\"alignnone wp-image-159\" src=\"https:\/\/tiszalucihorgasz.hu\/wp-content\/uploads\/2016\/04\/20160415_132936-300x169.jpg\" alt=\"20160415_132936\" width=\"410\" height=\"231\" srcset=\"https:\/\/tiszalucihorgasz.hu\/wp-content\/uploads\/2016\/04\/20160415_132936-300x169.jpg 300w, https:\/\/tiszalucihorgasz.hu\/wp-content\/uploads\/2016\/04\/20160415_132936.jpg 400w\" sizes=\"auto, (max-width: 410px) 100vw, 410px\" \/> <img loading=\"lazy\" decoding=\"async\" class=\"alignnone wp-image-160\" src=\"https:\/\/tiszalucihorgasz.hu\/wp-content\/uploads\/2016\/04\/20160415_132942-300x169.jpg\" alt=\"20160415_132942\" width=\"408\" height=\"230\" srcset=\"https:\/\/tiszalucihorgasz.hu\/wp-content\/uploads\/2016\/04\/20160415_132942-300x169.jpg 300w, https:\/\/tiszalucihorgasz.hu\/wp-content\/uploads\/2016\/04\/20160415_132942.jpg 400w\" sizes=\"auto, (max-width: 408px) 100vw, 408px\" \/> <img loading=\"lazy\" decoding=\"async\" class=\"alignnone wp-image-161\" src=\"https:\/\/tiszalucihorgasz.hu\/wp-content\/uploads\/2016\/04\/20160415_133440-300x169.jpg\" alt=\"20160415_133440\" width=\"407\" height=\"229\" srcset=\"https:\/\/tiszalucihorgasz.hu\/wp-content\/uploads\/2016\/04\/20160415_133440-300x169.jpg 300w, https:\/\/tiszalucihorgasz.hu\/wp-content\/uploads\/2016\/04\/20160415_133440.jpg 400w\" sizes=\"auto, (max-width: 407px) 100vw, 407px\" \/> <img loading=\"lazy\" decoding=\"async\" class=\"alignnone wp-image-162\" src=\"https:\/\/tiszalucihorgasz.hu\/wp-content\/uploads\/2016\/04\/20160415_133705-300x169.jpg\" alt=\"20160415_133705\" width=\"405\" height=\"228\" srcset=\"https:\/\/tiszalucihorgasz.hu\/wp-content\/uploads\/2016\/04\/20160415_133705-300x169.jpg 300w, https:\/\/tiszalucihorgasz.hu\/wp-content\/uploads\/2016\/04\/20160415_133705.jpg 400w\" sizes=\"auto, (max-width: 405px) 100vw, 405px\" \/><\/p>\n","protected":false},"excerpt":{"rendered":"<p>2016 TELEP\u00cdT\u00c9S 2016.10.10.-\u00e9n 1 000 kg II. nyaras \u00e9s 1 000 kg lll. nyaras ponty ker\u00fclt kihelyez\u00e9sre a Tiszal\u00faci Holt-Tisza v\u00edzter\u00fcleten. \u00dcd\u00fcl\u0151telep &#8222;Krappai zsilip&#8221;: 2 000 kg. TELEP\u00cdT\u00c9S 2016.07.08.-\u00e1n 2 000 kg III. nyaras ponty ker\u00fclt kihelyez\u00e9sre a Tiszal\u00faci Holt-Tisza &hellip; <a href=\"https:\/\/tiszalucihorgasz.hu\/index.php\/telepitesi-informaciok\/telepites-2016\/\">Egy kattint\u00e1s ide a folytat\u00e1shoz&#8230;. <span class=\"meta-nav\">&rarr;<\/span><\/a><\/p>\n","protected":false},"author":1,"featured_media":0,"parent":98,"menu_order":15,"comment_status":"closed","ping_status":"closed","template":"","meta":{"footnotes":""},"class_list":["post-178","page","type-page","status-publish","hentry"],"_links":{"self":[{"href":"https:\/\/tiszalucihorgasz.hu\/index.php\/wp-json\/wp\/v2\/pages\/178","targetHints":{"allow":["GET"]}}],"collection":[{"href":"https:\/\/tiszalucihorgasz.hu\/index.php\/wp-json\/wp\/v2\/pages"}],"about":[{"href":"https:\/\/tiszalucihorgasz.hu\/index.php\/wp-json\/wp\/v2\/types\/page"}],"author":[{"embeddable":true,"href":"https:\/\/tiszalucihorgasz.hu\/index.php\/wp-json\/wp\/v2\/users\/1"}],"replies":[{"embeddable":true,"href":"https:\/\/tiszalucihorgasz.hu\/index.php\/wp-json\/wp\/v2\/comments?post=178"}],"version-history":[{"count":7,"href":"https:\/\/tiszalucihorgasz.hu\/index.php\/wp-json\/wp\/v2\/pages\/178\/revisions"}],"predecessor-version":[{"id":373,"href":"https:\/\/tiszalucihorgasz.hu\/index.php\/wp-json\/wp\/v2\/pages\/178\/revisions\/373"}],"up":[{"embeddable":true,"href":"https:\/\/tiszalucihorgasz.hu\/index.php\/wp-json\/wp\/v2\/pages\/98"}],"wp:attachment":[{"href":"https:\/\/tiszalucihorgasz.hu\/index.php\/wp-json\/wp\/v2\/media?parent=178"}],"curies":[{"name":"wp","href":"https:\/\/api.w.org\/{rel}","templated":true}]}}