{"id":1622,"date":"2022-02-27T11:37:41","date_gmt":"2022-02-27T10:37:41","guid":{"rendered":"https:\/\/tiszalucihorgasz.hu\/?page_id=1622"},"modified":"2022-02-27T11:37:41","modified_gmt":"2022-02-27T10:37:41","slug":"xii-tiszaluci-pergeto-kupa-2022-a-tiszaluci-holt-tiszan","status":"publish","type":"page","link":"https:\/\/tiszalucihorgasz.hu\/index.php\/horgaszverseny\/horgaszversenyek-2022\/xii-tiszaluci-pergeto-kupa-2022-a-tiszaluci-holt-tiszan\/","title":{"rendered":"XII. Tiszal\u00faci Perget\u0151 Kupa 2022. A Tiszal\u00faci Holt-Tisz\u00e1n"},"content":{"rendered":"<a href=\"https:\/\/tiszalucihorgasz.hu\/wp-content\/uploads\/2022\/02\/2022-XII.-Tiszaluci-Pergeto-Kupa-Versenykiiras.pdf\" class=\"pdfemb-viewer\" style=\"\" data-width=\"max\" data-height=\"max\" data-toolbar=\"top\" data-toolbar-fixed=\"on\">2022-XII.-Tiszaluci-Pergeto-Kupa-Versenykiiras<\/a>\n<p class=\"wp-block-pdfemb-pdf-embedder-viewer\"><\/p>\n","protected":false},"excerpt":{"rendered":"","protected":false},"author":1,"featured_media":0,"parent":1603,"menu_order":7,"comment_status":"closed","ping_status":"closed","template":"","meta":{"footnotes":""},"class_list":["post-1622","page","type-page","status-publish","hentry"],"_links":{"self":[{"href":"https:\/\/tiszalucihorgasz.hu\/index.php\/wp-json\/wp\/v2\/pages\/1622","targetHints":{"allow":["GET"]}}],"collection":[{"href":"https:\/\/tiszalucihorgasz.hu\/index.php\/wp-json\/wp\/v2\/pages"}],"about":[{"href":"https:\/\/tiszalucihorgasz.hu\/index.php\/wp-json\/wp\/v2\/types\/page"}],"author":[{"embeddable":true,"href":"https:\/\/tiszalucihorgasz.hu\/index.php\/wp-json\/wp\/v2\/users\/1"}],"replies":[{"embeddable":true,"href":"https:\/\/tiszalucihorgasz.hu\/index.php\/wp-json\/wp\/v2\/comments?post=1622"}],"version-history":[{"count":1,"href":"https:\/\/tiszalucihorgasz.hu\/index.php\/wp-json\/wp\/v2\/pages\/1622\/revisions"}],"predecessor-version":[{"id":1623,"href":"https:\/\/tiszalucihorgasz.hu\/index.php\/wp-json\/wp\/v2\/pages\/1622\/revisions\/1623"}],"up":[{"embeddable":true,"href":"https:\/\/tiszalucihorgasz.hu\/index.php\/wp-json\/wp\/v2\/pages\/1603"}],"wp:attachment":[{"href":"https:\/\/tiszalucihorgasz.hu\/index.php\/wp-json\/wp\/v2\/media?parent=1622"}],"curies":[{"name":"wp","href":"https:\/\/api.w.org\/{rel}","templated":true}]}}