{"id":1612,"date":"2022-02-27T11:27:37","date_gmt":"2022-02-27T10:27:37","guid":{"rendered":"https:\/\/tiszalucihorgasz.hu\/?page_id=1612"},"modified":"2022-05-11T14:55:06","modified_gmt":"2022-05-11T12:55:06","slug":"egyesuleti-horgaszverseny","status":"publish","type":"page","link":"https:\/\/tiszalucihorgasz.hu\/index.php\/horgaszverseny\/horgaszversenyek-2022\/egyesuleti-horgaszverseny\/","title":{"rendered":"GER\u0150CS J\u00d3ZSEF EML\u00c9KVERSENY\u00a0\ufffc(EGYES\u00dcLETI\u00a0HORG\u00c1SZVERSENY)\u00a0"},"content":{"rendered":"<a href=\"https:\/\/tiszalucihorgasz.hu\/wp-content\/uploads\/2022\/02\/2022-Egyesuleti-horgaszverseny-Versenykiiras_20220511.pdf\" class=\"pdfemb-viewer\" style=\"\" data-width=\"max\" data-height=\"max\" data-toolbar=\"top\" data-toolbar-fixed=\"on\">2022-Egyesuleti-horgaszverseny-Versenykiiras_20220511<\/a>\n<p class=\"wp-block-pdfemb-pdf-embedder-viewer\"><\/p>\n","protected":false},"excerpt":{"rendered":"","protected":false},"author":1,"featured_media":0,"parent":1603,"menu_order":3,"comment_status":"closed","ping_status":"closed","template":"","meta":{"footnotes":""},"class_list":["post-1612","page","type-page","status-publish","hentry"],"_links":{"self":[{"href":"https:\/\/tiszalucihorgasz.hu\/index.php\/wp-json\/wp\/v2\/pages\/1612","targetHints":{"allow":["GET"]}}],"collection":[{"href":"https:\/\/tiszalucihorgasz.hu\/index.php\/wp-json\/wp\/v2\/pages"}],"about":[{"href":"https:\/\/tiszalucihorgasz.hu\/index.php\/wp-json\/wp\/v2\/types\/page"}],"author":[{"embeddable":true,"href":"https:\/\/tiszalucihorgasz.hu\/index.php\/wp-json\/wp\/v2\/users\/1"}],"replies":[{"embeddable":true,"href":"https:\/\/tiszalucihorgasz.hu\/index.php\/wp-json\/wp\/v2\/comments?post=1612"}],"version-history":[{"count":3,"href":"https:\/\/tiszalucihorgasz.hu\/index.php\/wp-json\/wp\/v2\/pages\/1612\/revisions"}],"predecessor-version":[{"id":1777,"href":"https:\/\/tiszalucihorgasz.hu\/index.php\/wp-json\/wp\/v2\/pages\/1612\/revisions\/1777"}],"up":[{"embeddable":true,"href":"https:\/\/tiszalucihorgasz.hu\/index.php\/wp-json\/wp\/v2\/pages\/1603"}],"wp:attachment":[{"href":"https:\/\/tiszalucihorgasz.hu\/index.php\/wp-json\/wp\/v2\/media?parent=1612"}],"curies":[{"name":"wp","href":"https:\/\/api.w.org\/{rel}","templated":true}]}}