{"id":1607,"date":"2022-02-27T11:23:05","date_gmt":"2022-02-27T10:23:05","guid":{"rendered":"https:\/\/tiszalucihorgasz.hu\/?page_id=1607"},"modified":"2022-02-27T11:23:05","modified_gmt":"2022-02-27T10:23:05","slug":"xvl-baranyszegi-hagyomanyorzo-horgaszverseny","status":"publish","type":"page","link":"https:\/\/tiszalucihorgasz.hu\/index.php\/horgaszverseny\/horgaszversenyek-2022\/xvl-baranyszegi-hagyomanyorzo-horgaszverseny\/","title":{"rendered":"XVl. B\u00c1R\u00c1NYSZEGI ,,HAGYOM\u00c1NY\u0150RZ\u0150\u201d HORG\u00c1SZVERSENY"},"content":{"rendered":"<a href=\"https:\/\/tiszalucihorgasz.hu\/wp-content\/uploads\/2022\/02\/XVI.-Baranyszegi-Hagyomanyorzo-Horgaszverseny-2022.pdf\" class=\"pdfemb-viewer\" style=\"\" data-width=\"max\" data-height=\"max\" data-toolbar=\"top\" data-toolbar-fixed=\"on\">XVI.-Baranyszegi-Hagyomanyorzo-Horgaszverseny-2022<\/a>\n<p class=\"wp-block-pdfemb-pdf-embedder-viewer\"><\/p>\n","protected":false},"excerpt":{"rendered":"","protected":false},"author":1,"featured_media":0,"parent":1603,"menu_order":1,"comment_status":"closed","ping_status":"closed","template":"","meta":{"footnotes":""},"class_list":["post-1607","page","type-page","status-publish","hentry"],"_links":{"self":[{"href":"https:\/\/tiszalucihorgasz.hu\/index.php\/wp-json\/wp\/v2\/pages\/1607","targetHints":{"allow":["GET"]}}],"collection":[{"href":"https:\/\/tiszalucihorgasz.hu\/index.php\/wp-json\/wp\/v2\/pages"}],"about":[{"href":"https:\/\/tiszalucihorgasz.hu\/index.php\/wp-json\/wp\/v2\/types\/page"}],"author":[{"embeddable":true,"href":"https:\/\/tiszalucihorgasz.hu\/index.php\/wp-json\/wp\/v2\/users\/1"}],"replies":[{"embeddable":true,"href":"https:\/\/tiszalucihorgasz.hu\/index.php\/wp-json\/wp\/v2\/comments?post=1607"}],"version-history":[{"count":1,"href":"https:\/\/tiszalucihorgasz.hu\/index.php\/wp-json\/wp\/v2\/pages\/1607\/revisions"}],"predecessor-version":[{"id":1608,"href":"https:\/\/tiszalucihorgasz.hu\/index.php\/wp-json\/wp\/v2\/pages\/1607\/revisions\/1608"}],"up":[{"embeddable":true,"href":"https:\/\/tiszalucihorgasz.hu\/index.php\/wp-json\/wp\/v2\/pages\/1603"}],"wp:attachment":[{"href":"https:\/\/tiszalucihorgasz.hu\/index.php\/wp-json\/wp\/v2\/media?parent=1607"}],"curies":[{"name":"wp","href":"https:\/\/api.w.org\/{rel}","templated":true}]}}