{"id":120,"date":"2016-04-25T10:42:02","date_gmt":"2016-04-25T08:42:02","guid":{"rendered":"https:\/\/tiszalucihorgasz.hu\/?page_id=120"},"modified":"2023-04-26T09:21:31","modified_gmt":"2023-04-26T07:21:31","slug":"nalunk-fogtak","status":"publish","type":"page","link":"https:\/\/tiszalucihorgasz.hu\/index.php\/nalunk-fogtak\/","title":{"rendered":"N\u00e1lunk fogt\u00e1k"},"content":{"rendered":"<h1 style=\"text-align: center;\"><strong>Nagy fog\u00e1sok a Holt-Tisz\u00e1n!<\/strong><\/h1>\n<div style=\"text-align: center;\">\u00a0<\/div>\n<div style=\"text-align: center;\">(bek\u00fcld\u00f6tt k\u00e9pek alapj\u00e1n )<\/div>\n<div style=\"text-align: center;\">\u00a0<\/div>\n<div style=\"text-align: center;\">Oszd meg horg\u00e1szt\u00e1rsaiddal a nagy fog\u00e1saidat! Minden horg\u00e1szbottal t\u00f6rt\u00e9nt fog\u00e1st sz\u00edvesen l\u00e1tunk. A honlapra val\u00f3 felker\u00fcl\u00e9shez k\u00e9rn\u00e9nk a d\u00e1tumot \u00e9s az id\u0151pontot is mell\u00e9kelni.<\/div>\n<div style=\"text-align: center;\">\u00a0<\/div>\n<div style=\"text-align: center;\">\u00a0<\/div>\n<div style=\"text-align: center;\">\u00a0<\/div>\n<div style=\"text-align: center;\">\u00a0<\/div>\n<div>\n<p style=\"text-align: center;\">\u00a0<\/p>\n<\/div>\n\n\n<figure class=\"wp-block-image size-large\"><img loading=\"lazy\" decoding=\"async\" width=\"576\" height=\"768\" src=\"https:\/\/tiszalucihorgasz.hu\/wp-content\/uploads\/2023\/04\/342978948_1629046714277231_7139841064598299074_n-576x768.jpg\" alt=\"\" class=\"wp-image-2183\" srcset=\"https:\/\/tiszalucihorgasz.hu\/wp-content\/uploads\/2023\/04\/342978948_1629046714277231_7139841064598299074_n-576x768.jpg 576w, https:\/\/tiszalucihorgasz.hu\/wp-content\/uploads\/2023\/04\/342978948_1629046714277231_7139841064598299074_n-180x240.jpg 180w, https:\/\/tiszalucihorgasz.hu\/wp-content\/uploads\/2023\/04\/342978948_1629046714277231_7139841064598299074_n-768x1024.jpg 768w, https:\/\/tiszalucihorgasz.hu\/wp-content\/uploads\/2023\/04\/342978948_1629046714277231_7139841064598299074_n.jpg 780w\" sizes=\"auto, (max-width: 576px) 100vw, 576px\" \/><figcaption class=\"wp-element-caption\">Pataki Lajos<\/figcaption><\/figure>\n\n\n\n<figure class=\"wp-block-image size-large\"><img loading=\"lazy\" decoding=\"async\" width=\"576\" height=\"768\" src=\"https:\/\/tiszalucihorgasz.hu\/wp-content\/uploads\/2023\/04\/342813369_1251720102114413_517193395066089871_n-576x768.jpg\" alt=\"\" class=\"wp-image-2182\" srcset=\"https:\/\/tiszalucihorgasz.hu\/wp-content\/uploads\/2023\/04\/342813369_1251720102114413_517193395066089871_n-576x768.jpg 576w, https:\/\/tiszalucihorgasz.hu\/wp-content\/uploads\/2023\/04\/342813369_1251720102114413_517193395066089871_n-180x240.jpg 180w, https:\/\/tiszalucihorgasz.hu\/wp-content\/uploads\/2023\/04\/342813369_1251720102114413_517193395066089871_n-768x1024.jpg 768w, https:\/\/tiszalucihorgasz.hu\/wp-content\/uploads\/2023\/04\/342813369_1251720102114413_517193395066089871_n-1152x1536.jpg 1152w, https:\/\/tiszalucihorgasz.hu\/wp-content\/uploads\/2023\/04\/342813369_1251720102114413_517193395066089871_n.jpg 1536w\" sizes=\"auto, (max-width: 576px) 100vw, 576px\" \/><figcaption class=\"wp-element-caption\">Sis\u00e1n J\u00e1nos<\/figcaption><\/figure>\n\n\n\n<figure class=\"wp-block-image size-large\"><img loading=\"lazy\" decoding=\"async\" width=\"1024\" height=\"577\" src=\"https:\/\/tiszalucihorgasz.hu\/wp-content\/uploads\/2023\/04\/341140977_6611026802275782_7478234090832895375_n-1024x577.jpg\" alt=\"\" class=\"wp-image-2181\" srcset=\"https:\/\/tiszalucihorgasz.hu\/wp-content\/uploads\/2023\/04\/341140977_6611026802275782_7478234090832895375_n-1024x577.jpg 1024w, https:\/\/tiszalucihorgasz.hu\/wp-content\/uploads\/2023\/04\/341140977_6611026802275782_7478234090832895375_n-300x169.jpg 300w, https:\/\/tiszalucihorgasz.hu\/wp-content\/uploads\/2023\/04\/341140977_6611026802275782_7478234090832895375_n-768x433.jpg 768w, https:\/\/tiszalucihorgasz.hu\/wp-content\/uploads\/2023\/04\/341140977_6611026802275782_7478234090832895375_n-1536x866.jpg 1536w, https:\/\/tiszalucihorgasz.hu\/wp-content\/uploads\/2023\/04\/341140977_6611026802275782_7478234090832895375_n.jpg 2048w\" sizes=\"auto, (max-width: 1024px) 100vw, 1024px\" \/><figcaption class=\"wp-element-caption\">Lakomecz Attila<\/figcaption><\/figure>\n\n\n\n<figure class=\"wp-block-image size-large is-resized\"><img loading=\"lazy\" decoding=\"async\" src=\"https:\/\/tiszalucihorgasz.hu\/wp-content\/uploads\/2023\/04\/340903461_916975152848832_5742997550655817330_n-432x768.jpg\" alt=\"\" class=\"wp-image-2180\" width=\"432\" height=\"768\" srcset=\"https:\/\/tiszalucihorgasz.hu\/wp-content\/uploads\/2023\/04\/340903461_916975152848832_5742997550655817330_n-432x768.jpg 432w, https:\/\/tiszalucihorgasz.hu\/wp-content\/uploads\/2023\/04\/340903461_916975152848832_5742997550655817330_n-135x240.jpg 135w, https:\/\/tiszalucihorgasz.hu\/wp-content\/uploads\/2023\/04\/340903461_916975152848832_5742997550655817330_n.jpg 540w\" sizes=\"auto, (max-width: 432px) 100vw, 432px\" \/><figcaption class=\"wp-element-caption\">Terp\u00e1k Imre<\/figcaption><\/figure>\n\n\n\n<figure class=\"wp-block-image size-large\"><img loading=\"lazy\" decoding=\"async\" width=\"1024\" height=\"768\" src=\"https:\/\/tiszalucihorgasz.hu\/wp-content\/uploads\/2023\/04\/337731848_240909818440554_3064218673427069554_n-1024x768.jpg\" alt=\"\" class=\"wp-image-2179\" srcset=\"https:\/\/tiszalucihorgasz.hu\/wp-content\/uploads\/2023\/04\/337731848_240909818440554_3064218673427069554_n-1024x768.jpg 1024w, https:\/\/tiszalucihorgasz.hu\/wp-content\/uploads\/2023\/04\/337731848_240909818440554_3064218673427069554_n-300x225.jpg 300w, https:\/\/tiszalucihorgasz.hu\/wp-content\/uploads\/2023\/04\/337731848_240909818440554_3064218673427069554_n-768x576.jpg 768w, https:\/\/tiszalucihorgasz.hu\/wp-content\/uploads\/2023\/04\/337731848_240909818440554_3064218673427069554_n-1536x1152.jpg 1536w, https:\/\/tiszalucihorgasz.hu\/wp-content\/uploads\/2023\/04\/337731848_240909818440554_3064218673427069554_n.jpg 2048w\" sizes=\"auto, (max-width: 1024px) 100vw, 1024px\" \/><figcaption class=\"wp-element-caption\">Szak\u00e1cs J\u00e1nos<\/figcaption><\/figure>\n\n\n\n<figure class=\"wp-block-image size-large\"><img loading=\"lazy\" decoding=\"async\" width=\"1024\" height=\"768\" src=\"https:\/\/tiszalucihorgasz.hu\/wp-content\/uploads\/2023\/04\/336748561_3072747986361704_9149773271875565286_n-1024x768.jpg\" alt=\"\" class=\"wp-image-2178\" srcset=\"https:\/\/tiszalucihorgasz.hu\/wp-content\/uploads\/2023\/04\/336748561_3072747986361704_9149773271875565286_n-1024x768.jpg 1024w, https:\/\/tiszalucihorgasz.hu\/wp-content\/uploads\/2023\/04\/336748561_3072747986361704_9149773271875565286_n-300x225.jpg 300w, https:\/\/tiszalucihorgasz.hu\/wp-content\/uploads\/2023\/04\/336748561_3072747986361704_9149773271875565286_n-768x576.jpg 768w, https:\/\/tiszalucihorgasz.hu\/wp-content\/uploads\/2023\/04\/336748561_3072747986361704_9149773271875565286_n-1536x1152.jpg 1536w, https:\/\/tiszalucihorgasz.hu\/wp-content\/uploads\/2023\/04\/336748561_3072747986361704_9149773271875565286_n.jpg 2048w\" sizes=\"auto, (max-width: 1024px) 100vw, 1024px\" \/><figcaption class=\"wp-element-caption\">Varga B\u00e9la<\/figcaption><\/figure>\n\n\n\n<figure class=\"wp-block-image size-full is-resized\"><img loading=\"lazy\" decoding=\"async\" src=\"https:\/\/tiszalucihorgasz.hu\/wp-content\/uploads\/2022\/07\/03448A8A-57F9-40FF-94BE-5D4882352FC4.jpeg\" alt=\"\" class=\"wp-image-1858\" width=\"412\" height=\"309\" srcset=\"https:\/\/tiszalucihorgasz.hu\/wp-content\/uploads\/2022\/07\/03448A8A-57F9-40FF-94BE-5D4882352FC4.jpeg 960w, https:\/\/tiszalucihorgasz.hu\/wp-content\/uploads\/2022\/07\/03448A8A-57F9-40FF-94BE-5D4882352FC4-300x225.jpeg 300w, https:\/\/tiszalucihorgasz.hu\/wp-content\/uploads\/2022\/07\/03448A8A-57F9-40FF-94BE-5D4882352FC4-768x576.jpeg 768w\" sizes=\"auto, (max-width: 412px) 100vw, 412px\" \/><figcaption class=\"wp-element-caption\">Szab\u00f3 Bence<\/figcaption><\/figure>\n\n\n\n<figure class=\"wp-block-image size-large\"><img loading=\"lazy\" decoding=\"async\" width=\"344\" height=\"768\" src=\"https:\/\/tiszalucihorgasz.hu\/wp-content\/uploads\/2022\/07\/4008F706-13DA-4276-A3F7-03D49AED84EB-344x768.jpeg\" alt=\"\" class=\"wp-image-1856\" srcset=\"https:\/\/tiszalucihorgasz.hu\/wp-content\/uploads\/2022\/07\/4008F706-13DA-4276-A3F7-03D49AED84EB-344x768.jpeg 344w, https:\/\/tiszalucihorgasz.hu\/wp-content\/uploads\/2022\/07\/4008F706-13DA-4276-A3F7-03D49AED84EB-108x240.jpeg 108w, https:\/\/tiszalucihorgasz.hu\/wp-content\/uploads\/2022\/07\/4008F706-13DA-4276-A3F7-03D49AED84EB.jpeg 640w\" sizes=\"auto, (max-width: 344px) 100vw, 344px\" \/><figcaption class=\"wp-element-caption\">Nagy Zolt\u00e1n<\/figcaption><\/figure>\n\n\n\n<figure class=\"wp-block-image size-large\"><img loading=\"lazy\" decoding=\"async\" width=\"852\" height=\"768\" src=\"https:\/\/tiszalucihorgasz.hu\/wp-content\/uploads\/2022\/07\/DED656F5-3BE0-4E11-816D-851112C0075C-852x768.jpeg\" alt=\"\" class=\"wp-image-1854\" srcset=\"https:\/\/tiszalucihorgasz.hu\/wp-content\/uploads\/2022\/07\/DED656F5-3BE0-4E11-816D-851112C0075C-852x768.jpeg 852w, https:\/\/tiszalucihorgasz.hu\/wp-content\/uploads\/2022\/07\/DED656F5-3BE0-4E11-816D-851112C0075C-266x240.jpeg 266w, https:\/\/tiszalucihorgasz.hu\/wp-content\/uploads\/2022\/07\/DED656F5-3BE0-4E11-816D-851112C0075C-768x692.jpeg 768w, https:\/\/tiszalucihorgasz.hu\/wp-content\/uploads\/2022\/07\/DED656F5-3BE0-4E11-816D-851112C0075C.jpeg 960w\" sizes=\"auto, (max-width: 852px) 100vw, 852px\" \/><figcaption class=\"wp-element-caption\">T\u00f3th Zolt\u00e1n<\/figcaption><\/figure>\n\n\n\n<figure class=\"wp-block-image size-large is-resized\"><img loading=\"lazy\" decoding=\"async\" src=\"https:\/\/tiszalucihorgasz.hu\/wp-content\/uploads\/2022\/07\/EFB2EC82-102C-43AC-A85B-AEAE0B8946A7-1024x768.jpeg\" alt=\"\" class=\"wp-image-1853\" width=\"412\" height=\"309\" srcset=\"https:\/\/tiszalucihorgasz.hu\/wp-content\/uploads\/2022\/07\/EFB2EC82-102C-43AC-A85B-AEAE0B8946A7-1024x768.jpeg 1024w, https:\/\/tiszalucihorgasz.hu\/wp-content\/uploads\/2022\/07\/EFB2EC82-102C-43AC-A85B-AEAE0B8946A7-300x225.jpeg 300w, https:\/\/tiszalucihorgasz.hu\/wp-content\/uploads\/2022\/07\/EFB2EC82-102C-43AC-A85B-AEAE0B8946A7-768x575.jpeg 768w, https:\/\/tiszalucihorgasz.hu\/wp-content\/uploads\/2022\/07\/EFB2EC82-102C-43AC-A85B-AEAE0B8946A7.jpeg 1284w\" sizes=\"auto, (max-width: 412px) 100vw, 412px\" \/><figcaption class=\"wp-element-caption\">Bonta Viktor<\/figcaption><\/figure>\n\n\n\n<figure class=\"wp-block-image size-large\"><img loading=\"lazy\" decoding=\"async\" width=\"1024\" height=\"471\" src=\"https:\/\/tiszalucihorgasz.hu\/wp-content\/uploads\/2022\/07\/C956E5EE-ADF6-4E0F-967A-7472AF47D358-1024x471.jpeg\" alt=\"\" class=\"wp-image-1852\" srcset=\"https:\/\/tiszalucihorgasz.hu\/wp-content\/uploads\/2022\/07\/C956E5EE-ADF6-4E0F-967A-7472AF47D358-1024x471.jpeg 1024w, https:\/\/tiszalucihorgasz.hu\/wp-content\/uploads\/2022\/07\/C956E5EE-ADF6-4E0F-967A-7472AF47D358-300x138.jpeg 300w, https:\/\/tiszalucihorgasz.hu\/wp-content\/uploads\/2022\/07\/C956E5EE-ADF6-4E0F-967A-7472AF47D358-768x353.jpeg 768w, https:\/\/tiszalucihorgasz.hu\/wp-content\/uploads\/2022\/07\/C956E5EE-ADF6-4E0F-967A-7472AF47D358-1536x707.jpeg 1536w, https:\/\/tiszalucihorgasz.hu\/wp-content\/uploads\/2022\/07\/C956E5EE-ADF6-4E0F-967A-7472AF47D358.jpeg 2000w\" sizes=\"auto, (max-width: 1024px) 100vw, 1024px\" \/><figcaption class=\"wp-element-caption\">Rimel M\u00e1ty\u00e1s<\/figcaption><\/figure>\n\n\n\n<figure class=\"wp-block-image size-large is-resized\"><img loading=\"lazy\" decoding=\"async\" src=\"https:\/\/tiszalucihorgasz.hu\/wp-content\/uploads\/2022\/07\/3A620061-0571-436A-953D-FC9D60C27630-1024x768.jpeg\" alt=\"\" class=\"wp-image-1851\" width=\"412\" height=\"309\" srcset=\"https:\/\/tiszalucihorgasz.hu\/wp-content\/uploads\/2022\/07\/3A620061-0571-436A-953D-FC9D60C27630-1024x768.jpeg 1024w, https:\/\/tiszalucihorgasz.hu\/wp-content\/uploads\/2022\/07\/3A620061-0571-436A-953D-FC9D60C27630-300x225.jpeg 300w, https:\/\/tiszalucihorgasz.hu\/wp-content\/uploads\/2022\/07\/3A620061-0571-436A-953D-FC9D60C27630-768x576.jpeg 768w, https:\/\/tiszalucihorgasz.hu\/wp-content\/uploads\/2022\/07\/3A620061-0571-436A-953D-FC9D60C27630-1536x1152.jpeg 1536w, https:\/\/tiszalucihorgasz.hu\/wp-content\/uploads\/2022\/07\/3A620061-0571-436A-953D-FC9D60C27630.jpeg 1560w\" sizes=\"auto, (max-width: 412px) 100vw, 412px\" \/><figcaption class=\"wp-element-caption\">Dani \u00c1d\u00e1m<\/figcaption><\/figure>\n\n\n\n<figure class=\"wp-block-image size-large\"><img loading=\"lazy\" decoding=\"async\" width=\"1024\" height=\"768\" src=\"https:\/\/tiszalucihorgasz.hu\/wp-content\/uploads\/2022\/07\/D8304B94-8B25-4F62-99E4-740F6580DA8B-1024x768.jpeg\" alt=\"\" class=\"wp-image-1850\" srcset=\"https:\/\/tiszalucihorgasz.hu\/wp-content\/uploads\/2022\/07\/D8304B94-8B25-4F62-99E4-740F6580DA8B-1024x768.jpeg 1024w, https:\/\/tiszalucihorgasz.hu\/wp-content\/uploads\/2022\/07\/D8304B94-8B25-4F62-99E4-740F6580DA8B-300x225.jpeg 300w, https:\/\/tiszalucihorgasz.hu\/wp-content\/uploads\/2022\/07\/D8304B94-8B25-4F62-99E4-740F6580DA8B-768x576.jpeg 768w, https:\/\/tiszalucihorgasz.hu\/wp-content\/uploads\/2022\/07\/D8304B94-8B25-4F62-99E4-740F6580DA8B-1536x1152.jpeg 1536w, https:\/\/tiszalucihorgasz.hu\/wp-content\/uploads\/2022\/07\/D8304B94-8B25-4F62-99E4-740F6580DA8B.jpeg 2048w\" sizes=\"auto, (max-width: 1024px) 100vw, 1024px\" \/><figcaption class=\"wp-element-caption\">Kusper Korn\u00e9l<\/figcaption><\/figure>\n\n\n\n<figure class=\"wp-block-image size-full is-resized\"><img loading=\"lazy\" decoding=\"async\" src=\"https:\/\/tiszalucihorgasz.hu\/wp-content\/uploads\/2022\/07\/9334BFD2-9B7A-4FE4-AB32-F598AF50F3F6.jpeg\" alt=\"\" class=\"wp-image-1849\" width=\"412\" height=\"309\" srcset=\"https:\/\/tiszalucihorgasz.hu\/wp-content\/uploads\/2022\/07\/9334BFD2-9B7A-4FE4-AB32-F598AF50F3F6.jpeg 960w, https:\/\/tiszalucihorgasz.hu\/wp-content\/uploads\/2022\/07\/9334BFD2-9B7A-4FE4-AB32-F598AF50F3F6-300x225.jpeg 300w, https:\/\/tiszalucihorgasz.hu\/wp-content\/uploads\/2022\/07\/9334BFD2-9B7A-4FE4-AB32-F598AF50F3F6-768x576.jpeg 768w\" sizes=\"auto, (max-width: 412px) 100vw, 412px\" \/><figcaption class=\"wp-element-caption\">Nagy J\u00e1nos<\/figcaption><\/figure>\n\n\n\n<figure class=\"wp-block-image size-full is-resized\"><img loading=\"lazy\" decoding=\"async\" src=\"https:\/\/tiszalucihorgasz.hu\/wp-content\/uploads\/2022\/07\/51009266-61A3-4471-BE19-7A307F99E503.jpeg\" alt=\"\" class=\"wp-image-1848\" width=\"412\" height=\"309\" srcset=\"https:\/\/tiszalucihorgasz.hu\/wp-content\/uploads\/2022\/07\/51009266-61A3-4471-BE19-7A307F99E503.jpeg 756w, https:\/\/tiszalucihorgasz.hu\/wp-content\/uploads\/2022\/07\/51009266-61A3-4471-BE19-7A307F99E503-300x225.jpeg 300w\" sizes=\"auto, (max-width: 412px) 100vw, 412px\" \/><figcaption class=\"wp-element-caption\">Terp\u00e1k Tam\u00e1s<\/figcaption><\/figure>\n\n\n\n<figure class=\"wp-block-image size-full is-resized is-style-default\"><img loading=\"lazy\" decoding=\"async\" src=\"https:\/\/tiszalucihorgasz.hu\/wp-content\/uploads\/2022\/02\/264986524_4670115006364900_4442315034552582066_n.jpg\" alt=\"\" class=\"wp-image-1672\" width=\"670\" height=\"454\" srcset=\"https:\/\/tiszalucihorgasz.hu\/wp-content\/uploads\/2022\/02\/264986524_4670115006364900_4442315034552582066_n.jpg 960w, https:\/\/tiszalucihorgasz.hu\/wp-content\/uploads\/2022\/02\/264986524_4670115006364900_4442315034552582066_n-300x203.jpg 300w, https:\/\/tiszalucihorgasz.hu\/wp-content\/uploads\/2022\/02\/264986524_4670115006364900_4442315034552582066_n-768x521.jpg 768w\" sizes=\"auto, (max-width: 670px) 100vw, 670px\" \/><figcaption class=\"wp-element-caption\">Egri Korn\u00e9l<\/figcaption><\/figure>\n\n\n\n<figure class=\"wp-block-image size-full is-style-default\"><img loading=\"lazy\" decoding=\"async\" width=\"560\" height=\"765\" src=\"https:\/\/tiszalucihorgasz.hu\/wp-content\/uploads\/2022\/02\/265110651_4670115229698211_8816673388795196083_n.jpg\" alt=\"\" class=\"wp-image-1673\" srcset=\"https:\/\/tiszalucihorgasz.hu\/wp-content\/uploads\/2022\/02\/265110651_4670115229698211_8816673388795196083_n.jpg 560w, https:\/\/tiszalucihorgasz.hu\/wp-content\/uploads\/2022\/02\/265110651_4670115229698211_8816673388795196083_n-176x240.jpg 176w\" sizes=\"auto, (max-width: 560px) 100vw, 560px\" \/><figcaption class=\"wp-element-caption\">K\u00f3nya Zolt\u00e1n<\/figcaption><\/figure>\n\n\n\n<figure class=\"wp-block-image size-large is-style-default\"><img loading=\"lazy\" decoding=\"async\" width=\"570\" height=\"768\" src=\"https:\/\/tiszalucihorgasz.hu\/wp-content\/uploads\/2022\/02\/265419384_4670115909698143_675203416085560162_n-570x768.jpg\" alt=\"\" class=\"wp-image-1675\" srcset=\"https:\/\/tiszalucihorgasz.hu\/wp-content\/uploads\/2022\/02\/265419384_4670115909698143_675203416085560162_n-570x768.jpg 570w, https:\/\/tiszalucihorgasz.hu\/wp-content\/uploads\/2022\/02\/265419384_4670115909698143_675203416085560162_n-178x240.jpg 178w, https:\/\/tiszalucihorgasz.hu\/wp-content\/uploads\/2022\/02\/265419384_4670115909698143_675203416085560162_n-768x1034.jpg 768w, https:\/\/tiszalucihorgasz.hu\/wp-content\/uploads\/2022\/02\/265419384_4670115909698143_675203416085560162_n.jpg 928w\" sizes=\"auto, (max-width: 570px) 100vw, 570px\" \/><figcaption class=\"wp-element-caption\">T\u00f3th S\u00e1ndor<\/figcaption><\/figure>\n\n\n\n<figure class=\"wp-block-image size-large is-style-default\"><img loading=\"lazy\" decoding=\"async\" width=\"346\" height=\"768\" src=\"https:\/\/tiszalucihorgasz.hu\/wp-content\/uploads\/2022\/02\/265336610_4670115899698144_1847956916703268237_n-346x768.jpg\" alt=\"\" class=\"wp-image-1674\" srcset=\"https:\/\/tiszalucihorgasz.hu\/wp-content\/uploads\/2022\/02\/265336610_4670115899698144_1847956916703268237_n-346x768.jpg 346w, https:\/\/tiszalucihorgasz.hu\/wp-content\/uploads\/2022\/02\/265336610_4670115899698144_1847956916703268237_n-108x240.jpg 108w, https:\/\/tiszalucihorgasz.hu\/wp-content\/uploads\/2022\/02\/265336610_4670115899698144_1847956916703268237_n.jpg 640w\" sizes=\"auto, (max-width: 346px) 100vw, 346px\" \/><figcaption class=\"wp-element-caption\">Zs\u00edros Zsolt<\/figcaption><\/figure>\n\n\n\n<figure class=\"wp-block-image size-full is-style-default\"><img loading=\"lazy\" decoding=\"async\" width=\"720\" height=\"324\" src=\"https:\/\/tiszalucihorgasz.hu\/wp-content\/uploads\/2022\/02\/265591578_4670115249698209_6202650737110768016_n.jpg\" alt=\"\" class=\"wp-image-1676\" srcset=\"https:\/\/tiszalucihorgasz.hu\/wp-content\/uploads\/2022\/02\/265591578_4670115249698209_6202650737110768016_n.jpg 720w, https:\/\/tiszalucihorgasz.hu\/wp-content\/uploads\/2022\/02\/265591578_4670115249698209_6202650737110768016_n-300x135.jpg 300w\" sizes=\"auto, (max-width: 720px) 100vw, 720px\" \/><figcaption class=\"wp-element-caption\">Nagy Patrik<\/figcaption><\/figure>\n\n\n\n<figure class=\"wp-block-image size-full is-resized is-style-default\"><img loading=\"lazy\" decoding=\"async\" src=\"https:\/\/tiszalucihorgasz.hu\/wp-content\/uploads\/2022\/02\/265717613_4670114979698236_8393677077231328969_n.jpg\" alt=\"\" class=\"wp-image-1677\" width=\"500\" height=\"225\" srcset=\"https:\/\/tiszalucihorgasz.hu\/wp-content\/uploads\/2022\/02\/265717613_4670114979698236_8393677077231328969_n.jpg 1000w, https:\/\/tiszalucihorgasz.hu\/wp-content\/uploads\/2022\/02\/265717613_4670114979698236_8393677077231328969_n-300x135.jpg 300w, https:\/\/tiszalucihorgasz.hu\/wp-content\/uploads\/2022\/02\/265717613_4670114979698236_8393677077231328969_n-768x346.jpg 768w\" sizes=\"auto, (max-width: 500px) 100vw, 500px\" \/><figcaption class=\"wp-element-caption\">Horv\u00e1th Viktor<\/figcaption><\/figure>\n\n\n\n<figure class=\"wp-block-image size-full is-resized is-style-default\"><img loading=\"lazy\" decoding=\"async\" src=\"https:\/\/tiszalucihorgasz.hu\/wp-content\/uploads\/2022\/02\/265934884_4670115176364883_5059096869069259559_n.jpg\" alt=\"\" class=\"wp-image-1678\" width=\"513\" height=\"684\" srcset=\"https:\/\/tiszalucihorgasz.hu\/wp-content\/uploads\/2022\/02\/265934884_4670115176364883_5059096869069259559_n.jpg 684w, https:\/\/tiszalucihorgasz.hu\/wp-content\/uploads\/2022\/02\/265934884_4670115176364883_5059096869069259559_n-180x240.jpg 180w, https:\/\/tiszalucihorgasz.hu\/wp-content\/uploads\/2022\/02\/265934884_4670115176364883_5059096869069259559_n-576x768.jpg 576w\" sizes=\"auto, (max-width: 513px) 100vw, 513px\" \/><figcaption class=\"wp-element-caption\">Juh\u00e1sz Zolt\u00e1n<\/figcaption><\/figure>\n\n\n\n<figure class=\"wp-block-image size-full is-resized is-style-default\"><img loading=\"lazy\" decoding=\"async\" src=\"https:\/\/tiszalucihorgasz.hu\/wp-content\/uploads\/2022\/02\/265968656_4670115046364896_8033847237431628917_n.jpg\" alt=\"\" class=\"wp-image-1679\" width=\"480\" height=\"360\" srcset=\"https:\/\/tiszalucihorgasz.hu\/wp-content\/uploads\/2022\/02\/265968656_4670115046364896_8033847237431628917_n.jpg 960w, https:\/\/tiszalucihorgasz.hu\/wp-content\/uploads\/2022\/02\/265968656_4670115046364896_8033847237431628917_n-300x225.jpg 300w, https:\/\/tiszalucihorgasz.hu\/wp-content\/uploads\/2022\/02\/265968656_4670115046364896_8033847237431628917_n-768x576.jpg 768w\" sizes=\"auto, (max-width: 480px) 100vw, 480px\" \/><figcaption class=\"wp-element-caption\">Ga\u00e1l J\u00e1nos<\/figcaption><\/figure>\n\n\n","protected":false},"excerpt":{"rendered":"<p>Nagy fog\u00e1sok a Holt-Tisz\u00e1n! \u00a0 (bek\u00fcld\u00f6tt k\u00e9pek alapj\u00e1n ) \u00a0 Oszd meg horg\u00e1szt\u00e1rsaiddal a nagy fog\u00e1saidat! Minden horg\u00e1szbottal t\u00f6rt\u00e9nt fog\u00e1st sz\u00edvesen l\u00e1tunk. A honlapra val\u00f3 felker\u00fcl\u00e9shez k\u00e9rn\u00e9nk a d\u00e1tumot \u00e9s az id\u0151pontot is mell\u00e9kelni. \u00a0 \u00a0 \u00a0 \u00a0 \u00a0<\/p>\n","protected":false},"author":1,"featured_media":0,"parent":0,"menu_order":0,"comment_status":"closed","ping_status":"closed","template":"","meta":{"footnotes":""},"class_list":["post-120","page","type-page","status-publish","hentry"],"_links":{"self":[{"href":"https:\/\/tiszalucihorgasz.hu\/index.php\/wp-json\/wp\/v2\/pages\/120","targetHints":{"allow":["GET"]}}],"collection":[{"href":"https:\/\/tiszalucihorgasz.hu\/index.php\/wp-json\/wp\/v2\/pages"}],"about":[{"href":"https:\/\/tiszalucihorgasz.hu\/index.php\/wp-json\/wp\/v2\/types\/page"}],"author":[{"embeddable":true,"href":"https:\/\/tiszalucihorgasz.hu\/index.php\/wp-json\/wp\/v2\/users\/1"}],"replies":[{"embeddable":true,"href":"https:\/\/tiszalucihorgasz.hu\/index.php\/wp-json\/wp\/v2\/comments?post=120"}],"version-history":[{"count":7,"href":"https:\/\/tiszalucihorgasz.hu\/index.php\/wp-json\/wp\/v2\/pages\/120\/revisions"}],"predecessor-version":[{"id":2184,"href":"https:\/\/tiszalucihorgasz.hu\/index.php\/wp-json\/wp\/v2\/pages\/120\/revisions\/2184"}],"wp:attachment":[{"href":"https:\/\/tiszalucihorgasz.hu\/index.php\/wp-json\/wp\/v2\/media?parent=120"}],"curies":[{"name":"wp","href":"https:\/\/api.w.org\/{rel}","templated":true}]}}