{"id":106,"date":"2016-04-22T14:18:54","date_gmt":"2016-04-22T12:18:54","guid":{"rendered":"https:\/\/tiszalucihorgasz.hu\/?page_id=106"},"modified":"2023-11-15T11:02:28","modified_gmt":"2023-11-15T10:02:28","slug":"telepites-2013","status":"publish","type":"page","link":"https:\/\/tiszalucihorgasz.hu\/index.php\/telepitesi-informaciok\/telepites-2013\/","title":{"rendered":"Telep\u00edt\u00e9s 2013"},"content":{"rendered":"<h1 style=\"text-align: center;\"><strong>2013.<\/strong><\/h1>\n<hr \/>\n<p style=\"text-align: center;\">A Sporthorg\u00e1sz Egyes\u00fclet Tiszal\u00fac\u00a0<strong>2013. november 5.-\u00e9n\u00a0500\u00a0<\/strong><strong>kg<\/strong>\u00a0egynyaras csuk\u00e1t \u00e9s\u00a0<strong>80 kg<\/strong>h\u00e1romnyaras pontyot telep\u00edtett a Dinny\u00e9si Halgazdas\u00e1g Kft. \u00e1llom\u00e1ny\u00e1b\u00f3l az al\u00e1bbi eloszt\u00e1s szerint:<\/p>\n<p style=\"text-align: center;\"><strong>&#8222;T\u00c1VH\u0150&#8221;:<\/strong>\u00a0280 kg csuka \u00e9s 80 kg ponty<\/p>\n<p style=\"text-align: center;\"><strong>&#8222;B\u00e1r\u00e1nyszeg&#8221;:<\/strong>\u00a0220 kg csuka<\/p>\n<hr \/>\n<p style=\"text-align: center;\">A Sporthorg\u00e1sz Egyes\u00fclet Tiszal\u00fac\u00a0<strong>2013. augusztus 7.-\u00e9n\u00a0514\u00a0<\/strong><strong>kg<\/strong>\u00a0h\u00e1romnyaras pontyot telep\u00edtett N\u00e9gyesi Tam\u00e1s fegyverneki \u0151stermel\u0151 \u00e1llom\u00e1ny\u00e1b\u00f3l az al\u00e1bbi eloszt\u00e1s szerint:<\/p>\n<p style=\"text-align: center;\"><strong>&#8222;Ak\u00e1cos&#8221;:\u00a0<\/strong>514 kg.<\/p>\n<hr \/>\n<p style=\"text-align: center;\">A Sporthorg\u00e1sz Egyes\u00fclet Tiszal\u00fac\u00a0<strong>2013. j\u00fanius 18.-\u00e1n\u00a0495\u00a0<\/strong><strong>kg<\/strong>\u00a0h\u00e1romnyaras pontyot telep\u00edtett N\u00e9gyesi Tam\u00e1s fegyverneki \u0151stermel\u0151 \u00e1llom\u00e1ny\u00e1b\u00f3l az al\u00e1bbi eloszt\u00e1s szerint:<\/p>\n<p style=\"text-align: center;\"><strong>&#8222;Sz\u0171kv\u00edz&#8221;:\u00a0<\/strong>495 kg.<\/p>\n<p style=\"text-align: center;\"><img loading=\"lazy\" decoding=\"async\" src=\"http:\/\/www.tiszaluc.hu\/images\/stories\/horgasz\/vegyes\/p6120192.jpg\" alt=\"alt\" width=\"426\" height=\"287\" \/><\/p>\n<p style=\"text-align: center;\"><img loading=\"lazy\" decoding=\"async\" class=\"\" src=\"http:\/\/www.tiszaluc.hu\/images\/stories\/horgasz\/vegyes\/p6120191.jpg\" alt=\"alt\" width=\"404\" height=\"303\" \/><\/p>\n<p style=\"text-align: center;\"><img loading=\"lazy\" decoding=\"async\" class=\"\" src=\"http:\/\/www.tiszaluc.hu\/images\/stories\/horgasz\/vegyes\/p6120188.jpg\" alt=\"alt\" width=\"403\" height=\"433\" \/><\/p>\n<p style=\"text-align: center;\"><img loading=\"lazy\" decoding=\"async\" class=\"\" src=\"http:\/\/www.tiszaluc.hu\/images\/stories\/horgasz\/vegyes\/p6120186.jpg\" alt=\"alt\" width=\"403\" height=\"302\" \/><\/p>\n<p style=\"text-align: center;\"><img loading=\"lazy\" decoding=\"async\" class=\"\" src=\"http:\/\/www.tiszaluc.hu\/images\/stories\/horgasz\/vegyes\/p6120185.jpg\" alt=\"alt\" width=\"403\" height=\"328\" \/><\/p>\n<p style=\"text-align: center;\"><img loading=\"lazy\" decoding=\"async\" class=\"\" src=\"http:\/\/www.tiszaluc.hu\/images\/stories\/horgasz\/vegyes\/p6120184.jpg\" alt=\"alt\" width=\"402\" height=\"301\" \/><\/p>\n<hr \/>\n<p style=\"text-align: center;\">A Sporthorg\u00e1sz Egyes\u00fclet Tiszal\u00fac\u00a0<strong>2013. \u00e1prilis 12.-\u00e9n\u00a0869\u00a0<\/strong><strong>kg<\/strong>\u00a0h\u00e1romnyaras pontyot telep\u00edtett N\u00e9gyesi Tam\u00e1s fegyverneki \u0151stermel\u0151 \u00e1llom\u00e1ny\u00e1b\u00f3l az al\u00e1bbi eloszt\u00e1s szerint:<\/p>\n<p style=\"text-align: center;\"><strong>&#8222;Nagy\u00f6rv\u00e9ny&#8221;:<\/strong>\u00a0577 kg.<\/p>\n<p style=\"text-align: center;\"><strong>&#8222;B\u00e1r\u00e1nyszeg&#8221;:<\/strong>\u00a0292 kg.<\/p>\n<p style=\"text-align: center;\"><img loading=\"lazy\" decoding=\"async\" class=\"\" src=\"http:\/\/www.tiszaluc.hu\/images\/stories\/horgasz\/vegyes\/brnyszeg5.jpg\" alt=\"alt\" width=\"403\" height=\"537\" \/><\/p>\n<p style=\"text-align: center;\"><img loading=\"lazy\" decoding=\"async\" class=\"\" src=\"http:\/\/www.tiszaluc.hu\/images\/stories\/horgasz\/vegyes\/brnyszeg2.jpg\" alt=\"alt\" width=\"404\" height=\"538\" \/><\/p>\n<p style=\"text-align: center;\"><img loading=\"lazy\" decoding=\"async\" class=\"\" src=\"http:\/\/www.tiszaluc.hu\/images\/stories\/horgasz\/vegyes\/brnyszeg3.jpg\" alt=\"alt\" width=\"403\" height=\"537\" \/><\/p>\n<p style=\"text-align: center;\"><img loading=\"lazy\" decoding=\"async\" class=\"\" src=\"http:\/\/www.tiszaluc.hu\/images\/stories\/horgasz\/vegyes\/brnyszeg4.jpg\" alt=\"alt\" width=\"405\" height=\"303\" \/><\/p>\n<p style=\"text-align: center;\"><img loading=\"lazy\" decoding=\"async\" class=\"\" src=\"http:\/\/www.tiszaluc.hu\/images\/stories\/horgasz\/vegyes\/brnyszeg6.jpg\" alt=\"alt\" width=\"402\" height=\"301\" \/><\/p>\n<p style=\"text-align: center;\"><img loading=\"lazy\" decoding=\"async\" class=\"\" src=\"http:\/\/www.tiszaluc.hu\/images\/stories\/horgasz\/vegyes\/brnyszeg8.jpg\" alt=\"alt\" width=\"403\" height=\"302\" \/><\/p>\n<p style=\"text-align: center;\"><img loading=\"lazy\" decoding=\"async\" class=\"\" src=\"http:\/\/www.tiszaluc.hu\/images\/stories\/horgasz\/vegyes\/brnyszeg1.jpg\" alt=\"alt\" width=\"403\" height=\"302\" \/><\/p>\n<hr \/>\n<p style=\"text-align: center;\">A Sporthorg\u00e1sz Egyes\u00fclet Tiszal\u00fac\u00a0<strong>2013. m\u00e1rcius 11.-12.-13-\u00e1n\u00a03236\u00a0<\/strong><strong>kg<\/strong>\u00a0h\u00e1romnyaras pontyot \u00e9s\u00a0<strong>87 kg<\/strong>egynyaras s\u00fcll\u0151t telep\u00edtett N\u00e9gyesi Tam\u00e1s fegyverneki \u0151stermel\u0151 \u00e1llom\u00e1ny\u00e1b\u00f3l az al\u00e1bbi eloszt\u00e1s szerint:<\/p>\n<p style=\"text-align: center;\"><strong>&#8222;T\u00c1VH\u0150&#8221;:\u00a0<\/strong>936 kg.<\/p>\n<p style=\"text-align: center;\"><strong>&#8222;Ak\u00e1cos&#8221;:<\/strong>\u00a0954 kg.<\/p>\n<p style=\"text-align: center;\"><strong>&#8222;Krappai zsilip&#8221;:<\/strong>\u00a0645<strong>\u00a0<\/strong>kg.<\/p>\n<p style=\"text-align: center;\"><strong>&#8222;Nagy\u00f6rv\u00e9ny&#8221;:<\/strong>\u00a0516 kg.<\/p>\n<p style=\"text-align: center;\"><strong><strong>&#8222;Krappai zsilip&#8221;:<\/strong><\/strong>87 kg. \/s\u00fcll\u0151\/<\/p>\n<p style=\"text-align: center;\"><strong>&#8222;B\u00e1r\u00e1nyszeg&#8221;:<\/strong>\u00a0185 kg.<\/p>\n<p><img loading=\"lazy\" decoding=\"async\" class=\"aligncenter\" src=\"http:\/\/www.tiszaluc.hu\/images\/stories\/horgasz\/vegyes\/2013-03-02.jpg\" alt=\"alt\" width=\"404\" height=\"303\" \/><img decoding=\"async\" class=\"aligncenter\" src=\"http:\/\/www.tiszaluc.hu\/images\/stories\/horgasz\/vegyes\/2013-03-1.jpg\" alt=\"alt\" \/><img decoding=\"async\" class=\"aligncenter\" src=\"http:\/\/www.tiszaluc.hu\/images\/stories\/horgasz\/vegyes\/2013-03-04.jpg\" alt=\"alt\" \/><img decoding=\"async\" class=\"aligncenter\" src=\"http:\/\/www.tiszaluc.hu\/images\/stories\/horgasz\/vegyes\/2013-03-05.jpg\" alt=\"alt\" \/><img decoding=\"async\" class=\"aligncenter\" src=\"http:\/\/www.tiszaluc.hu\/images\/stories\/horgasz\/vegyes\/2013-03-06.jpg\" alt=\"alt\" \/><img decoding=\"async\" class=\"aligncenter\" src=\"http:\/\/www.tiszaluc.hu\/images\/stories\/horgasz\/vegyes\/2013-03-07.jpg\" alt=\"alt\" \/><img decoding=\"async\" class=\"aligncenter\" src=\"http:\/\/www.tiszaluc.hu\/images\/stories\/horgasz\/vegyes\/2013-03-08.jpg\" alt=\"alt\" \/><img decoding=\"async\" class=\"aligncenter\" src=\"http:\/\/www.tiszaluc.hu\/images\/stories\/horgasz\/vegyes\/2013-03-09.jpg\" alt=\"alt\" \/><img decoding=\"async\" class=\"aligncenter\" src=\"http:\/\/www.tiszaluc.hu\/images\/stories\/horgasz\/vegyes\/2013-03-10.jpg\" alt=\"alt\" \/><img decoding=\"async\" class=\"aligncenter\" src=\"http:\/\/www.tiszaluc.hu\/images\/stories\/horgasz\/vegyes\/2013-03-03.jpg\" alt=\"alt\" \/><\/p>\n","protected":false},"excerpt":{"rendered":"<p>2013. A Sporthorg\u00e1sz Egyes\u00fclet Tiszal\u00fac\u00a02013. november 5.-\u00e9n\u00a0500\u00a0kg\u00a0egynyaras csuk\u00e1t \u00e9s\u00a080 kgh\u00e1romnyaras pontyot telep\u00edtett a Dinny\u00e9si Halgazdas\u00e1g Kft. \u00e1llom\u00e1ny\u00e1b\u00f3l az al\u00e1bbi eloszt\u00e1s szerint: &#8222;T\u00c1VH\u0150&#8221;:\u00a0280 kg csuka \u00e9s 80 kg ponty &#8222;B\u00e1r\u00e1nyszeg&#8221;:\u00a0220 kg csuka A Sporthorg\u00e1sz Egyes\u00fclet Tiszal\u00fac\u00a02013. augusztus 7.-\u00e9n\u00a0514\u00a0kg\u00a0h\u00e1romnyaras pontyot telep\u00edtett N\u00e9gyesi &hellip; <a href=\"https:\/\/tiszalucihorgasz.hu\/index.php\/telepitesi-informaciok\/telepites-2013\/\">Egy kattint\u00e1s ide a folytat\u00e1shoz&#8230;. <span class=\"meta-nav\">&rarr;<\/span><\/a><\/p>\n","protected":false},"author":1,"featured_media":0,"parent":98,"menu_order":18,"comment_status":"closed","ping_status":"closed","template":"","meta":{"footnotes":""},"class_list":["post-106","page","type-page","status-publish","hentry"],"_links":{"self":[{"href":"https:\/\/tiszalucihorgasz.hu\/index.php\/wp-json\/wp\/v2\/pages\/106","targetHints":{"allow":["GET"]}}],"collection":[{"href":"https:\/\/tiszalucihorgasz.hu\/index.php\/wp-json\/wp\/v2\/pages"}],"about":[{"href":"https:\/\/tiszalucihorgasz.hu\/index.php\/wp-json\/wp\/v2\/types\/page"}],"author":[{"embeddable":true,"href":"https:\/\/tiszalucihorgasz.hu\/index.php\/wp-json\/wp\/v2\/users\/1"}],"replies":[{"embeddable":true,"href":"https:\/\/tiszalucihorgasz.hu\/index.php\/wp-json\/wp\/v2\/comments?post=106"}],"version-history":[{"count":2,"href":"https:\/\/tiszalucihorgasz.hu\/index.php\/wp-json\/wp\/v2\/pages\/106\/revisions"}],"predecessor-version":[{"id":112,"href":"https:\/\/tiszalucihorgasz.hu\/index.php\/wp-json\/wp\/v2\/pages\/106\/revisions\/112"}],"up":[{"embeddable":true,"href":"https:\/\/tiszalucihorgasz.hu\/index.php\/wp-json\/wp\/v2\/pages\/98"}],"wp:attachment":[{"href":"https:\/\/tiszalucihorgasz.hu\/index.php\/wp-json\/wp\/v2\/media?parent=106"}],"curies":[{"name":"wp","href":"https:\/\/api.w.org\/{rel}","templated":true}]}}