{"id":102,"date":"2016-04-22T14:05:42","date_gmt":"2016-04-22T12:05:42","guid":{"rendered":"https:\/\/tiszalucihorgasz.hu\/?page_id=102"},"modified":"2023-11-15T11:02:08","modified_gmt":"2023-11-15T10:02:08","slug":"telepites-2012","status":"publish","type":"page","link":"https:\/\/tiszalucihorgasz.hu\/index.php\/telepitesi-informaciok\/telepites-2012\/","title":{"rendered":"Telep\u00edt\u00e9s 2012"},"content":{"rendered":"<h1 style=\"text-align: center;\"><strong>52012.<\/strong><\/h1>\n<hr \/>\n<p style=\"text-align: center;\">A Sporthorg\u00e1sz Egyes\u00fclet Tiszal\u00fac\u00a0<strong>2012. szeptember 18.-\u00e1n\/kedden\/\u00a0735\u00a0<\/strong><strong>kg<\/strong>\u00a0h\u00e1romnyaras pontyot telep\u00edtett N\u00e9gyesi Tam\u00e1s fegyverneki \u0151stermel\u0151 \u00e1llom\u00e1ny\u00e1b\u00f3l az al\u00e1bbi eloszt\u00e1s szerint:<\/p>\n<p style=\"text-align: center;\"><strong>&#8222;Krappai zsilip&#8221;:<\/strong>\u00a0345<strong>\u00a0<\/strong>kg.<\/p>\n<p style=\"text-align: center;\"><strong>&#8222;Nagy\u00f6rv\u00e9ny&#8221;:<\/strong>\u00a0390 kg.<\/p>\n<hr \/>\n<p style=\"text-align: center;\">A Sporthorg\u00e1sz Egyes\u00fclet Tiszal\u00fac\u00a0<strong>2012. augusztus 15.-\u00e9n\/szerd\u00e1n\/\u00a0735\u00a0<\/strong><strong>kg<\/strong>\u00a0h\u00e1romnyaras pontyot telep\u00edtett N\u00e9gyesi Tam\u00e1s fegyverneki \u0151stermel\u0151 \u00e1llom\u00e1ny\u00e1b\u00f3l az al\u00e1bbi eloszt\u00e1s szerint:<\/p>\n<p style=\"text-align: center;\"><strong>&#8222;Krappai zsilip&#8221;:<\/strong>\u00a0243<strong>\u00a0<\/strong>kg.<\/p>\n<p style=\"text-align: center;\"><strong>&#8222;Sz\u0171kv\u00edz&#8221;:<\/strong>\u00a0243 kg.<\/p>\n<p style=\"text-align: center;\"><strong>&#8222;B\u00e1r\u00e1nyszeg&#8221;:<\/strong>\u00a0249 kg.<\/p>\n<p style=\"text-align: center;\"><img loading=\"lazy\" decoding=\"async\" class=\"alignnone\" src=\"http:\/\/www.tiszaluc.hu\/images\/stories\/horgasz\/vegyes\/brny.jpg\" alt=\"brny.jpg - 115.50 Kb\" width=\"459\" height=\"344\" \/><\/p>\n<p style=\"text-align: center;\"><strong>sz\u00e1kol\u00e1s a B\u00e1r\u00e1nyszegben<\/strong><\/p>\n<p style=\"text-align: center;\"><a><img loading=\"lazy\" decoding=\"async\" class=\"\" src=\"http:\/\/www.tiszaluc.hu\/images\/stories\/horgasz\/vegyes\/gombc.jpg\" alt=\"gombc.jpg - 143.87 Kb\" width=\"449\" height=\"337\" \/><\/a><\/p>\n<p style=\"text-align: center;\"><strong>sz\u00e1kol\u00e1s a Sz\u0171kv\u00edzen<\/strong><\/p>\n<hr \/>\n<p style=\"text-align: center;\">A Sporthorg\u00e1sz Egyes\u00fclet Tiszal\u00fac\u00a0<strong>2012. augusztus 2.-\u00e1n\/cs\u00fct\u00f6rt\u00f6k\u00f6n\/\u00a0<\/strong><strong>730 kg<\/strong>\u00a0h\u00e1romnyaras pontyot telep\u00edtett N\u00e9gyesi Tam\u00e1s fegyverneki \u0151stermel\u0151 \u00e1llom\u00e1ny\u00e1b\u00f3l az al\u00e1bbi eloszt\u00e1s szerint:<\/p>\n<p style=\"text-align: center;\"><strong>&#8222;Krappai zsilip&#8221;:\u00a0<\/strong>273 kg.<\/p>\n<p style=\"text-align: center;\"><strong>&#8222;Sz\u0171kv\u00edz&#8221;:<\/strong>\u00a0457 kg.<\/p>\n<p style=\"text-align: center;\"><img loading=\"lazy\" decoding=\"async\" src=\"http:\/\/www.tiszaluc.hu\/images\/stories\/szkols%20krappai.jpg\" alt=\"szkols krappai.jpg - 165.36 Kb\" width=\"437\" height=\"281\" \/><\/p>\n<p style=\"text-align: center;\"><strong>sz\u00e1kol\u00e1s a &#8222;Krappai&#8221; zsilipn\u00e9l<\/strong><\/p>\n<p style=\"text-align: center;\"><img loading=\"lazy\" decoding=\"async\" src=\"http:\/\/www.tiszaluc.hu\/images\/stories\/mrlegels%20krappai.jpg\" alt=\"mrlegels krappai.jpg - 203.47 Kb\" width=\"434\" height=\"315\" \/><\/p>\n<p style=\"text-align: center;\"><strong>m\u00e9rlegel\u00e9s a &#8222;Krappai&#8221; zsilipn\u00e9l<\/strong><\/p>\n<p style=\"text-align: center;\"><img loading=\"lazy\" decoding=\"async\" src=\"http:\/\/www.tiszaluc.hu\/images\/stories\/kosarazs%20krappai.jpg\" alt=\"kosarazs krappai.jpg - 116.36 Kb\" width=\"430\" height=\"321\" \/><\/p>\n<p style=\"text-align: center;\"><strong>kihelyez\u00e9s a &#8222;Krappai&#8221; zsilipn\u00e9l<\/strong><\/p>\n<p style=\"text-align: center;\"><img loading=\"lazy\" decoding=\"async\" src=\"http:\/\/www.tiszaluc.hu\/images\/stories\/szkols%20szk.jpg\" alt=\"szkols szk.jpg - 191.93 Kb\" width=\"428\" height=\"298\" \/><\/p>\n<p style=\"text-align: center;\"><strong>Sz\u00e1kol\u00e1s a &#8222;Sz\u0171kv\u00edzen&#8221;<\/strong><\/p>\n<p style=\"text-align: center;\"><img loading=\"lazy\" decoding=\"async\" src=\"http:\/\/www.tiszaluc.hu\/images\/stories\/mrlegels%20szkvz.jpg\" alt=\"mrlegels szkvz.jpg - 97.88 Kb\" width=\"422\" height=\"314\" \/><\/p>\n<p style=\"text-align: center;\"><strong>m\u00e9rlegel\u00e9s a &#8222;Sz\u0171kv\u00edzen&#8221;<\/strong><\/p>\n<hr \/>\n<p style=\"text-align: center;\">A Sporthorg\u00e1sz Egyes\u00fclet Tiszal\u00fac\u00a0<strong>2012. j\u00fanius 19.-\u00e9n\/kedden\/\u00a0<\/strong><strong>531 kg<\/strong>\u00a0h\u00e1romnyaras pontyot telep\u00edtett N\u00e9gyesi Tam\u00e1s fegyverneki \u0151stermel\u0151 \u00e1llom\u00e1ny\u00e1b\u00f3l az al\u00e1bbi eloszt\u00e1s szerint:<\/p>\n<p style=\"text-align: center;\"><strong><strong>&#8222;Nagy\u00f6rv\u00e9ny&#8221;:\u00a0<\/strong><\/strong>250 kg.<\/p>\n<p style=\"text-align: center;\"><strong>&#8222;\u00dcd\u00fcl\u0151\u00f6vezet&#8221;:\u00a0<\/strong>281 kg.<\/p>\n<p style=\"text-align: center;\"><img loading=\"lazy\" decoding=\"async\" class=\"\" src=\"http:\/\/www.tiszaluc.hu\/images\/stories\/kosarazs.jpg\" alt=\"kosarazs.jpg - 102.08 Kb\" width=\"417\" height=\"313\" \/><\/p>\n<p style=\"text-align: center;\"><strong>Kosaraz\u00e1s a T\u00c1VH\u0150-n\u00e9l<\/strong><\/p>\n<p style=\"text-align: center;\"><img loading=\"lazy\" decoding=\"async\" class=\"\" src=\"http:\/\/www.tiszaluc.hu\/images\/stories\/kihelyezs.jpg\" alt=\"kihelyezs.jpg - 107.89 Kb\" width=\"423\" height=\"317\" \/><\/p>\n<p style=\"text-align: center;\"><strong>Sz\u00e1kol\u00e1s, m\u00e9rlegel\u00e9s<\/strong><\/p>\n<p style=\"text-align: center;\"><img loading=\"lazy\" decoding=\"async\" class=\"\" src=\"http:\/\/www.tiszaluc.hu\/images\/stories\/a%20jv%20horgszai.jpg\" alt=\"a jv horgszai.jpg - 131.94 Kb\" width=\"423\" height=\"317\" \/><\/p>\n<p style=\"text-align: center;\"><strong>Egy kos\u00e1rnyi a j\u00f6v\u0151 horg\u00e1szaival&#8230;.. \ud83d\ude42<\/strong><\/p>\n<hr \/>\n<p style=\"text-align: center;\">A Sporthorg\u00e1sz Egyes\u00fclet Tiszal\u00fac\u00a0<strong>2012. \u00e1prilis 16.-\u00e1n\/h\u00e9tf\u0151n\/\u00a0<\/strong><strong>805 kg<\/strong>\u00a0h\u00e1romnyaras pontyot telep\u00edtett N\u00e9gyesi Tam\u00e1s fegyverneki \u0151stermel\u0151 \u00e1llom\u00e1ny\u00e1b\u00f3l az al\u00e1bbi eloszt\u00e1s szerint:<\/p>\n<p style=\"text-align: center;\"><strong>&#8222;Sz\u0171kv\u00edz&#8221; :\u00a0<\/strong>805 kg.<\/p>\n<p style=\"text-align: center;\"><img loading=\"lazy\" decoding=\"async\" class=\"\" src=\"http:\/\/www.tiszaluc.hu\/images\/stories\/szkols.jpg\" alt=\"szkols.jpg - 125.03 Kb\" width=\"417\" height=\"313\" \/><\/p>\n<p style=\"text-align: center;\"><strong>Sz\u00e1kol\u00e1s<\/strong><\/p>\n<p style=\"text-align: center;\"><img loading=\"lazy\" decoding=\"async\" class=\"\" src=\"http:\/\/www.tiszaluc.hu\/images\/stories\/mrlegels.jpg\" alt=\"mrlegels.jpg - 128.01 Kb\" width=\"403\" height=\"302\" \/><\/p>\n<p style=\"text-align: center;\"><strong>M\u00e9rlegel\u00e9s<\/strong><\/p>\n<p style=\"text-align: center;\"><img loading=\"lazy\" decoding=\"async\" class=\"\" src=\"http:\/\/www.tiszaluc.hu\/images\/stories\/horgasz\/vegyes\/fot.jpg\" alt=\"fot.jpg - 131.75 Kb\" width=\"408\" height=\"306\" \/><\/p>\n<p style=\"text-align: center;\"><strong>A viszontl\u00e1t\u00e1s rem\u00e9ny\u00e9ben&#8230;<\/strong><\/p>\n<hr \/>\n<p style=\"text-align: center;\">Sporthorg\u00e1sz Egyes\u00fclet Tiszal\u00fac\u00a0<strong>2012. \u00e1prilis 13.-\u00e1n\/p\u00e9nteken\/\u00a0<\/strong><strong>50.000 db<\/strong>\u00a0el\u0151nevelt csuka ivad\u00e9kot telep\u00edtett az Aranyponty Hal\u00e1szati ZRt. \u00e1llom\u00e1ny\u00e1b\u00f3l az al\u00e1bbi eloszt\u00e1s szerint:<\/p>\n<p style=\"text-align: center;\"><strong>B\u00e1r\u00e1nyszegi \u00fcd\u00fcl\u0151\u00f6vezet :\u00a0<\/strong>10.000 db.<\/p>\n<p style=\"text-align: center;\"><strong>&#8222;Tusk\u00f3s&#8221;:\u00a0<\/strong>5.000 db.<\/p>\n<p style=\"text-align: center;\"><strong>&#8222;Sz\u0171kv\u00edz&#8221; :\u00a0<\/strong>5.000 db.<\/p>\n<p style=\"text-align: center;\"><strong>&#8222;Nagy\u00f6rv\u00e9ny&#8221;:<\/strong>\u00a05.000 db.<\/p>\n<p style=\"text-align: center;\"><strong>\u00dcd\u00fcl\u0151\u00f6vezet :<\/strong>\u00a025.000 db.<\/p>\n<hr \/>\n<p style=\"text-align: center;\">A Sporthorg\u00e1sz Egyes\u00fclet Tiszal\u00fac\u00a0<strong>2012. m\u00e1rcius 27.-\u00e9n\/kedden\/ \u00e9s 28.-\u00e1n\/szerd\u00e1n\/\u00a0<\/strong><strong>1577 kg<\/strong>h\u00e1romnyaras pontyot telep\u00edtett N\u00e9gyesi Tam\u00e1s fegyverneki \u0151stermel\u0151 \u00e1llom\u00e1ny\u00e1b\u00f3l az al\u00e1bbi eloszt\u00e1s szerint:<\/p>\n<p style=\"text-align: center;\"><strong>B\u00e1r\u00e1nyszegi \u00fcd\u00fcl\u0151\u00f6vezet :\u00a0<\/strong>495 kg.<\/p>\n<p style=\"text-align: center;\"><strong>&#8222;Sz\u0171kv\u00edz&#8221; :\u00a0<\/strong>494 kg.<\/p>\n<p style=\"text-align: center;\"><strong>\u00dcd\u00fcl\u0151\u00f6vezet :\u00a0<\/strong>588 kg.<\/p>\n<p style=\"text-align: center;\"><strong><a><img loading=\"lazy\" decoding=\"async\" class=\"\" src=\"http:\/\/www.tiszaluc.hu\/images\/stories\/horgasz\/vegyes\/2.jpg\" alt=\"2.jpg - 143.62 Kb\" width=\"405\" height=\"304\" \/><\/a><\/strong><\/p>\n<p style=\"text-align: center;\"><strong>B\u00e1r\u00e1nyszegi kosaraz\u00e1s<\/strong><\/p>\n<p style=\"text-align: center;\"><strong><a><img loading=\"lazy\" decoding=\"async\" class=\"\" src=\"http:\/\/www.tiszaluc.hu\/images\/stories\/horgasz\/vegyes\/1.jpg\" alt=\"1.jpg - 218.68 Kb\" width=\"435\" height=\"580\" \/><\/a><\/strong><\/p>\n<p style=\"text-align: center;\"><strong>Sz\u00e1kol\u00e1s a B\u00e1r\u00e1nyszegben\u00a0<\/strong><\/p>\n<p style=\"text-align: center;\"><a><img loading=\"lazy\" decoding=\"async\" class=\"\" src=\"http:\/\/www.tiszaluc.hu\/images\/stories\/horgasz\/vegyes\/3.jpg\" alt=\"3.jpg - 122.41 Kb\" width=\"403\" height=\"302\" \/><\/a><\/p>\n<p style=\"text-align: center;\"><strong>Az \u00dcd\u00fcl\u0151\u00f6vezetbe is meg\u00e9rkezett a m\u00e1r nagyon v\u00e1rt sz\u00e1ll\u00edtm\u00e1ny\u00a0<\/strong><\/p>\n<p style=\"text-align: center;\"><a><img loading=\"lazy\" decoding=\"async\" class=\"\" src=\"http:\/\/www.tiszaluc.hu\/images\/stories\/horgasz\/vegyes\/4.jpg\" alt=\"4.jpg - 118.37 Kb\" width=\"404\" height=\"303\" \/><\/a><\/p>\n<p style=\"text-align: center;\"><strong>M\u00e9rlegel\u00e9shez k\u00e9sz\u00fcl\u0151dve<\/strong><\/p>\n<p style=\"text-align: center;\"><a><img loading=\"lazy\" decoding=\"async\" class=\"\" src=\"http:\/\/www.tiszaluc.hu\/images\/stories\/horgasz\/vegyes\/5.jpg\" alt=\"5.jpg - 260.29 Kb\" width=\"405\" height=\"540\" \/><\/a><\/p>\n<p style=\"text-align: center;\"><strong>M\u00e9rlegel\u00e9s<\/strong><\/p>\n<p style=\"text-align: center;\"><a><img loading=\"lazy\" decoding=\"async\" class=\"\" src=\"http:\/\/www.tiszaluc.hu\/images\/stories\/horgasz\/vegyes\/6.jpg\" alt=\"6.jpg - 239.32 Kb\" width=\"423\" height=\"564\" \/><\/a><\/p>\n<p style=\"text-align: center;\"><strong>&#8222;Sz\u0171kv\u00edz&#8221; m\u00e9rlegel\u00e9s<\/strong><\/p>\n<p style=\"text-align: center;\"><a><img loading=\"lazy\" decoding=\"async\" class=\"\" src=\"http:\/\/www.tiszaluc.hu\/images\/stories\/horgasz\/vegyes\/7.jpg\" alt=\"7.jpg - 221.45 Kb\" width=\"404\" height=\"538\" \/><\/a><\/p>\n<p style=\"text-align: center;\"><strong>M\u00e9rlegel\u00e9s<\/strong><\/p>\n<p style=\"text-align: center;\"><a><img loading=\"lazy\" decoding=\"async\" class=\"\" src=\"http:\/\/www.tiszaluc.hu\/images\/stories\/horgasz\/vegyes\/8.jpg\" alt=\"8.jpg - 199.81 Kb\" width=\"408\" height=\"544\" \/><\/a><\/p>\n<p style=\"text-align: center;\"><strong>Kosaraz\u00e1s a &#8222;Sz\u0171kv\u00edzen&#8221;\u00a0<\/strong><\/p>\n<p style=\"text-align: center;\"><a><img loading=\"lazy\" decoding=\"async\" class=\"\" src=\"http:\/\/www.tiszaluc.hu\/images\/stories\/horgasz\/vegyes\/10.jpg\" alt=\"10.jpg - 139.07 Kb\" width=\"404\" height=\"303\" \/><\/a><\/p>\n<p style=\"text-align: center;\"><strong>Sz\u00e1kol\u00e1s a &#8222;Sz\u0171kv\u00edzen&#8221;<\/strong><\/p>\n<p style=\"text-align: center;\"><a><img loading=\"lazy\" decoding=\"async\" class=\"\" src=\"http:\/\/www.tiszaluc.hu\/images\/stories\/horgasz\/vegyes\/11.jpg\" alt=\"11.jpg - 113.00 Kb\" width=\"403\" height=\"302\" \/><\/a><\/p>\n<p style=\"text-align: center;\"><strong>Egy kos\u00e1rnyi<\/strong><\/p>\n<p style=\"text-align: center;\"><a><img loading=\"lazy\" decoding=\"async\" class=\"\" src=\"http:\/\/www.tiszaluc.hu\/images\/stories\/horgasz\/vegyes\/9.jpg\" alt=\"9.jpg - 117.93 Kb\" width=\"404\" height=\"303\" \/><\/a><\/p>\n<p style=\"text-align: center;\"><strong>Volt ok az \u00f6r\u00f6mre<\/strong><\/p>\n","protected":false},"excerpt":{"rendered":"<p>52012. A Sporthorg\u00e1sz Egyes\u00fclet Tiszal\u00fac\u00a02012. szeptember 18.-\u00e1n\/kedden\/\u00a0735\u00a0kg\u00a0h\u00e1romnyaras pontyot telep\u00edtett N\u00e9gyesi Tam\u00e1s fegyverneki \u0151stermel\u0151 \u00e1llom\u00e1ny\u00e1b\u00f3l az al\u00e1bbi eloszt\u00e1s szerint: &#8222;Krappai zsilip&#8221;:\u00a0345\u00a0kg. &#8222;Nagy\u00f6rv\u00e9ny&#8221;:\u00a0390 kg. A Sporthorg\u00e1sz Egyes\u00fclet Tiszal\u00fac\u00a02012. augusztus 15.-\u00e9n\/szerd\u00e1n\/\u00a0735\u00a0kg\u00a0h\u00e1romnyaras pontyot telep\u00edtett N\u00e9gyesi Tam\u00e1s fegyverneki \u0151stermel\u0151 \u00e1llom\u00e1ny\u00e1b\u00f3l az al\u00e1bbi eloszt\u00e1s szerint: &#8222;Krappai &hellip; <a href=\"https:\/\/tiszalucihorgasz.hu\/index.php\/telepitesi-informaciok\/telepites-2012\/\">Egy kattint\u00e1s ide a folytat\u00e1shoz&#8230;. <span class=\"meta-nav\">&rarr;<\/span><\/a><\/p>\n","protected":false},"author":1,"featured_media":0,"parent":98,"menu_order":19,"comment_status":"closed","ping_status":"closed","template":"","meta":{"footnotes":""},"class_list":["post-102","page","type-page","status-publish","hentry"],"_links":{"self":[{"href":"https:\/\/tiszalucihorgasz.hu\/index.php\/wp-json\/wp\/v2\/pages\/102","targetHints":{"allow":["GET"]}}],"collection":[{"href":"https:\/\/tiszalucihorgasz.hu\/index.php\/wp-json\/wp\/v2\/pages"}],"about":[{"href":"https:\/\/tiszalucihorgasz.hu\/index.php\/wp-json\/wp\/v2\/types\/page"}],"author":[{"embeddable":true,"href":"https:\/\/tiszalucihorgasz.hu\/index.php\/wp-json\/wp\/v2\/users\/1"}],"replies":[{"embeddable":true,"href":"https:\/\/tiszalucihorgasz.hu\/index.php\/wp-json\/wp\/v2\/comments?post=102"}],"version-history":[{"count":3,"href":"https:\/\/tiszalucihorgasz.hu\/index.php\/wp-json\/wp\/v2\/pages\/102\/revisions"}],"predecessor-version":[{"id":562,"href":"https:\/\/tiszalucihorgasz.hu\/index.php\/wp-json\/wp\/v2\/pages\/102\/revisions\/562"}],"up":[{"embeddable":true,"href":"https:\/\/tiszalucihorgasz.hu\/index.php\/wp-json\/wp\/v2\/pages\/98"}],"wp:attachment":[{"href":"https:\/\/tiszalucihorgasz.hu\/index.php\/wp-json\/wp\/v2\/media?parent=102"}],"curies":[{"name":"wp","href":"https:\/\/api.w.org\/{rel}","templated":true}]}}