{"id":100,"date":"2016-04-22T14:03:51","date_gmt":"2016-04-22T12:03:51","guid":{"rendered":"https:\/\/tiszalucihorgasz.hu\/?page_id=100"},"modified":"2023-11-15T11:01:44","modified_gmt":"2023-11-15T10:01:44","slug":"telepites-2011","status":"publish","type":"page","link":"https:\/\/tiszalucihorgasz.hu\/index.php\/telepitesi-informaciok\/telepites-2011\/","title":{"rendered":"Telep\u00edt\u00e9s 2011"},"content":{"rendered":"<h1 style=\"text-align: center;\">2011.<\/h1>\n<p>2011. j\u00fanius 14.-\u00e9n 5 q egynyaras csuka \u00e9s 2 q h\u00e1romnyaras ponty ker\u00fclt kihelyez\u00e9sre a D\u00e9l-Borsodi Agr\u00e1r Kft. \/Gelej\/ \u00e1llom\u00e1ny\u00e1b\u00f3l.<\/p>\n<p style=\"text-align: justify;\">2011. \u00e1prilis 05.-\u00e9n 15 q h\u00e1romnyaras ponty ker\u00fclt kihelyez\u00e9sre a D\u00e9l-Borsodi Agr\u00e1r Kft. \/Gelej\/ \u00e1llom\u00e1ny\u00e1b\u00f3l.<\/p>\n<p><a><img decoding=\"async\" class=\"aligncenter\" src=\"http:\/\/www.tiszaluc.hu\/images\/stories\/megrkezett.jpg\" alt=\"megrkezett.jpg - 245.20 Kb\" \/><\/a><\/p>\n<p style=\"text-align: center;\">Meg\u00e9rkezett a sz\u00e1ll\u00edtm\u00e1ny<\/p>\n<p style=\"text-align: center;\"><a><img decoding=\"async\" src=\"http:\/\/www.tiszaluc.hu\/images\/stories\/leereszts.jpg\" alt=\"leereszts.jpg - 245.36 Kb\" \/><\/a><\/p>\n<p style=\"text-align: center;\">Leereszt\u00e9s az \u00fcd\u00fcl\u0151telepn\u00e9l<\/p>\n<p style=\"text-align: center;\"><a><img decoding=\"async\" src=\"http:\/\/www.tiszaluc.hu\/images\/stories\/leereszts2.jpg\" alt=\"leereszts2.jpg - 257.82 Kb\" \/><\/a><\/p>\n<p style=\"text-align: center;\">Leereszt\u00e9s a B\u00e1r\u00e1nyszegben<\/p>\n<p style=\"text-align: center;\"><a><img decoding=\"async\" src=\"http:\/\/www.tiszaluc.hu\/images\/stories\/egy%20a%20kb%201200%20db-bl.jpg\" alt=\"egy a kb 1200 db-bl.jpg - 204.11 Kb\" \/><\/a><\/p>\n<p style=\"text-align: center;\">Egy a kb. 1200 darabb\u00f3l&#8230;<\/p>\n","protected":false},"excerpt":{"rendered":"<p>2011. 2011. j\u00fanius 14.-\u00e9n 5 q egynyaras csuka \u00e9s 2 q h\u00e1romnyaras ponty ker\u00fclt kihelyez\u00e9sre a D\u00e9l-Borsodi Agr\u00e1r Kft. \/Gelej\/ \u00e1llom\u00e1ny\u00e1b\u00f3l. 2011. \u00e1prilis 05.-\u00e9n 15 q h\u00e1romnyaras ponty ker\u00fclt kihelyez\u00e9sre a D\u00e9l-Borsodi Agr\u00e1r Kft. \/Gelej\/ \u00e1llom\u00e1ny\u00e1b\u00f3l. Meg\u00e9rkezett a sz\u00e1ll\u00edtm\u00e1ny Leereszt\u00e9s &hellip; <a href=\"https:\/\/tiszalucihorgasz.hu\/index.php\/telepitesi-informaciok\/telepites-2011\/\">Egy kattint\u00e1s ide a folytat\u00e1shoz&#8230;. <span class=\"meta-nav\">&rarr;<\/span><\/a><\/p>\n","protected":false},"author":1,"featured_media":0,"parent":98,"menu_order":20,"comment_status":"closed","ping_status":"closed","template":"","meta":{"footnotes":""},"class_list":["post-100","page","type-page","status-publish","hentry"],"_links":{"self":[{"href":"https:\/\/tiszalucihorgasz.hu\/index.php\/wp-json\/wp\/v2\/pages\/100","targetHints":{"allow":["GET"]}}],"collection":[{"href":"https:\/\/tiszalucihorgasz.hu\/index.php\/wp-json\/wp\/v2\/pages"}],"about":[{"href":"https:\/\/tiszalucihorgasz.hu\/index.php\/wp-json\/wp\/v2\/types\/page"}],"author":[{"embeddable":true,"href":"https:\/\/tiszalucihorgasz.hu\/index.php\/wp-json\/wp\/v2\/users\/1"}],"replies":[{"embeddable":true,"href":"https:\/\/tiszalucihorgasz.hu\/index.php\/wp-json\/wp\/v2\/comments?post=100"}],"version-history":[{"count":2,"href":"https:\/\/tiszalucihorgasz.hu\/index.php\/wp-json\/wp\/v2\/pages\/100\/revisions"}],"predecessor-version":[{"id":119,"href":"https:\/\/tiszalucihorgasz.hu\/index.php\/wp-json\/wp\/v2\/pages\/100\/revisions\/119"}],"up":[{"embeddable":true,"href":"https:\/\/tiszalucihorgasz.hu\/index.php\/wp-json\/wp\/v2\/pages\/98"}],"wp:attachment":[{"href":"https:\/\/tiszalucihorgasz.hu\/index.php\/wp-json\/wp\/v2\/media?parent=100"}],"curies":[{"name":"wp","href":"https:\/\/api.w.org\/{rel}","templated":true}]}}